{"id":288,"date":"2019-04-30T15:36:03","date_gmt":"2019-04-30T15:36:03","guid":{"rendered":"https:\/\/reuniwatt.com\/de\/?page_id=288"},"modified":"2025-05-07T11:14:01","modified_gmt":"2025-05-07T11:14:01","slug":"ueber-uns","status":"publish","type":"page","link":"https:\/\/reuniwatt.com\/de\/ueber-uns\/","title":{"rendered":"\u00dcber Uns"},"content":{"rendered":"<p><div class=\"fusion-fullwidth fullwidth-box fusion-builder-row-1 fusion-flex-container nonhundred-percent-fullwidth non-hundred-percent-height-scrolling\" style=\"--awb-border-radius-top-left:0px;--awb-border-radius-top-right:0px;--awb-border-radius-bottom-right:0px;--awb-border-radius-bottom-left:0px;--awb-margin-bottom:30px;--awb-flex-wrap:wrap;\" ><div class=\"fusion-builder-row fusion-row fusion-flex-align-items-flex-start fusion-flex-content-wrap\" style=\"max-width:1144px;margin-left: calc(-4% \/ 2 );margin-right: calc(-4% \/ 2 );\"><div class=\"fusion-layout-column fusion_builder_column fusion-builder-column-0 fusion_builder_column_1_1 1_1 fusion-flex-column\" style=\"--awb-bg-size:cover;--awb-width-large:100%;--awb-margin-top-large:0px;--awb-spacing-right-large:1.92%;--awb-margin-bottom-large:0px;--awb-spacing-left-large:1.92%;--awb-width-medium:100%;--awb-spacing-right-medium:1.92%;--awb-spacing-left-medium:1.92%;--awb-width-small:100%;--awb-spacing-right-small:1.92%;--awb-spacing-left-small:1.92%;\"><div class=\"fusion-column-wrapper fusion-flex-justify-content-flex-start fusion-content-layout-column\"><div class=\"fusion-text fusion-text-1\" style=\"--awb-font-size:18px;--awb-text-color:#000000;--awb-text-font-family:&quot;Montserrat&quot;;--awb-text-font-style:normal;--awb-text-font-weight:400;\"><p class=\"intro\">Reuniwatt ist ein f\u00fchrendes Unternehmen im Bereich Atmosph\u00e4renwissenschaften und Solarstromprognose und eine global t\u00e4tige Firma im Bereich Energiemeteorologie. Auf Basis fundierter Forschungsarbeit bietet die Firma zuverl\u00e4ssige professionelle Dienstleistungen f\u00fcr unterschiedliche Anwendungen.<\/p>\n<\/div><\/div><\/div><\/div><\/div><div class=\"fusion-fullwidth fullwidth-box fusion-builder-row-2 fusion-flex-container has-pattern-background has-mask-background nonhundred-percent-fullwidth non-hundred-percent-height-scrolling\" style=\"--awb-border-radius-top-left:0px;--awb-border-radius-top-right:0px;--awb-border-radius-bottom-right:0px;--awb-border-radius-bottom-left:0px;--awb-margin-top:30px;--awb-margin-bottom:30px;--awb-min-height:300px;--awb-flex-wrap:wrap;\" ><div class=\"fusion-builder-row fusion-row fusion-flex-align-items-center fusion-flex-justify-content-center fusion-flex-content-wrap\" style=\"max-width:1144px;margin-left: calc(-4% \/ 2 );margin-right: calc(-4% \/ 2 );\"><div class=\"fusion-layout-column fusion_builder_column fusion-builder-column-1 fusion_builder_column_2_5 2_5 fusion-flex-column\" style=\"--awb-bg-position:center center;--awb-bg-size:cover;--awb-width-large:40%;--awb-margin-top-large:0px;--awb-spacing-right-large:4.8%;--awb-margin-bottom-large:20px;--awb-spacing-left-large:4.8%;--awb-width-medium:40%;--awb-order-medium:0;--awb-spacing-right-medium:4.8%;--awb-spacing-left-medium:4.8%;--awb-width-small:100%;--awb-order-small:0;--awb-spacing-right-small:1.92%;--awb-spacing-left-small:1.92%;\"><div class=\"fusion-column-wrapper fusion-column-has-shadow fusion-flex-justify-content-flex-start fusion-content-layout-column\"><div class=\"fusion-image-element \" style=\"--awb-caption-title-font-family:var(--h2_typography-font-family);--awb-caption-title-font-weight:var(--h2_typography-font-weight);--awb-caption-title-font-style:var(--h2_typography-font-style);--awb-caption-title-size:var(--h2_typography-font-size);--awb-caption-title-transform:var(--h2_typography-text-transform);--awb-caption-title-line-height:var(--h2_typography-line-height);--awb-caption-title-letter-spacing:var(--h2_typography-letter-spacing);\"><span class=\" fusion-imageframe imageframe-none imageframe-1 hover-type-none fusion-animated\" data-animationType=\"slideInLeft\" data-animationDuration=\"1.5\" data-animationOffset=\"top-into-view\"><img decoding=\"async\" src=\"https:\/\/reuniwatt.com\/en\/wp-content\/uploads\/sites\/3\/2018\/08\/19489242119_a57b4f30a7_o-1024x678.jpg\" alt class=\"img-responsive\"\/><\/span><\/div><\/div><\/div><div class=\"fusion-layout-column fusion_builder_column fusion-builder-column-2 fusion_builder_column_3_5 3_5 fusion-flex-column\" style=\"--awb-bg-size:cover;--awb-width-large:60%;--awb-margin-top-large:0px;--awb-spacing-right-large:3.2%;--awb-margin-bottom-large:0px;--awb-spacing-left-large:3.2%;--awb-width-medium:60%;--awb-order-medium:0;--awb-spacing-right-medium:3.2%;--awb-spacing-left-medium:3.2%;--awb-width-small:100%;--awb-order-small:0;--awb-spacing-right-small:1.92%;--awb-spacing-left-small:1.92%;\" data-scroll-devices=\"small-visibility,medium-visibility,large-visibility\"><div class=\"fusion-column-wrapper fusion-column-has-shadow fusion-flex-justify-content-flex-start fusion-content-layout-column\"><div class=\"fusion-text fusion-text-2\"><div style=\"text-align: center;\">\n<h2 style=\"text-align: left;\"><strong>F\u00fchrend im Bereich Wolkenbeobachtung &amp; Solarstromprognose<\/strong><\/h2>\n<p style=\"text-align: left;\">Unter der Sonne von La R\u00e9union geboren, ist Reuniwatt heute ein f\u00fchrendes Unternehmen im Bereich Wolkenbeobachtung und Prognose. Basierend auf starken Investments in F&amp;E, bieten wir zuverl\u00e4ssige Produkte und Dienstleistungen f\u00fcr verschiedene Bereiche, wie Erneuerbare Energien und Atmosph\u00e4renwissenschaften.<\/p>\n<p style=\"text-align: left;\">Reuniwatt legt einen besonderen Schwerpunkt auf die Solarstromprognose. Wir entwickeln innovative L\u00f6sungen um die kurzfristige Vorhersagbarkeit in der Solarstromerzeugung zu verbessern.<\/p>\n<\/div>\n<\/div><\/div><\/div><\/div><\/div><div class=\"fusion-fullwidth fullwidth-box fusion-builder-row-3 fusion-flex-container has-pattern-background has-mask-background nonhundred-percent-fullwidth non-hundred-percent-height-scrolling\" style=\"--awb-border-radius-top-left:0px;--awb-border-radius-top-right:0px;--awb-border-radius-bottom-right:0px;--awb-border-radius-bottom-left:0px;--awb-margin-top:30px;--awb-margin-bottom:30px;--awb-min-height:300px;--awb-flex-wrap:wrap;\" ><div class=\"fusion-builder-row fusion-row fusion-flex-align-items-center fusion-flex-justify-content-center fusion-flex-content-wrap\" style=\"max-width:1144px;margin-left: calc(-4% \/ 2 );margin-right: calc(-4% \/ 2 );\"><div class=\"fusion-layout-column fusion_builder_column fusion-builder-column-3 fusion_builder_column_3_5 3_5 fusion-flex-column\" style=\"--awb-bg-size:cover;--awb-width-large:60%;--awb-margin-top-large:0px;--awb-spacing-right-large:3.2%;--awb-margin-bottom-large:0px;--awb-spacing-left-large:3.2%;--awb-width-medium:60%;--awb-order-medium:0;--awb-spacing-right-medium:3.2%;--awb-spacing-left-medium:3.2%;--awb-width-small:100%;--awb-order-small:0;--awb-spacing-right-small:1.92%;--awb-spacing-left-small:1.92%;\" data-scroll-devices=\"small-visibility,medium-visibility,large-visibility\"><div class=\"fusion-column-wrapper fusion-column-has-shadow fusion-flex-justify-content-flex-start fusion-content-layout-column\"><div class=\"fusion-text fusion-text-3\"><div style=\"text-align: center;\">\n<h2 style=\"text-align: left;\"><strong>Unsere Mission<\/strong><\/h2>\n<p style=\"text-align: left;\">Unser Ziel ist es, bei einer nachhaltigeren Entwicklung f\u00fcr unsere Zukunft mitzuhelfen und L\u00f6sungen im Hinblick auf den Klimawandel zu bieten. Wir glauben, dass die Weiterentwicklung der Erneuerbaren Energien ein Schl\u00fcsselfaktor bei dieser Aufgabe ist \u2013 darum arbeiten wir an L\u00f6sungen f\u00fcr deren weitreichende und sichere Integration in die Stromnetze.<br \/>\nUnsere Arbeit an der Seite unserer Kunden und Partner wird langfristig Bestand haben. Unser Wunsch ist es, gemeinsam erfolgreich zu sein, und dabei die lokale Industrie zu unterst\u00fctzen indem wir vor Ort Kompetenzen weiterentwickeln und unterst\u00fctzen.<\/p>\n<p style=\"text-align: left;\">Innovation ist die Basis unserer Strategie. Mit wegweisenden Ideen wollen wir unsere Agenda umsetzen.<\/p>\n<\/div>\n<\/div><\/div><\/div><div class=\"fusion-layout-column fusion_builder_column fusion-builder-column-4 fusion_builder_column_2_5 2_5 fusion-flex-column fusion-animated\" style=\"--awb-bg-position:left center;--awb-bg-size:cover;--awb-width-large:40%;--awb-margin-top-large:0px;--awb-spacing-right-large:4.8%;--awb-margin-bottom-large:20px;--awb-spacing-left-large:4.8%;--awb-width-medium:40%;--awb-order-medium:0;--awb-spacing-right-medium:4.8%;--awb-spacing-left-medium:4.8%;--awb-width-small:100%;--awb-order-small:0;--awb-spacing-right-small:1.92%;--awb-spacing-left-small:1.92%;\" data-animationType=\"slideInRight\" data-animationDuration=\"1.5\" data-animationOffset=\"top-into-view\"><div class=\"fusion-column-wrapper fusion-column-has-shadow fusion-flex-justify-content-flex-start fusion-content-layout-column\"><div class=\"fusion-image-element \" style=\"text-align:center;--awb-caption-title-font-family:var(--h2_typography-font-family);--awb-caption-title-font-weight:var(--h2_typography-font-weight);--awb-caption-title-font-style:var(--h2_typography-font-style);--awb-caption-title-size:var(--h2_typography-font-size);--awb-caption-title-transform:var(--h2_typography-text-transform);--awb-caption-title-line-height:var(--h2_typography-line-height);--awb-caption-title-letter-spacing:var(--h2_typography-letter-spacing);\"><span class=\" fusion-imageframe imageframe-none imageframe-2 hover-type-none fusion-animated\" data-animationType=\"fadeIn\" data-animationDuration=\"1.5\" data-animationOffset=\"top-into-view\"><img decoding=\"async\" width=\"400\" height=\"282\" alt=\"Mann guckt in Wolken Himmel\" title=\"Mann-guckt-in-Wolken-Himmel\" src=\"https:\/\/reuniwatt.com\/de\/wp-content\/uploads\/sites\/4\/2024\/08\/Mann-guckt-in-Wolken-Himmel.jpg\" class=\"img-responsive wp-image-8035\" srcset=\"https:\/\/reuniwatt.com\/de\/wp-content\/uploads\/sites\/4\/2024\/08\/Mann-guckt-in-Wolken-Himmel-200x141.jpg 200w, https:\/\/reuniwatt.com\/de\/wp-content\/uploads\/sites\/4\/2024\/08\/Mann-guckt-in-Wolken-Himmel.jpg 400w\" sizes=\"(max-width: 640px) 100vw, 400px\" \/><\/span><\/div><\/div><\/div><\/div><\/div><div class=\"fusion-fullwidth fullwidth-box fusion-builder-row-4 fusion-flex-container nonhundred-percent-fullwidth non-hundred-percent-height-scrolling\" style=\"--awb-border-radius-top-left:0px;--awb-border-radius-top-right:0px;--awb-border-radius-bottom-right:0px;--awb-border-radius-bottom-left:0px;--awb-overflow:visible;--awb-padding-top:30px;--awb-padding-right:30px;--awb-padding-bottom:30px;--awb-padding-left:30px;--awb-background-color:#dddddd;--awb-flex-wrap:wrap;\" ><div class=\"fusion-builder-row fusion-row fusion-flex-align-items-flex-start fusion-flex-content-wrap\" style=\"max-width:1144px;margin-left: calc(-4% \/ 2 );margin-right: calc(-4% \/ 2 );\"><div class=\"fusion-layout-column fusion_builder_column fusion-builder-column-5 fusion_builder_column_1_1 1_1 fusion-flex-column\" style=\"--awb-bg-size:cover;--awb-width-large:100%;--awb-margin-top-large:0px;--awb-spacing-right-large:1.92%;--awb-margin-bottom-large:0px;--awb-spacing-left-large:1.92%;--awb-width-medium:100%;--awb-spacing-right-medium:1.92%;--awb-spacing-left-medium:1.92%;--awb-width-small:100%;--awb-spacing-right-small:1.92%;--awb-spacing-left-small:1.92%;\"><div class=\"fusion-column-wrapper fusion-flex-justify-content-flex-start fusion-content-layout-column\"><div class=\"fusion-text fusion-text-4\"><h2><strong>Unsere Partnerschaften im Bereich Forschung und Entwicklung<\/strong><\/h2>\n<\/div><div class=\"fusion-image-carousel fusion-image-carousel-fixed fusion-image-carousel-1\"><div class=\"awb-carousel awb-swiper awb-swiper-carousel awb-carousel--carousel awb-swiper-dots-position-bottom\" data-layout=\"carousel\" data-autoplay=\"no\" data-autoplayspeed=\"2500\" data-autoplaypause=\"no\" data-loop=\"yes\" data-columns=\"5\" data-columnsmedium=\"1\" data-columnssmall=\"1\" data-itemmargin=\"13\" data-itemwidth=\"180\" data-touchscroll=\"no\" data-freemode=\"no\" data-imagesize=\"fixed\" data-scrollitems=\"0\" data-centeredslides=\"no\" data-rotationangle=\"50\" data-depth=\"100\" data-speed=\"500\" data-shadow=\"no\" data-pagination=\"bullets\"><div class=\"swiper-wrapper awb-image-carousel-wrapper fusion-flex-align-items-center\"><div class=\"swiper-slide\"><div class=\"fusion-carousel-item-wrapper\"><div class=\"fusion-image-wrapper hover-type-zoomin\"><img decoding=\"async\" width=\"320\" height=\"202\" src=\"https:\/\/reuniwatt.com\/de\/wp-content\/uploads\/sites\/4\/2025\/05\/NOAA_Logo-320x202.webp\" class=\"attachment-blog-medium size-blog-medium\" alt=\"NOAA Logo\" \/><\/div><\/div><\/div><div class=\"swiper-slide\"><div class=\"fusion-carousel-item-wrapper\"><div class=\"fusion-image-wrapper hover-type-zoomin\"><img decoding=\"async\" width=\"320\" height=\"202\" src=\"https:\/\/reuniwatt.com\/de\/wp-content\/uploads\/sites\/4\/2025\/05\/CNRS_Logo-320x202.webp\" class=\"attachment-blog-medium size-blog-medium\" alt=\"CNRS Logo\" \/><\/div><\/div><\/div><div class=\"swiper-slide\"><div class=\"fusion-carousel-item-wrapper\"><div class=\"fusion-image-wrapper hover-type-zoomin\"><img decoding=\"async\" width=\"320\" height=\"202\" src=\"https:\/\/reuniwatt.com\/de\/wp-content\/uploads\/sites\/4\/2025\/05\/CNES_Logo-320x202.webp\" class=\"attachment-blog-medium size-blog-medium\" alt=\"CNES Logo\" \/><\/div><\/div><\/div><div class=\"swiper-slide\"><div class=\"fusion-carousel-item-wrapper\"><div class=\"fusion-image-wrapper hover-type-zoomin\"><img decoding=\"async\" width=\"320\" height=\"202\" src=\"https:\/\/reuniwatt.com\/de\/wp-content\/uploads\/sites\/4\/2025\/05\/DWD_Logo-320x202.webp\" class=\"attachment-blog-medium size-blog-medium\" alt=\"DWD Logo\" \/><\/div><\/div><\/div><div class=\"swiper-slide\"><div class=\"fusion-carousel-item-wrapper\"><div class=\"fusion-image-wrapper hover-type-zoomin\"><img decoding=\"async\" width=\"300\" height=\"200\" src=\"https:\/\/reuniwatt.com\/de\/wp-content\/uploads\/sites\/4\/2025\/05\/logo_labo_latmos.webp\" class=\"attachment-blog-medium size-blog-medium\" alt=\"LATMOS Logo\" srcset=\"https:\/\/reuniwatt.com\/de\/wp-content\/uploads\/sites\/4\/2025\/05\/logo_labo_latmos-200x133.webp 200w, https:\/\/reuniwatt.com\/de\/wp-content\/uploads\/sites\/4\/2025\/05\/logo_labo_latmos.webp 300w\" sizes=\"(min-width: 2200px) 100vw, (min-width: 928px) 210px, (min-width: 856px) 262px, (min-width: 784px) 349px, (min-width: 712px) 524px, (min-width: 640px) 712px, \" \/><\/div><\/div><\/div><div class=\"swiper-slide\"><div class=\"fusion-carousel-item-wrapper\"><div class=\"fusion-image-wrapper hover-type-zoomin\"><img decoding=\"async\" width=\"320\" height=\"202\" src=\"https:\/\/reuniwatt.com\/de\/wp-content\/uploads\/sites\/4\/2025\/05\/KIT_Logo-320x202.webp\" class=\"attachment-blog-medium size-blog-medium\" alt=\"KIT Logo\" \/><\/div><\/div><\/div><div class=\"swiper-slide\"><div class=\"fusion-carousel-item-wrapper\"><div class=\"fusion-image-wrapper hover-type-zoomin\"><img decoding=\"async\" width=\"320\" height=\"202\" src=\"https:\/\/reuniwatt.com\/de\/wp-content\/uploads\/sites\/4\/2025\/05\/ObervatoireCoteDAzur_Logo-320x202.webp\" class=\"attachment-blog-medium size-blog-medium\" alt=\"Obervatoire Cote D&#039;Azur Logo\" \/><\/div><\/div><\/div><div class=\"swiper-slide\"><div class=\"fusion-carousel-item-wrapper\"><div class=\"fusion-image-wrapper hover-type-zoomin\"><img decoding=\"async\" width=\"320\" height=\"202\" src=\"https:\/\/reuniwatt.com\/de\/wp-content\/uploads\/sites\/4\/2025\/05\/IGE_Logo-320x202.webp\" class=\"attachment-blog-medium size-blog-medium\" alt=\"IGE Logo\" \/><\/div><\/div><\/div><div class=\"swiper-slide\"><div class=\"fusion-carousel-item-wrapper\"><div class=\"fusion-image-wrapper hover-type-zoomin\"><img decoding=\"async\" width=\"320\" height=\"202\" src=\"https:\/\/reuniwatt.com\/de\/wp-content\/uploads\/sites\/4\/2025\/05\/PoliMi_Logo-320x202.webp\" class=\"attachment-blog-medium size-blog-medium\" alt=\"Politecnico di Milano Logo\" \/><\/div><\/div><\/div><div class=\"swiper-slide\"><div class=\"fusion-carousel-item-wrapper\"><div class=\"fusion-image-wrapper hover-type-zoomin\"><img decoding=\"async\" width=\"320\" height=\"202\" src=\"https:\/\/reuniwatt.com\/de\/wp-content\/uploads\/sites\/4\/2025\/05\/CzechGlobe_Logo-320x202.webp\" class=\"attachment-blog-medium size-blog-medium\" alt=\"CzechGlobe Logo\" \/><\/div><\/div><\/div><\/div><div class=\"awb-swiper-button awb-swiper-button-prev\"><i class=\"awb-icon-angle-left\" aria-hidden=\"true\"><\/i><\/div><div class=\"awb-swiper-button awb-swiper-button-next\"><i class=\"awb-icon-angle-right\" aria-hidden=\"true\"><\/i><\/div><\/div><\/div><div class=\"fusion-text fusion-text-5\"><h2><strong>Unsere Unterst\u00fctzer<\/strong><\/h2>\n<\/div><div class=\"fusion-image-carousel fusion-image-carousel-fixed fusion-image-carousel-2\"><div class=\"awb-carousel awb-swiper awb-swiper-carousel awb-carousel--carousel awb-swiper-dots-position-bottom\" data-layout=\"carousel\" data-autoplay=\"no\" data-autoplayspeed=\"2500\" data-autoplaypause=\"no\" data-loop=\"yes\" data-columns=\"5\" data-columnsmedium=\"1\" data-columnssmall=\"1\" data-itemmargin=\"13\" data-itemwidth=\"180\" data-touchscroll=\"no\" data-freemode=\"no\" data-imagesize=\"fixed\" data-scrollitems=\"0\" data-centeredslides=\"no\" data-rotationangle=\"50\" data-depth=\"100\" data-speed=\"500\" data-shadow=\"no\" data-pagination=\"bullets\"><div class=\"swiper-wrapper awb-image-carousel-wrapper fusion-flex-align-items-center\"><div class=\"swiper-slide\"><div class=\"fusion-carousel-item-wrapper\"><div class=\"fusion-image-wrapper hover-type-zoomin\"><img decoding=\"async\" width=\"300\" height=\"200\" src=\"https:\/\/reuniwatt.com\/de\/wp-content\/uploads\/sites\/4\/2025\/05\/1_investissements-davenir.png\" class=\"attachment-blog-medium size-blog-medium\" alt=\"\" srcset=\"https:\/\/reuniwatt.com\/de\/wp-content\/uploads\/sites\/4\/2025\/05\/1_investissements-davenir-200x133.png 200w, https:\/\/reuniwatt.com\/de\/wp-content\/uploads\/sites\/4\/2025\/05\/1_investissements-davenir.png 300w\" sizes=\"(min-width: 2200px) 100vw, (min-width: 928px) 210px, (min-width: 856px) 262px, (min-width: 784px) 349px, (min-width: 712px) 524px, (min-width: 640px) 712px, \" \/><\/div><\/div><\/div><div class=\"swiper-slide\"><div class=\"fusion-carousel-item-wrapper\"><div class=\"fusion-image-wrapper hover-type-zoomin\"><img decoding=\"async\" width=\"300\" height=\"200\" src=\"https:\/\/reuniwatt.com\/de\/wp-content\/uploads\/sites\/4\/2025\/05\/2_Region-Reunion.png\" class=\"attachment-blog-medium size-blog-medium\" alt=\"R\u00e9gion R\u00e9union\" srcset=\"https:\/\/reuniwatt.com\/de\/wp-content\/uploads\/sites\/4\/2025\/05\/2_Region-Reunion-200x133.png 200w, https:\/\/reuniwatt.com\/de\/wp-content\/uploads\/sites\/4\/2025\/05\/2_Region-Reunion.png 300w\" sizes=\"(min-width: 2200px) 100vw, (min-width: 928px) 210px, (min-width: 856px) 262px, (min-width: 784px) 349px, (min-width: 712px) 524px, (min-width: 640px) 712px, \" \/><\/div><\/div><\/div><div class=\"swiper-slide\"><div class=\"fusion-carousel-item-wrapper\"><div class=\"fusion-image-wrapper hover-type-zoomin\"><img decoding=\"async\" width=\"300\" height=\"200\" src=\"https:\/\/reuniwatt.com\/de\/wp-content\/uploads\/sites\/4\/2025\/05\/3_feder.png\" class=\"attachment-blog-medium size-blog-medium\" alt=\"Feder\" srcset=\"https:\/\/reuniwatt.com\/de\/wp-content\/uploads\/sites\/4\/2025\/05\/3_feder-200x133.png 200w, https:\/\/reuniwatt.com\/de\/wp-content\/uploads\/sites\/4\/2025\/05\/3_feder.png 300w\" sizes=\"(min-width: 2200px) 100vw, (min-width: 928px) 210px, (min-width: 856px) 262px, (min-width: 784px) 349px, (min-width: 712px) 524px, (min-width: 640px) 712px, \" \/><\/div><\/div><\/div><div class=\"swiper-slide\"><div class=\"fusion-carousel-item-wrapper\"><div class=\"fusion-image-wrapper hover-type-zoomin\"><img decoding=\"async\" width=\"300\" height=\"200\" src=\"https:\/\/reuniwatt.com\/de\/wp-content\/uploads\/sites\/4\/2025\/05\/4_Europe.png\" class=\"attachment-blog-medium size-blog-medium\" alt=\"\" srcset=\"https:\/\/reuniwatt.com\/de\/wp-content\/uploads\/sites\/4\/2025\/05\/4_Europe-200x133.png 200w, https:\/\/reuniwatt.com\/de\/wp-content\/uploads\/sites\/4\/2025\/05\/4_Europe.png 300w\" sizes=\"(min-width: 2200px) 100vw, (min-width: 928px) 210px, (min-width: 856px) 262px, (min-width: 784px) 349px, (min-width: 712px) 524px, (min-width: 640px) 712px, \" \/><\/div><\/div><\/div><div class=\"swiper-slide\"><div class=\"fusion-carousel-item-wrapper\"><div class=\"fusion-image-wrapper hover-type-zoomin\"><img decoding=\"async\" width=\"300\" height=\"200\" src=\"https:\/\/reuniwatt.com\/de\/wp-content\/uploads\/sites\/4\/2025\/05\/5_FT120.png\" class=\"attachment-blog-medium size-blog-medium\" alt=\"\" srcset=\"https:\/\/reuniwatt.com\/de\/wp-content\/uploads\/sites\/4\/2025\/05\/5_FT120-200x133.png 200w, https:\/\/reuniwatt.com\/de\/wp-content\/uploads\/sites\/4\/2025\/05\/5_FT120.png 300w\" sizes=\"(min-width: 2200px) 100vw, (min-width: 928px) 210px, (min-width: 856px) 262px, (min-width: 784px) 349px, (min-width: 712px) 524px, (min-width: 640px) 712px, \" \/><\/div><\/div><\/div><div class=\"swiper-slide\"><div class=\"fusion-carousel-item-wrapper\"><div class=\"fusion-image-wrapper hover-type-zoomin\"><img decoding=\"async\" width=\"300\" height=\"200\" src=\"https:\/\/reuniwatt.com\/de\/wp-content\/uploads\/sites\/4\/2025\/05\/6_CIPIA.png\" class=\"attachment-blog-medium size-blog-medium\" alt=\"CIPIA\" srcset=\"https:\/\/reuniwatt.com\/de\/wp-content\/uploads\/sites\/4\/2025\/05\/6_CIPIA-200x133.png 200w, https:\/\/reuniwatt.com\/de\/wp-content\/uploads\/sites\/4\/2025\/05\/6_CIPIA.png 300w\" sizes=\"(min-width: 2200px) 100vw, (min-width: 928px) 210px, (min-width: 856px) 262px, (min-width: 784px) 349px, (min-width: 712px) 524px, (min-width: 640px) 712px, \" \/><\/div><\/div><\/div><div class=\"swiper-slide\"><div class=\"fusion-carousel-item-wrapper\"><div class=\"fusion-image-wrapper hover-type-zoomin\"><img decoding=\"async\" width=\"300\" height=\"200\" src=\"https:\/\/reuniwatt.com\/de\/wp-content\/uploads\/sites\/4\/2025\/05\/7_Systematic.png\" class=\"attachment-blog-medium size-blog-medium\" alt=\"Systematic\" srcset=\"https:\/\/reuniwatt.com\/de\/wp-content\/uploads\/sites\/4\/2025\/05\/7_Systematic-200x133.png 200w, https:\/\/reuniwatt.com\/de\/wp-content\/uploads\/sites\/4\/2025\/05\/7_Systematic.png 300w\" sizes=\"(min-width: 2200px) 100vw, (min-width: 928px) 210px, (min-width: 856px) 262px, (min-width: 784px) 349px, (min-width: 712px) 524px, (min-width: 640px) 712px, \" \/><\/div><\/div><\/div><div class=\"swiper-slide\"><div class=\"fusion-carousel-item-wrapper\"><div class=\"fusion-image-wrapper hover-type-zoomin\"><img decoding=\"async\" width=\"300\" height=\"200\" src=\"https:\/\/reuniwatt.com\/de\/wp-content\/uploads\/sites\/4\/2025\/05\/8_Astech.png\" class=\"attachment-blog-medium size-blog-medium\" alt=\"\" srcset=\"https:\/\/reuniwatt.com\/de\/wp-content\/uploads\/sites\/4\/2025\/05\/8_Astech-200x133.png 200w, https:\/\/reuniwatt.com\/de\/wp-content\/uploads\/sites\/4\/2025\/05\/8_Astech.png 300w\" sizes=\"(min-width: 2200px) 100vw, (min-width: 928px) 210px, (min-width: 856px) 262px, (min-width: 784px) 349px, (min-width: 712px) 524px, (min-width: 640px) 712px, \" \/><\/div><\/div><\/div><div class=\"swiper-slide\"><div class=\"fusion-carousel-item-wrapper\"><div class=\"fusion-image-wrapper hover-type-zoomin\"><img decoding=\"async\" width=\"300\" height=\"200\" src=\"https:\/\/reuniwatt.com\/de\/wp-content\/uploads\/sites\/4\/2025\/05\/9_S2E2.png\" class=\"attachment-blog-medium size-blog-medium\" alt=\"\" srcset=\"https:\/\/reuniwatt.com\/de\/wp-content\/uploads\/sites\/4\/2025\/05\/9_S2E2-200x133.png 200w, https:\/\/reuniwatt.com\/de\/wp-content\/uploads\/sites\/4\/2025\/05\/9_S2E2.png 300w\" sizes=\"(min-width: 2200px) 100vw, (min-width: 928px) 210px, (min-width: 856px) 262px, (min-width: 784px) 349px, (min-width: 712px) 524px, (min-width: 640px) 712px, \" \/><\/div><\/div><\/div><\/div><div class=\"awb-swiper-button awb-swiper-button-prev\"><i class=\"awb-icon-angle-left\" aria-hidden=\"true\"><\/i><\/div><div class=\"awb-swiper-button awb-swiper-button-next\"><i class=\"awb-icon-angle-right\" aria-hidden=\"true\"><\/i><\/div><\/div><\/div><\/div><\/div><\/div><\/div><div class=\"fusion-fullwidth fullwidth-box fusion-builder-row-5 fusion-flex-container fusion-parallax-fixed nonhundred-percent-fullwidth non-hundred-percent-height-scrolling\" style=\"--awb-background-position:center top;--awb-border-color:#5b5b5b;--awb-border-style:dashed;--awb-border-radius-top-left:0px;--awb-border-radius-top-right:0px;--awb-border-radius-bottom-right:0px;--awb-border-radius-bottom-left:0px;--awb-padding-top:00px;--awb-padding-right:10%;--awb-padding-bottom:00px;--awb-padding-left:40%;--awb-background-image:url(&quot;https:\/\/reuniwatt.com\/en\/wp-content\/uploads\/sites\/3\/2018\/09\/DSC_1839.jpg&quot;);--awb-background-size:cover;--awb-border-sizes-top:0px;--awb-border-sizes-bottom:0px;--awb-flex-wrap:wrap;background-attachment:fixed;\" ><div class=\"fusion-builder-row fusion-row fusion-flex-align-items-stretch fusion-flex-content-wrap\" style=\"max-width:1144px;margin-left: calc(-4% \/ 2 );margin-right: calc(-4% \/ 2 );\"><div class=\"fusion-layout-column fusion_builder_column fusion-builder-column-6 fusion_builder_column_1_1 1_1 fusion-flex-column\" style=\"--awb-bg-size:cover;--awb-width-large:100%;--awb-margin-top-large:0px;--awb-spacing-right-large:1.92%;--awb-margin-bottom-large:0px;--awb-spacing-left-large:1.92%;--awb-width-medium:100%;--awb-spacing-right-medium:1.92%;--awb-spacing-left-medium:1.92%;--awb-width-small:100%;--awb-spacing-right-small:1.92%;--awb-spacing-left-small:1.92%;\"><div class=\"fusion-column-wrapper fusion-flex-justify-content-flex-start fusion-content-layout-column\"><div class=\"fusion-text fusion-text-6\"><div style=\"min-height: 600px;\"><\/div>\n<\/div><\/div><\/div><\/div><\/div><\/p>\n","protected":false},"excerpt":{"rendered":"","protected":false},"author":25,"featured_media":0,"parent":0,"menu_order":0,"comment_status":"closed","ping_status":"closed","template":"100-width.php","meta":{"content-type":"","footnotes":""},"class_list":["post-288","page","type-page","status-publish","hentry"],"_links":{"self":[{"href":"https:\/\/reuniwatt.com\/de\/wp-json\/wp\/v2\/pages\/288","targetHints":{"allow":["GET"]}}],"collection":[{"href":"https:\/\/reuniwatt.com\/de\/wp-json\/wp\/v2\/pages"}],"about":[{"href":"https:\/\/reuniwatt.com\/de\/wp-json\/wp\/v2\/types\/page"}],"author":[{"embeddable":true,"href":"https:\/\/reuniwatt.com\/de\/wp-json\/wp\/v2\/users\/25"}],"replies":[{"embeddable":true,"href":"https:\/\/reuniwatt.com\/de\/wp-json\/wp\/v2\/comments?post=288"}],"version-history":[{"count":11,"href":"https:\/\/reuniwatt.com\/de\/wp-json\/wp\/v2\/pages\/288\/revisions"}],"predecessor-version":[{"id":8387,"href":"https:\/\/reuniwatt.com\/de\/wp-json\/wp\/v2\/pages\/288\/revisions\/8387"}],"wp:attachment":[{"href":"https:\/\/reuniwatt.com\/de\/wp-json\/wp\/v2\/media?parent=288"}],"curies":[{"name":"wp","href":"https:\/\/api.w.org\/{rel}","templated":true}]}}