{"id":8471,"date":"2025-08-27T07:43:39","date_gmt":"2025-08-27T07:43:39","guid":{"rendered":"https:\/\/reuniwatt.com\/de\/?page_id=8471"},"modified":"2025-08-27T07:43:39","modified_gmt":"2025-08-27T07:43:39","slug":"entwicklung-von-wind-und-solarenergie-in-spanien","status":"publish","type":"page","link":"https:\/\/reuniwatt.com\/de\/ressourcen\/maerkte-fuer-erneuerbare-energien\/entwicklung-von-wind-und-solarenergie-in-spanien\/","title":{"rendered":"Entwicklung von Wind- und Solarenergie in Spanien"},"content":{"rendered":"<div class=\"fusion-fullwidth fullwidth-box fusion-builder-row-1 fusion-flex-container has-pattern-background has-mask-background nonhundred-percent-fullwidth non-hundred-percent-height-scrolling\" style=\"--awb-border-radius-top-left:0px;--awb-border-radius-top-right:0px;--awb-border-radius-bottom-right:0px;--awb-border-radius-bottom-left:0px;--awb-flex-wrap:wrap;\" ><div class=\"fusion-builder-row fusion-row fusion-flex-align-items-flex-start fusion-flex-content-wrap\" style=\"max-width:1144px;margin-left: calc(-4% \/ 2 );margin-right: calc(-4% \/ 2 );\"><div class=\"fusion-layout-column fusion_builder_column fusion-builder-column-0 fusion_builder_column_1_1 1_1 fusion-flex-column\" style=\"--awb-bg-size:cover;--awb-width-large:100%;--awb-margin-top-large:0px;--awb-spacing-right-large:1.92%;--awb-margin-bottom-large:20px;--awb-spacing-left-large:1.92%;--awb-width-medium:100%;--awb-order-medium:0;--awb-spacing-right-medium:1.92%;--awb-spacing-left-medium:1.92%;--awb-width-small:100%;--awb-order-small:0;--awb-spacing-right-small:1.92%;--awb-spacing-left-small:1.92%;\"><div class=\"fusion-column-wrapper fusion-column-has-shadow fusion-flex-justify-content-flex-start fusion-content-layout-column\"><div class=\"fusion-text fusion-text-1\"><p>Spanien ist aufgrund seiner reichhaltigen nat\u00fcrlichen Ressourcen, seiner starken Regierungspolitik und seiner ehrgeizigen Ziele zu einem der f\u00fchrenden L\u00e4nder Europas im Bereich der erneuerbaren Energien geworden. Das Land hat bedeutende Fortschritte bei der Abkehr von fossilen Brennstoffen erzielt, wobei erneuerbare Energiequellen im Jahr 2023 fast 50 % der gesamten Stromerzeugung ausmachen werden. Wind- und Solarenergie sind die beiden dominierenden Energiequellen, w\u00e4hrend Wasserkraft und Biomasse eine untergeordnete Rolle spielen.<\/p>\n<\/div><div class=\"fusion-text fusion-text-2 fusion-text-no-margin\" style=\"--awb-margin-bottom:10px;\"><h2>Markt f\u00fcr erneuerbare Energien in Spanien<\/h2>\n<\/div><div class=\"fusion-text fusion-text-3\"><p>Die spanische Regierung hat sich proaktiv f\u00fcr die F\u00f6rderung erneuerbarer Energien eingesetzt, beispielsweise durch den Nationalen Integrierten Energie- und Klimaplan (PNIEC), der das Ziel vorsieht, bis 2030 81 % der Stromerzeugung aus erneuerbaren Energien zu decken. Dar\u00fcber hinaus hat sich Spanien als wichtiger Akteur im europ\u00e4ischen Sektor f\u00fcr gr\u00fcnen Wasserstoff positioniert und will sein enormes Solar- und Windpotenzial zur Erzeugung und zum Export von sauberem Wasserstoff nutzen.<\/p>\n<\/div><div class=\"fusion-image-element \" style=\"text-align:center;--awb-margin-bottom:15px;--awb-max-width:600px;--awb-caption-title-font-family:var(--h2_typography-font-family);--awb-caption-title-font-weight:var(--h2_typography-font-weight);--awb-caption-title-font-style:var(--h2_typography-font-style);--awb-caption-title-size:var(--h2_typography-font-size);--awb-caption-title-transform:var(--h2_typography-text-transform);--awb-caption-title-line-height:var(--h2_typography-line-height);--awb-caption-title-letter-spacing:var(--h2_typography-letter-spacing);\"><span class=\" fusion-imageframe imageframe-none imageframe-1 hover-type-none\"><img decoding=\"async\" width=\"600\" height=\"400\" alt=\"Solar und Windenergie in Spanien\" title=\"Solar und Windenergie in Spanien\" src=\"https:\/\/reuniwatt.com\/de\/wp-content\/uploads\/sites\/4\/2025\/08\/Solar_und_Windenergie_in_Spanien.webp\" class=\"img-responsive wp-image-8474\" srcset=\"https:\/\/reuniwatt.com\/de\/wp-content\/uploads\/sites\/4\/2025\/08\/Solar_und_Windenergie_in_Spanien-200x133.webp 200w, https:\/\/reuniwatt.com\/de\/wp-content\/uploads\/sites\/4\/2025\/08\/Solar_und_Windenergie_in_Spanien-400x267.webp 400w, https:\/\/reuniwatt.com\/de\/wp-content\/uploads\/sites\/4\/2025\/08\/Solar_und_Windenergie_in_Spanien.webp 600w\" sizes=\"(max-width: 640px) 100vw, 600px\" \/><\/span><\/div><div class=\"fusion-text fusion-text-4 fusion-text-no-margin\" style=\"--awb-margin-bottom:10px;\"><h2>Wind- und Solarkapazit\u00e4ten in Spanien<\/h2>\n<\/div><div class=\"fusion-text fusion-text-5\"><p>Windenergie leistet derzeit den gr\u00f6\u00dften Beitrag zum erneuerbaren Energiemix Spaniens und macht rund 25 % der gesamten Stromerzeugung aus. Das Land verf\u00fcgt \u00fcber eine installierte Windkraftkapazit\u00e4t von \u00fcber 30 Gigawatt (GW) und z\u00e4hlt damit zu den f\u00fchrenden Windenergieproduzenten in Europa. Die Offshore-Windenergie befindet sich noch in den Anf\u00e4ngen, aber die Regierung hat sich ehrgeizige Ziele f\u00fcr den Ausbau schwimmender Offshore-Windparks in den kommenden Jahren gesetzt. Unterdessen hat die Solarenergie ein rasantes Wachstum erlebt, insbesondere bei Photovoltaik-Gro\u00dfprojekten (PV). Die Kombination aus sinkenden Kosten und g\u00fcnstigen Vorschriften hat die Solarenergie zu einer der attraktivsten Investitionsm\u00f6glichkeiten im Energiesektor des Landes gemacht.<\/p>\n<\/div><div class=\"fusion-image-element \" style=\"text-align:center;--awb-margin-bottom:15px;--awb-caption-title-font-family:var(--h2_typography-font-family);--awb-caption-title-font-weight:var(--h2_typography-font-weight);--awb-caption-title-font-style:var(--h2_typography-font-style);--awb-caption-title-size:var(--h2_typography-font-size);--awb-caption-title-transform:var(--h2_typography-text-transform);--awb-caption-title-line-height:var(--h2_typography-line-height);--awb-caption-title-letter-spacing:var(--h2_typography-letter-spacing);\"><span class=\" fusion-imageframe imageframe-none imageframe-2 hover-type-none\"><img decoding=\"async\" width=\"650\" height=\"380\" alt=\"Windkraftanlage Leistung Geschwindigkeit Richtung Spanien\" title=\"Karte der Richtung der Windgeschwindigkeit bei Windturbinen in Spanien\" src=\"https:\/\/reuniwatt.com\/de\/wp-content\/uploads\/sites\/4\/2025\/08\/Windkraft_Turbine_Geschwindigkeit_Richtung_Spanien_Portugal.webp\" class=\"img-responsive wp-image-8475\"\/><\/span><\/div><div class=\"fusion-text fusion-text-6\"><p>Mit Blick auf die Zukunft strebt Spanien an, bis Mitte des Jahrhunderts ein vollst\u00e4ndig mit erneuerbaren Energien versorgter Staat zu werden, und plant, noch mehr Solar-, Wind- und Speicherkapazit\u00e4ten zu integrieren. Die Regierung hat Ma\u00dfnahmen zur Vereinfachung der Genehmigungsverfahren, zur Verbesserung der Netzinfrastruktur und zur F\u00f6rderung der Einf\u00fchrung von Batteriespeichersystemen eingef\u00fchrt. Es bleiben jedoch Herausforderungen bestehen, insbesondere bei der Ausgleichung der intermittierenden Erzeugung und der Sicherstellung einer ausreichenden Netzanbindung zwischen Spanien und dem \u00fcbrigen Europa. Um dies zu bew\u00e4ltigen, investiert Spanien in grenz\u00fcberschreitende Stromverbindungen mit Frankreich und Portugal. Dar\u00fcber hinaus konzentriert sich das Land auf die Produktion von erneuerbarem Wasserstoff und plant, bis 2030 eine Elektrolyseurkapazit\u00e4t von 4 GW zu installieren. Wenn diese Ziele erreicht werden, wird Spanien seine Position als einer der f\u00fchrenden M\u00e4rkte f\u00fcr erneuerbare Energien in Europa und als wichtiger Beitrag zur Dekarbonisierung des Kontinents weiter st\u00e4rken.<\/p>\n<p>Bis 2023 hat die Kapazit\u00e4t Spaniens im Bereich der erneuerbaren Energien ein deutliches Wachstum verzeichnet, insbesondere bei Wind- und Solarenergie. Die installierte Windkraftkapazit\u00e4t \u00fcberstieg 30 Gigawatt (GW) und behauptete damit ihre Position als f\u00fchrende erneuerbare Energiequelle des Landes. Windenergie deckt etwa 24 % des spanischen Stromverbrauchs und unterstreicht damit ihre zentrale Rolle im nationalen Energiemix.<\/p>\n<p>Im Solarbereich hat Spanien ein bemerkenswertes Wachstum erlebt. Im Jahr 2023 hat das Land seine Photovoltaik-Kapazit\u00e4t um 7,7 GW erweitert, wodurch sich die kumulierte installierte Leistung auf 37,6 GW erh\u00f6ht hat. Dieses Wachstum hat Spanien zu einem weltweit f\u00fchrenden Anbieter von Solarenergie gemacht und spiegelt das Engagement des Landes wider, seine reichhaltigen Solarressourcen zu nutzen.<\/p>\n<\/div><div class=\"fusion-image-element \" style=\"text-align:center;--awb-margin-bottom:15px;--awb-caption-title-font-family:var(--h2_typography-font-family);--awb-caption-title-font-weight:var(--h2_typography-font-weight);--awb-caption-title-font-style:var(--h2_typography-font-style);--awb-caption-title-size:var(--h2_typography-font-size);--awb-caption-title-transform:var(--h2_typography-text-transform);--awb-caption-title-line-height:var(--h2_typography-line-height);--awb-caption-title-letter-spacing:var(--h2_typography-letter-spacing);\"><span class=\" fusion-imageframe imageframe-none imageframe-3 hover-type-none\"><img decoding=\"async\" width=\"650\" height=\"380\" alt=\"Karte der Sonneneinstrahlung zur Stromerzeugung in Spanien\" title=\"Solarstromproduktion Einstrahlung Strahlung Spanien\" src=\"https:\/\/reuniwatt.com\/de\/wp-content\/uploads\/sites\/4\/2025\/08\/Photovoltaik_solare_Einstrahlung_Globalstrahlung_Spanien_Portugal.webp\" class=\"img-responsive wp-image-8476\"\/><\/span><\/div><div class=\"fusion-text fusion-text-7 fusion-text-no-margin\" style=\"--awb-margin-bottom:10px;\"><h2>Marktprognosen f\u00fcr erneuerbare Energien in Spanien<\/h2>\n<\/div><div class=\"fusion-text fusion-text-8\"><p>Mit Blick auf die Zukunft hat Spanien ehrgeizige Ziele gesetzt, um seine Kapazit\u00e4ten im Bereich der erneuerbaren Energien weiter auszubauen. Die Regierung strebt an, die installierte Windenergiekapazit\u00e4t bis 2030 auf 62 GW zu verdoppeln. Um dieses Ziel zu erreichen, m\u00fcssen jedoch die Entwicklung neuer Windprojekte beschleunigt, Genehmigungsverfahren gestrafft und die Unterst\u00fctzung f\u00fcr den Sektor der erneuerbaren Energien verbessert werden.<\/p>\n<\/div><div class=\"fusion-image-element \" style=\"text-align:center;--awb-margin-bottom:15px;--awb-caption-title-font-family:var(--h2_typography-font-family);--awb-caption-title-font-weight:var(--h2_typography-font-weight);--awb-caption-title-font-style:var(--h2_typography-font-style);--awb-caption-title-size:var(--h2_typography-font-size);--awb-caption-title-transform:var(--h2_typography-text-transform);--awb-caption-title-line-height:var(--h2_typography-line-height);--awb-caption-title-letter-spacing:var(--h2_typography-letter-spacing);\"><span class=\" fusion-imageframe imageframe-none imageframe-4 hover-type-none\"><img decoding=\"async\" width=\"1024\" height=\"642\" alt=\"Zeitlicher Verlauf der Solar- und Windkapazit\u00e4ten in Spanien\" title=\"Entwicklung der Solar- und Windenergie in Spanien\" src=\"https:\/\/reuniwatt.com\/de\/wp-content\/uploads\/sites\/4\/2025\/08\/solar_und_wind_strom_produktion_kapazitaet_entwicklung_in_Spanien-1024x642.webp\" class=\"img-responsive wp-image-8478\" srcset=\"https:\/\/reuniwatt.com\/de\/wp-content\/uploads\/sites\/4\/2025\/08\/solar_und_wind_strom_produktion_kapazitaet_entwicklung_in_Spanien-200x125.webp 200w, https:\/\/reuniwatt.com\/de\/wp-content\/uploads\/sites\/4\/2025\/08\/solar_und_wind_strom_produktion_kapazitaet_entwicklung_in_Spanien-400x251.webp 400w, https:\/\/reuniwatt.com\/de\/wp-content\/uploads\/sites\/4\/2025\/08\/solar_und_wind_strom_produktion_kapazitaet_entwicklung_in_Spanien-600x376.webp 600w, https:\/\/reuniwatt.com\/de\/wp-content\/uploads\/sites\/4\/2025\/08\/solar_und_wind_strom_produktion_kapazitaet_entwicklung_in_Spanien-800x501.webp 800w, https:\/\/reuniwatt.com\/de\/wp-content\/uploads\/sites\/4\/2025\/08\/solar_und_wind_strom_produktion_kapazitaet_entwicklung_in_Spanien-1200x752.webp 1200w, https:\/\/reuniwatt.com\/de\/wp-content\/uploads\/sites\/4\/2025\/08\/solar_und_wind_strom_produktion_kapazitaet_entwicklung_in_Spanien.webp 1524w\" sizes=\"(max-width: 640px) 100vw, 1200px\" \/><\/span><\/div><div class=\"fusion-text fusion-text-9\"><p>\u00c4hnlich sieht es im Solarbereich aus: Spanien plant, bis 2030 eine installierte Leistung von 81 GW zu erreichen. Um diese Ziele zu erreichen, muss das Land Herausforderungen wie Genehmigungsengp\u00e4sse und infrastrukturelle Einschr\u00e4nkungen bew\u00e4ltigen.<\/p>\n<\/div><div class=\"fusion-text fusion-text-10 fusion-text-no-margin\" style=\"--awb-margin-bottom:10px;\"><h2>Unsere Dienstleistungen in Spanien<\/h2>\n<\/div><div class=\"fusion-text fusion-text-11\"><p>Reuniwatt ist seit mehreren Jahren in Spanien t\u00e4tig und begleitet spanische Unternehmen in Sachen Energiewende. Reuniwatt hat bereits <a href=\"https:\/\/reuniwatt.com\/de\/produkte-und-dienstleistungen\/sky-insight-24-7-wolkenbeobachtung-mit-infrarot-sky-imager\/\">Himmelskameras<\/a> in Spanien installiert und sucht aktiv nach einer Zusammenarbeit mit lokalen Akteuren auf dem Energiemarkt, um <a href=\"https:\/\/reuniwatt.com\/de\/produkte-und-dienstleistungen\/hourcast-intraday-solar-und-windstromprognosen\/\">Intraday-Prognosen von Solar- und Windstrom<\/a> sowie <a href=\"https:\/\/reuniwatt.com\/de\/produkte-und-dienstleistungen\/daycast-day-ahead-solar-und-windstromprognose\/\">Day-Ahead-Prognosen f\u00fcr Sonne und Wind<\/a> zu verbessern und die Leistungsf\u00e4higkeit der Anlagen zu steigern. Als franz\u00f6sische Firma sind wir in Europa pr\u00e4sent und wollen unsere Aktivit\u00e4ten in der Region ausbauen.<\/p>\n<\/div><\/div><\/div><\/div><\/div>\n","protected":false},"excerpt":{"rendered":"","protected":false},"author":1,"featured_media":8474,"parent":8335,"menu_order":0,"comment_status":"closed","ping_status":"closed","template":"","meta":{"content-type":"","footnotes":""},"class_list":["post-8471","page","type-page","status-publish","has-post-thumbnail","hentry"],"_links":{"self":[{"href":"https:\/\/reuniwatt.com\/de\/wp-json\/wp\/v2\/pages\/8471","targetHints":{"allow":["GET"]}}],"collection":[{"href":"https:\/\/reuniwatt.com\/de\/wp-json\/wp\/v2\/pages"}],"about":[{"href":"https:\/\/reuniwatt.com\/de\/wp-json\/wp\/v2\/types\/page"}],"author":[{"embeddable":true,"href":"https:\/\/reuniwatt.com\/de\/wp-json\/wp\/v2\/users\/1"}],"replies":[{"embeddable":true,"href":"https:\/\/reuniwatt.com\/de\/wp-json\/wp\/v2\/comments?post=8471"}],"version-history":[{"count":2,"href":"https:\/\/reuniwatt.com\/de\/wp-json\/wp\/v2\/pages\/8471\/revisions"}],"predecessor-version":[{"id":8480,"href":"https:\/\/reuniwatt.com\/de\/wp-json\/wp\/v2\/pages\/8471\/revisions\/8480"}],"up":[{"embeddable":true,"href":"https:\/\/reuniwatt.com\/de\/wp-json\/wp\/v2\/pages\/8335"}],"wp:featuredmedia":[{"embeddable":true,"href":"https:\/\/reuniwatt.com\/de\/wp-json\/wp\/v2\/media\/8474"}],"wp:attachment":[{"href":"https:\/\/reuniwatt.com\/de\/wp-json\/wp\/v2\/media?parent=8471"}],"curies":[{"name":"wp","href":"https:\/\/api.w.org\/{rel}","templated":true}]}}