{"id":8502,"date":"2025-09-03T07:23:40","date_gmt":"2025-09-03T07:23:40","guid":{"rendered":"https:\/\/reuniwatt.com\/de\/?page_id=8502"},"modified":"2025-09-03T07:56:34","modified_gmt":"2025-09-03T07:56:34","slug":"entwicklung-von-wind-und-solarenergie-in-den-vereinigten-arabischen-emiraten","status":"publish","type":"page","link":"https:\/\/reuniwatt.com\/de\/ressourcen\/maerkte-fuer-erneuerbare-energien\/entwicklung-von-wind-und-solarenergie-in-den-vereinigten-arabischen-emiraten\/","title":{"rendered":"Entwicklung von Wind- und Solarenergie in den VAE"},"content":{"rendered":"<div class=\"fusion-fullwidth fullwidth-box fusion-builder-row-1 fusion-flex-container has-pattern-background has-mask-background nonhundred-percent-fullwidth non-hundred-percent-height-scrolling\" style=\"--awb-border-radius-top-left:0px;--awb-border-radius-top-right:0px;--awb-border-radius-bottom-right:0px;--awb-border-radius-bottom-left:0px;--awb-flex-wrap:wrap;\" ><div class=\"fusion-builder-row fusion-row fusion-flex-align-items-flex-start fusion-flex-content-wrap\" style=\"max-width:1144px;margin-left: calc(-4% \/ 2 );margin-right: calc(-4% \/ 2 );\"><div class=\"fusion-layout-column fusion_builder_column fusion-builder-column-0 fusion_builder_column_1_1 1_1 fusion-flex-column\" style=\"--awb-bg-size:cover;--awb-width-large:100%;--awb-margin-top-large:0px;--awb-spacing-right-large:1.92%;--awb-margin-bottom-large:20px;--awb-spacing-left-large:1.92%;--awb-width-medium:100%;--awb-order-medium:0;--awb-spacing-right-medium:1.92%;--awb-spacing-left-medium:1.92%;--awb-width-small:100%;--awb-order-small:0;--awb-spacing-right-small:1.92%;--awb-spacing-left-small:1.92%;\"><div class=\"fusion-column-wrapper fusion-column-has-shadow fusion-flex-justify-content-flex-start fusion-content-layout-column\"><div class=\"fusion-text fusion-text-1\"><p>Die Vereinigten Arabischen Emirate (VAE) haben sich zu einem regionalen Vorreiter im Bereich der erneuerbaren Energien entwickelt und zeigen damit ihr starkes Engagement f\u00fcr die Diversifizierung ihres Energieportfolios \u00fcber die traditionellen \u00d6l- und Gasreserven hinaus. Im Jahr 2017 stellten die VAE ihre Energiestrategie 2050 vor, deren Ziel es ist, bis Mitte des Jahrhunderts einen Anteil von 44 % erneuerbarer Energien am Energiemix des Landes zu erreichen. Dieser ehrgeizige Plan wird durch geplante Investitionen in H\u00f6he von rund 163 Milliarden US-Dollar in Projekte im Bereich erneuerbare Energien unterst\u00fctzt. Die Strategie legt den Schwerpunkt auf die Entwicklung von Solarenergie, Energiegewinnung aus Abfall, Windkraft und Wasseraufbereitungstechnologien und spiegelt damit das Engagement der VAE f\u00fcr nachhaltiges Wachstum und Umweltbewusstsein wider.<\/p>\n<\/div><div class=\"fusion-text fusion-text-2 fusion-text-no-margin\" style=\"--awb-margin-bottom:10px;\"><h2>Markt f\u00fcr erneuerbare Energien in den Vereinigten Arabischen Emiraten<\/h2>\n<\/div><div class=\"fusion-text fusion-text-3\"><p>Im Mittelpunkt des Ausbaus der erneuerbaren Energien in den VAE steht das rasante Wachstum des Solarenergiesektors. Das Land beherbergt einige der weltweit gr\u00f6\u00dften Solarprojekte, darunter eine 5-Gigawatt-Solaranlage mit einer Batteriespeicherkapazit\u00e4t von 19 Gigawattstunden (GWh), die eine kontinuierliche Leistung von 1 GW liefern soll \u2013 genug, um \u00fcber 700.000 Haushalte mit Strom zu versorgen. Dieses Projekt ist ein Beispiel f\u00fcr die strategischen Investitionen der VAE in gro\u00df angelegte erneuerbare Infrastrukturen, die das Land als Drehscheibe f\u00fcr Innovationen im Bereich der sauberen Energie positionieren. Prognosen zufolge wird die Stromerzeugung aus dem Solarenergiemarkt der VAE bis 2025 10,30 Milliarden Kilowattstunden (kWh) erreichen, mit einer erwarteten j\u00e4hrlichen Wachstumsrate von 17,23 % zwischen 2025 und 2029.<\/p>\n<p>Das Engagement der VAE f\u00fcr erneuerbare Energien reicht \u00fcber ihre Grenzen hinaus, wie ihre erheblichen Investitionen in Afrika zeigen. Zwischen 2019 und 2023 investierten die VAE 110 Milliarden US-Dollar in afrikanische Projekte, wobei 72 Milliarden US-Dollar f\u00fcr Initiativen im Bereich erneuerbare Energien vorgesehen waren. Diese Investitionen st\u00e4rken nicht nur den Einfluss der VAE in der globalen Energielandschaft, sondern tragen auch erheblich zur Energiewende in afrikanischen L\u00e4ndern bei. Im Inland wurde der Markt f\u00fcr erneuerbare Energien in den VAE im Jahr 2022 auf 512,66 Millionen US-Dollar gesch\u00e4tzt und wird bis 2028 voraussichtlich eine durchschnittliche j\u00e4hrliche Wachstumsrate (CAGR) von 21,75 % verzeichnen. Dieser Wachstumskurs unterstreicht die strategische Ausrichtung des Landes auf nachhaltige Energiel\u00f6sungen und seine Rolle als Katalysator f\u00fcr die regionale und internationale Entwicklung erneuerbarer Energien.<\/p>\n<\/div><div class=\"fusion-image-element \" style=\"text-align:center;--awb-margin-bottom:15px;--awb-max-width:600px;--awb-caption-title-font-family:var(--h2_typography-font-family);--awb-caption-title-font-weight:var(--h2_typography-font-weight);--awb-caption-title-font-style:var(--h2_typography-font-style);--awb-caption-title-size:var(--h2_typography-font-size);--awb-caption-title-transform:var(--h2_typography-text-transform);--awb-caption-title-line-height:var(--h2_typography-line-height);--awb-caption-title-letter-spacing:var(--h2_typography-letter-spacing);\"><span class=\" fusion-imageframe imageframe-none imageframe-1 hover-type-none\"><img decoding=\"async\" width=\"600\" height=\"400\" alt=\"Solar und Windenergie in den Vereinigten Arabischen Emiraten\" title=\"Solar und Windenergie in den Vereinigten Arabischen Emiraten\" src=\"https:\/\/reuniwatt.com\/de\/wp-content\/uploads\/sites\/4\/2025\/09\/Solar_und_Windenergie_in_den_vereinigten_arabischen_Emiraten.webp\" class=\"img-responsive wp-image-8503\" srcset=\"https:\/\/reuniwatt.com\/de\/wp-content\/uploads\/sites\/4\/2025\/09\/Solar_und_Windenergie_in_den_vereinigten_arabischen_Emiraten-200x133.webp 200w, https:\/\/reuniwatt.com\/de\/wp-content\/uploads\/sites\/4\/2025\/09\/Solar_und_Windenergie_in_den_vereinigten_arabischen_Emiraten-400x267.webp 400w, https:\/\/reuniwatt.com\/de\/wp-content\/uploads\/sites\/4\/2025\/09\/Solar_und_Windenergie_in_den_vereinigten_arabischen_Emiraten.webp 600w\" sizes=\"(max-width: 640px) 100vw, 600px\" \/><\/span><\/div><div class=\"fusion-text fusion-text-4 fusion-text-no-margin\" style=\"--awb-margin-bottom:10px;\"><h2>Wind- und Solarkapazit\u00e4ten in den Vereinigten Arabischen Emiraten<\/h2>\n<\/div><div class=\"fusion-text fusion-text-5\"><p>Die Vereinigten Arabischen Emirate (VAE) haben bedeutende Fortschritte beim Ausbau ihrer Solarenergiekapazit\u00e4ten erzielt und sich damit als f\u00fchrende Nation in der Region Naher Osten und Nordafrika (MENA) positioniert. Im Jahr 2023 \u00fcberstieg die installierte Gesamtleistung der Solarenergie in den VAE 5 Gigawatt (GW), was einen erheblichen Anstieg gegen\u00fcber den nur 133 Megawatt (MW) im Jahr 2014 darstellt. Dieses rasante Wachstum wird durch die Inbetriebnahme des 2-GW-Solarprojekts Al Dhafra im November 2023 verdeutlicht, das das Portfolio des Landes im Bereich erneuerbare Energien erheblich gest\u00e4rkt hat. Bemerkenswert ist, dass die VAE 2023 mit 708 Watt pro Kopf einen Meilenstein erreichten und weltweit den 10. Platz bei der installierten Solarenergiekapazit\u00e4t pro Kopf einnahmen. Damit sind sie das erste Land aus der MENA-Region, das in diese Spitzenklasse aufgestiegen ist.<\/p>\n<\/div><div class=\"fusion-image-element \" style=\"text-align:center;--awb-margin-bottom:15px;--awb-caption-title-font-family:var(--h2_typography-font-family);--awb-caption-title-font-weight:var(--h2_typography-font-weight);--awb-caption-title-font-style:var(--h2_typography-font-style);--awb-caption-title-size:var(--h2_typography-font-size);--awb-caption-title-transform:var(--h2_typography-text-transform);--awb-caption-title-line-height:var(--h2_typography-line-height);--awb-caption-title-letter-spacing:var(--h2_typography-letter-spacing);\"><span class=\" fusion-imageframe imageframe-none imageframe-2 hover-type-none\"><img decoding=\"async\" width=\"650\" height=\"380\" alt=\"Karte der Sonneneinstrahlung zur Stromerzeugung in den Vereinigten Arabischen Emiraten\" title=\"Solarstromproduktion Einstrahlung Strahlung Vereinigte Arabische Emirate\" src=\"https:\/\/reuniwatt.com\/de\/wp-content\/uploads\/sites\/4\/2025\/09\/Photovoltaik_solare_Einstrahlung_Globalstrahlung_Vereinigte_Arabische_Emirate.webp\" class=\"img-responsive wp-image-8504\"\/><\/span><\/div><div class=\"fusion-text fusion-text-6\"><p>Zus\u00e4tzlich zu seinen Fortschritten im Bereich Solarenergie hat sich die VAE k\u00fcrzlich auch in die Windenergie gewagt, um ihren Mix an erneuerbaren Energien zu diversifizieren. Im Oktober 2023 wurde das UAE Wind Program ins Leben gerufen, das erste gro\u00df angelegte Windkraftprojekt des Landes. Diese Initiative umfasst vier Windparks an verschiedenen Standorten, darunter Sir Bani Yas Island, Delma Island, Al Sila in Abu Dhabi und Al Halah in Fujairah, die zusammen 103,5 MW Windenergie in das nationale Stromnetz einspeisen. Der Einsatz von 23 Turbinen mit einer Leistung von jeweils 4,5 MW unterstreicht das Engagement der VAE, die Windressourcen trotz der traditionell geringen Windgeschwindigkeiten in der Region zu nutzen. Dieses Projekt erweitert nicht nur die Landschaft der erneuerbaren Energien in den VAE um eine neue Dimension, sondern schafft auch die Voraussetzungen f\u00fcr zuk\u00fcnftige Entwicklungen im Bereich der Windenergie innerhalb des Landes.<\/p>\n<\/div><div class=\"fusion-image-element \" style=\"text-align:center;--awb-margin-bottom:15px;--awb-caption-title-font-family:var(--h2_typography-font-family);--awb-caption-title-font-weight:var(--h2_typography-font-weight);--awb-caption-title-font-style:var(--h2_typography-font-style);--awb-caption-title-size:var(--h2_typography-font-size);--awb-caption-title-transform:var(--h2_typography-text-transform);--awb-caption-title-line-height:var(--h2_typography-line-height);--awb-caption-title-letter-spacing:var(--h2_typography-letter-spacing);\"><span class=\" fusion-imageframe imageframe-none imageframe-3 hover-type-none\"><img decoding=\"async\" width=\"650\" height=\"380\" alt=\"Windkraftanlage Leistung Geschwindigkeit Richtung den Vereinigten Arabischen Emiraten\" title=\"Karte der Richtung der Windgeschwindigkeit bei Windturbinen Vereinigte Arabische Emirate\" src=\"https:\/\/reuniwatt.com\/de\/wp-content\/uploads\/sites\/4\/2025\/09\/Windkraft_Turbine_Geschwindigkeit_Richtung_Vereinigte_Arabische_Emirate.webp\" class=\"img-responsive wp-image-8505\"\/><\/span><\/div><div class=\"fusion-text fusion-text-7 fusion-text-no-margin\" style=\"--awb-margin-bottom:10px;\"><h2>Marktprognosen f\u00fcr erneuerbare Energien in den Vereinigten Arabischen Emiraten<\/h2>\n<\/div><div class=\"fusion-text fusion-text-8\"><p>Die Internationale Energieagentur (IEA) hat die bedeutenden Fortschritte der Vereinigten Arabischen Emirate (VAE) bei der Entwicklung erneuerbarer Energien, insbesondere der Solarenergie, hervorgehoben. Die VAE haben sich im Rahmen ihrer umfassenden Energiestrategie ehrgeizige Ziele f\u00fcr den Ausbau der Kapazit\u00e4ten im Bereich erneuerbare Energien gesetzt. Das Land strebt an, bis 2050 50 % seines gesamten Energiemix aus sauberen Energiequellen zu decken, wobei Solar- und Kernenergie eine zentrale Rolle bei diesem \u00dcbergang spielen. Die Strategie der VAE im Bereich erneuerbare Energien ist ein wichtiger Bestandteil der Diversifizierung ihres Energiemixes weg von \u00d6l und Gas, die traditionell den Energiesektor dominieren. Die IEA berichtet, dass dieser Wandel im Einklang mit dem globalen Trend steht, wonach L\u00e4nder, die von fossilen Brennstoffen abh\u00e4ngig sind, sich zunehmend auf erneuerbare Energiequellen konzentrieren.<\/p>\n<\/div><div class=\"fusion-image-element \" style=\"text-align:center;--awb-margin-bottom:15px;--awb-caption-title-font-family:var(--h2_typography-font-family);--awb-caption-title-font-weight:var(--h2_typography-font-weight);--awb-caption-title-font-style:var(--h2_typography-font-style);--awb-caption-title-size:var(--h2_typography-font-size);--awb-caption-title-transform:var(--h2_typography-text-transform);--awb-caption-title-line-height:var(--h2_typography-line-height);--awb-caption-title-letter-spacing:var(--h2_typography-letter-spacing);\"><span class=\" fusion-imageframe imageframe-none imageframe-4 hover-type-none\"><img decoding=\"async\" width=\"1024\" height=\"642\" alt=\"Zeitlicher Verlauf der Solar- und Windkapazit\u00e4ten in Spanien\" title=\"Entwicklung der Solar- und Windenergie in den Vereinigten Arabischen Emiraten\" src=\"https:\/\/reuniwatt.com\/de\/wp-content\/uploads\/sites\/4\/2025\/09\/solar_und_wind_strom_produktion_kapazitaet_entwicklung_Vereinigte_Arabische_Emirate-1024x642.webp\" class=\"img-responsive wp-image-8506\" srcset=\"https:\/\/reuniwatt.com\/de\/wp-content\/uploads\/sites\/4\/2025\/09\/solar_und_wind_strom_produktion_kapazitaet_entwicklung_Vereinigte_Arabische_Emirate-200x125.webp 200w, https:\/\/reuniwatt.com\/de\/wp-content\/uploads\/sites\/4\/2025\/09\/solar_und_wind_strom_produktion_kapazitaet_entwicklung_Vereinigte_Arabische_Emirate-400x251.webp 400w, https:\/\/reuniwatt.com\/de\/wp-content\/uploads\/sites\/4\/2025\/09\/solar_und_wind_strom_produktion_kapazitaet_entwicklung_Vereinigte_Arabische_Emirate-600x376.webp 600w, https:\/\/reuniwatt.com\/de\/wp-content\/uploads\/sites\/4\/2025\/09\/solar_und_wind_strom_produktion_kapazitaet_entwicklung_Vereinigte_Arabische_Emirate-800x501.webp 800w, https:\/\/reuniwatt.com\/de\/wp-content\/uploads\/sites\/4\/2025\/09\/solar_und_wind_strom_produktion_kapazitaet_entwicklung_Vereinigte_Arabische_Emirate-1200x752.webp 1200w, https:\/\/reuniwatt.com\/de\/wp-content\/uploads\/sites\/4\/2025\/09\/solar_und_wind_strom_produktion_kapazitaet_entwicklung_Vereinigte_Arabische_Emirate.webp 1524w\" sizes=\"(max-width: 640px) 100vw, 1200px\" \/><\/span><\/div><div class=\"fusion-text fusion-text-9 fusion-text-no-margin\" style=\"--awb-margin-bottom:10px;\"><h2>Unsere Dienstleistungen in den Vereinigten Arabischen Emiraten<\/h2>\n<\/div><div class=\"fusion-text fusion-text-10\"><p>Reuniwatt ist seit mehreren Jahren in den Vereinigten Arabischen Emiraten t\u00e4tig und begleitet lokale Unternehmen in Sachen Energiewende. Reuniwatt hat bereits <a href=\"https:\/\/reuniwatt.com\/de\/produkte-und-dienstleistungen\/sky-insight-24-7-wolkenbeobachtung-mit-infrarot-sky-imager\/\">Himmelskameras<\/a> in der Region installiert und sucht aktiv nach einer Zusammenarbeit mit lokalen Akteuren auf dem Energiemarkt, um <a href=\"https:\/\/reuniwatt.com\/de\/produkte-und-dienstleistungen\/hourcast-intraday-solar-und-windstromprognosen\/\">Intraday-Prognosen von Solar- und Windstrom<\/a> sowie <a href=\"https:\/\/reuniwatt.com\/de\/produkte-und-dienstleistungen\/daycast-day-ahead-solar-und-windstromprognose\/\">Day-Ahead-Prognosen f\u00fcr Sonne und Wind<\/a> zu verbessern und die Leistungsf\u00e4higkeit der Anlagen zu steigern. Wir sind in den VAE pr\u00e4sent und wollen unsere Aktivit\u00e4ten in der Region ausbauen.<\/p>\n<\/div><\/div><\/div><\/div><\/div>\n","protected":false},"excerpt":{"rendered":"","protected":false},"author":1,"featured_media":8503,"parent":8335,"menu_order":0,"comment_status":"closed","ping_status":"closed","template":"","meta":{"content-type":"","footnotes":""},"class_list":["post-8502","page","type-page","status-publish","has-post-thumbnail","hentry"],"_links":{"self":[{"href":"https:\/\/reuniwatt.com\/de\/wp-json\/wp\/v2\/pages\/8502","targetHints":{"allow":["GET"]}}],"collection":[{"href":"https:\/\/reuniwatt.com\/de\/wp-json\/wp\/v2\/pages"}],"about":[{"href":"https:\/\/reuniwatt.com\/de\/wp-json\/wp\/v2\/types\/page"}],"author":[{"embeddable":true,"href":"https:\/\/reuniwatt.com\/de\/wp-json\/wp\/v2\/users\/1"}],"replies":[{"embeddable":true,"href":"https:\/\/reuniwatt.com\/de\/wp-json\/wp\/v2\/comments?post=8502"}],"version-history":[{"count":3,"href":"https:\/\/reuniwatt.com\/de\/wp-json\/wp\/v2\/pages\/8502\/revisions"}],"predecessor-version":[{"id":8509,"href":"https:\/\/reuniwatt.com\/de\/wp-json\/wp\/v2\/pages\/8502\/revisions\/8509"}],"up":[{"embeddable":true,"href":"https:\/\/reuniwatt.com\/de\/wp-json\/wp\/v2\/pages\/8335"}],"wp:featuredmedia":[{"embeddable":true,"href":"https:\/\/reuniwatt.com\/de\/wp-json\/wp\/v2\/media\/8503"}],"wp:attachment":[{"href":"https:\/\/reuniwatt.com\/de\/wp-json\/wp\/v2\/media?parent=8502"}],"curies":[{"name":"wp","href":"https:\/\/api.w.org\/{rel}","templated":true}]}}