{"id":7,"date":"2019-11-28T19:21:24","date_gmt":"2019-11-28T19:21:24","guid":{"rendered":"https:\/\/reuniwatt.com\/es\/?page_id=7"},"modified":"2026-03-16T12:47:25","modified_gmt":"2026-03-16T12:47:25","slug":"prevision-de-la-irradiacion-solar-y-de-la-nubosidad","status":"publish","type":"page","link":"https:\/\/reuniwatt.com\/es\/","title":{"rendered":"Home"},"content":{"rendered":"<p><div class=\"fusion-fullwidth fullwidth-box fusion-builder-row-1 fusion-flex-container nonhundred-percent-fullwidth non-hundred-percent-height-scrolling\" style=\"--awb-border-radius-top-left:0px;--awb-border-radius-top-right:0px;--awb-border-radius-bottom-right:0px;--awb-border-radius-bottom-left:0px;--awb-padding-top:0px;--awb-padding-right:0px;--awb-padding-bottom:0px;--awb-padding-left:0px;--awb-flex-wrap:wrap;\" ><div class=\"fusion-builder-row fusion-row fusion-flex-align-items-flex-start fusion-flex-content-wrap\" style=\"max-width:1144px;margin-left: calc(-4% \/ 2 );margin-right: calc(-4% \/ 2 );\"><div class=\"fusion-layout-column fusion_builder_column fusion-builder-column-0 fusion_builder_column_1_1 1_1 fusion-flex-column\" style=\"--awb-bg-size:cover;--awb-width-large:100%;--awb-margin-top-large:0px;--awb-spacing-right-large:1.92%;--awb-margin-bottom-large:20px;--awb-spacing-left-large:1.92%;--awb-width-medium:100%;--awb-order-medium:0;--awb-spacing-right-medium:1.92%;--awb-spacing-left-medium:1.92%;--awb-width-small:100%;--awb-order-small:0;--awb-spacing-right-small:1.92%;--awb-spacing-left-small:1.92%;\"><div class=\"fusion-column-wrapper fusion-column-has-shadow fusion-flex-justify-content-flex-start fusion-content-layout-column\"><div class=\"fusion-text fusion-text-1\" style=\"--awb-text-transform:none;\">\n<\/div><\/div><\/div><\/div><\/div><div class=\"fusion-fullwidth fullwidth-box fusion-builder-row-2 fusion-flex-container nonhundred-percent-fullwidth non-hundred-percent-height-scrolling\" style=\"--awb-background-position:left top;--awb-border-sizes-top:0px;--awb-border-sizes-bottom:0px;--awb-border-sizes-left:0px;--awb-border-sizes-right:0px;--awb-border-color:#5b5b5b;--awb-border-style:dashed;--awb-border-radius-top-left:0px;--awb-border-radius-top-right:0px;--awb-border-radius-bottom-right:0px;--awb-border-radius-bottom-left:0px;--awb-padding-top:0px;--awb-padding-right:0px;--awb-padding-bottom:40px;--awb-padding-left:0px;--awb-background-color:#ffffff;--awb-flex-wrap:wrap;\" ><div class=\"fusion-builder-row fusion-row fusion-flex-align-items-flex-start fusion-flex-content-wrap\" style=\"max-width:1144px;margin-left: calc(-4% \/ 2 );margin-right: calc(-4% \/ 2 );\"><div class=\"fusion-layout-column fusion_builder_column fusion-builder-column-1 fusion_builder_column_1_1 1_1 fusion-flex-column\" style=\"--awb-bg-blend:overlay;--awb-bg-size:cover;--awb-width-large:100%;--awb-margin-top-large:0px;--awb-spacing-right-large:1.92%;--awb-margin-bottom-large:0px;--awb-spacing-left-large:1.92%;--awb-width-medium:100%;--awb-spacing-right-medium:1.92%;--awb-spacing-left-medium:1.92%;--awb-width-small:100%;--awb-spacing-right-small:1.92%;--awb-spacing-left-small:1.92%;\"><div class=\"fusion-column-wrapper fusion-flex-justify-content-flex-start fusion-content-layout-column\"><div class=\"fusion-text fusion-text-2\" style=\"--awb-text-transform:none;\"><h1 style=\"font-weight: bold; text-align: center;\">Predicci\u00f3n de la irradiaci\u00f3n solar y de la nubosidad<\/h1>\n<p>Reuniwatt propone soluciones de punta para la observaci\u00f3n en alta resoluci\u00f3n de la nubosidad y la irradiaci\u00f3n solar, as\u00ed como predicciones de energ\u00eda solar y e\u00f3lica. Reconocidos tanto por la industria como por la comunidad cient\u00edfica, nuestros servicios han sido ya desplegados con \u00e9xito en todos los continentes.<\/p>\n<\/div><\/div><\/div><div class=\"fusion-layout-column fusion_builder_column fusion-builder-column-2 fusion-flex-column\" style=\"--awb-bg-size:cover;--awb-width-large:20%;--awb-margin-top-large:0px;--awb-spacing-right-large:9.6%;--awb-margin-bottom-large:20px;--awb-spacing-left-large:9.6%;--awb-width-medium:20%;--awb-order-medium:0;--awb-spacing-right-medium:9.6%;--awb-spacing-left-medium:9.6%;--awb-width-small:100%;--awb-order-small:0;--awb-spacing-right-small:1.92%;--awb-spacing-left-small:1.92%;\"><div class=\"fusion-column-wrapper fusion-column-has-shadow fusion-flex-justify-content-flex-start fusion-content-layout-column\"><div class=\"fusion-image-element \" style=\"text-align:center;--awb-max-width:185px;--awb-caption-title-font-family:var(--h2_typography-font-family);--awb-caption-title-font-weight:var(--h2_typography-font-weight);--awb-caption-title-font-style:var(--h2_typography-font-style);--awb-caption-title-size:var(--h2_typography-font-size);--awb-caption-title-transform:var(--h2_typography-text-transform);--awb-caption-title-line-height:var(--h2_typography-line-height);--awb-caption-title-letter-spacing:var(--h2_typography-letter-spacing);\"><span class=\" fusion-imageframe imageframe-none imageframe-1 hover-type-none\"><img decoding=\"async\" width=\"300\" height=\"300\" alt=\"Satelite\" title=\"satellite_circle_370px\" src=\"https:\/\/reuniwatt.com\/es\/wp-content\/uploads\/sites\/6\/2025\/11\/satellite_circle_370px-300x300.jpg\" class=\"img-responsive wp-image-8062\" srcset=\"https:\/\/reuniwatt.com\/es\/wp-content\/uploads\/sites\/6\/2025\/11\/satellite_circle_370px-200x200.jpg 200w, https:\/\/reuniwatt.com\/es\/wp-content\/uploads\/sites\/6\/2025\/11\/satellite_circle_370px.jpg 370w\" sizes=\"(max-width: 640px) 100vw, 300px\" \/><\/span><\/div><\/div><\/div><div class=\"fusion-layout-column fusion_builder_column fusion-builder-column-3 fusion-flex-column\" style=\"--awb-bg-size:cover;--awb-width-large:30%;--awb-margin-top-large:0px;--awb-spacing-right-large:6.4%;--awb-margin-bottom-large:20px;--awb-spacing-left-large:6.4%;--awb-width-medium:30%;--awb-order-medium:0;--awb-spacing-right-medium:6.4%;--awb-spacing-left-medium:6.4%;--awb-width-small:100%;--awb-order-small:0;--awb-spacing-right-small:1.92%;--awb-spacing-left-small:1.92%;\"><div class=\"fusion-column-wrapper fusion-column-has-shadow fusion-flex-justify-content-flex-start fusion-content-layout-column\"><div class=\"fusion-text fusion-text-3\" style=\"--awb-text-transform:none;\"><h2>Servicios a partir de im\u00e1genes satelitales<\/h2>\n<p style=\"text-align: left;\">Nuestro m\u00e9todo patentado SunSat&trade; procesa las im\u00e1genes de sat\u00e9lites geoestacionarios para reconstruir la nubosidad y la insolaci\u00f3n a nivel del suelo y con una resoluci\u00f3n kilom\u00e9trica. \u00a1El servicio est\u00e1 disponible a nivel mundial y se aplica al pasado, al presente e incluso al futuro!<\/p>\n<\/div><\/div><\/div><div class=\"fusion-layout-column fusion_builder_column fusion-builder-column-4 fusion-flex-column\" style=\"--awb-bg-size:cover;--awb-width-large:20%;--awb-margin-top-large:0px;--awb-spacing-right-large:9.6%;--awb-margin-bottom-large:20px;--awb-spacing-left-large:9.6%;--awb-width-medium:20%;--awb-order-medium:0;--awb-spacing-right-medium:9.6%;--awb-spacing-left-medium:9.6%;--awb-width-small:100%;--awb-order-small:0;--awb-spacing-right-small:1.92%;--awb-spacing-left-small:1.92%;\"><div class=\"fusion-column-wrapper fusion-column-has-shadow fusion-flex-justify-content-flex-start fusion-content-layout-column\"><div class=\"fusion-image-element \" style=\"text-align:center;--awb-max-width:185px;--awb-caption-title-font-family:var(--h2_typography-font-family);--awb-caption-title-font-weight:var(--h2_typography-font-weight);--awb-caption-title-font-style:var(--h2_typography-font-style);--awb-caption-title-size:var(--h2_typography-font-size);--awb-caption-title-transform:var(--h2_typography-text-transform);--awb-caption-title-line-height:var(--h2_typography-line-height);--awb-caption-title-letter-spacing:var(--h2_typography-letter-spacing);\"><span class=\" fusion-imageframe imageframe-none imageframe-2 hover-type-none\"><img decoding=\"async\" width=\"300\" height=\"300\" alt=\"Sky Insight\" title=\"sky-insight_circle_370px\" src=\"https:\/\/reuniwatt.com\/es\/wp-content\/uploads\/sites\/6\/2025\/11\/sky-insight_circle_370px-300x300.jpg\" class=\"img-responsive wp-image-8063\" srcset=\"https:\/\/reuniwatt.com\/es\/wp-content\/uploads\/sites\/6\/2025\/11\/sky-insight_circle_370px-200x200.jpg 200w, https:\/\/reuniwatt.com\/es\/wp-content\/uploads\/sites\/6\/2025\/11\/sky-insight_circle_370px.jpg 370w\" sizes=\"(max-width: 640px) 100vw, 300px\" \/><\/span><\/div><\/div><\/div><div class=\"fusion-layout-column fusion_builder_column fusion-builder-column-5 fusion-flex-column\" style=\"--awb-bg-size:cover;--awb-box-shadow: 0px 0px ;;--awb-width-large:30%;--awb-margin-top-large:0px;--awb-spacing-right-large:6.4%;--awb-margin-bottom-large:20px;--awb-spacing-left-large:6.4%;--awb-width-medium:30%;--awb-order-medium:0;--awb-spacing-right-medium:6.4%;--awb-spacing-left-medium:6.4%;--awb-width-small:100%;--awb-order-small:0;--awb-spacing-right-small:1.92%;--awb-spacing-left-small:1.92%;\"><div class=\"fusion-column-wrapper fusion-column-has-shadow fusion-flex-justify-content-flex-start fusion-content-layout-column\"><div class=\"fusion-text fusion-text-4\" style=\"--awb-text-transform:none;\"><h2>Servicios a partir de im\u00e1genes del cielo<\/h2>\n<p style=\"text-align: left;\">Nuestros generadores de im\u00e1genes del cielo, incluido el Sky InSight&trade;, especialmente desarrollados para la observaci\u00f3n del cielo durante el d\u00eda y la noche realizan un seguimiento de la nubosidad con una precisi\u00f3n inigualable, y pueden utilizarse para predecir la producci\u00f3n de las centrales el\u00e9ctricas en los pr\u00f3ximos minutos con el m\u00e9todo InstaCast&trade;.<\/p>\n<\/div><\/div><\/div><\/div><\/div><div class=\"fusion-fullwidth fullwidth-box fusion-builder-row-3 fusion-flex-container nonhundred-percent-fullwidth non-hundred-percent-height-scrolling\" style=\"--awb-border-radius-top-left:0px;--awb-border-radius-top-right:0px;--awb-border-radius-bottom-right:0px;--awb-border-radius-bottom-left:0px;--awb-flex-wrap:wrap;\" ><div class=\"fusion-builder-row fusion-row fusion-flex-align-items-flex-start fusion-flex-content-wrap\" style=\"max-width:1144px;margin-left: calc(-4% \/ 2 );margin-right: calc(-4% \/ 2 );\"><div class=\"fusion-layout-column fusion_builder_column fusion-builder-column-6 fusion_builder_column_1_2 1_2 fusion-flex-column fusion-column-inner-bg-wrapper\" style=\"--awb-padding-top:20%;--awb-padding-bottom:20%;--awb-inner-bg-image:url(&#039;https:\/\/reuniwatt.com\/fr\/wp-content\/uploads\/sites\/2\/2020\/12\/19489242119_a57b4f30a7_o-1024x6748-1.jpg&#039;);--awb-inner-bg-position:center center;--awb-inner-bg-size:cover;--awb-filter:saturate(100%) brightness(100%) contrast(100%);--awb-filter-transition:filter 0.3s ease;--awb-filter-hover:saturate(120%) brightness(120%) contrast(120%);--awb-width-large:50%;--awb-margin-top-large:0px;--awb-spacing-right-large:3.84%;--awb-margin-bottom-large:20px;--awb-spacing-left-large:3.84%;--awb-width-medium:50%;--awb-order-medium:0;--awb-spacing-right-medium:3.84%;--awb-spacing-left-medium:3.84%;--awb-width-small:100%;--awb-order-small:0;--awb-spacing-right-small:1.92%;--awb-spacing-left-small:1.92%;\"><span class=\"fusion-column-inner-bg hover-type-none\"><a class=\"fusion-column-anchor\" href=\"https:\/\/reuniwatt.com\/fr\/qui-sommes-nous\/\"><span class=\"fusion-column-inner-bg-image\"><\/span><\/a><\/span><div class=\"fusion-column-wrapper fusion-column-has-shadow fusion-flex-justify-content-flex-start fusion-content-layout-column fusion-column-has-bg-image\" data-bg-url=\"https:\/\/reuniwatt.com\/fr\/wp-content\/uploads\/sites\/2\/2020\/12\/19489242119_a57b4f30a7_o-1024x6748-1.jpg\"><div class=\"fusion-text fusion-text-5 fusion-animated\" data-animationType=\"zoomIn\" data-animationDuration=\"0.3\" data-animationOffset=\"top-into-view\"><h2 style=\"text-align: center; color: white;\"><strong>Qui\u00e9nes somos<\/strong><\/h2>\n<h3 style=\"color: white; text-align: center;\"><span style=\"color: #ffffff;\">Reuniwatt es una empresa l\u00edder en el campo de las ciencias atmosf\u00e9ricas y la estimaci\u00f3n de la irradiaci\u00f3n solar<\/span><\/h3>\n<\/div><\/div><\/div><div class=\"fusion-layout-column fusion_builder_column fusion-builder-column-7 fusion_builder_column_1_2 1_2 fusion-flex-column fusion-column-inner-bg-wrapper\" style=\"--awb-padding-top:20%;--awb-padding-bottom:20%;--awb-inner-bg-image:url(&#039;https:\/\/reuniwatt.com\/fr\/wp-content\/uploads\/sites\/2\/2020\/12\/Reuniwatt_reportage\u00a9France-Active-Stefan-Grippon-66-1024x682-1.jpg&#039;);--awb-inner-bg-position:center center;--awb-inner-bg-size:cover;--awb-filter:saturate(100%) brightness(100%) contrast(100%);--awb-filter-transition:filter 0.3s ease;--awb-filter-hover:saturate(120%) brightness(140%) contrast(120%);--awb-width-large:50%;--awb-margin-top-large:0px;--awb-spacing-right-large:3.84%;--awb-margin-bottom-large:20px;--awb-spacing-left-large:3.84%;--awb-width-medium:50%;--awb-order-medium:0;--awb-spacing-right-medium:3.84%;--awb-spacing-left-medium:3.84%;--awb-width-small:100%;--awb-order-small:0;--awb-spacing-right-small:1.92%;--awb-spacing-left-small:1.92%;\"><span class=\"fusion-column-inner-bg hover-type-none\"><a class=\"fusion-column-anchor\" href=\"https:\/\/reuniwatt.com\/fr\/actu\/\"><span class=\"fusion-column-inner-bg-image\"><\/span><\/a><\/span><div class=\"fusion-column-wrapper fusion-column-has-shadow fusion-flex-justify-content-center fusion-content-layout-row fusion-column-has-bg-image\" data-bg-url=\"https:\/\/reuniwatt.com\/fr\/wp-content\/uploads\/sites\/2\/2020\/12\/Reuniwatt_reportage\u00a9France-Active-Stefan-Grippon-66-1024x682-1.jpg\"><div class=\"fusion-text fusion-text-6 fusion-animated\" data-animationType=\"zoomIn\" data-animationDuration=\"0.3\" data-animationOffset=\"top-into-view\"><h2 style=\"text-align: center;\"><span style=\"color: #ffffff;\"><a style=\"color: #ffffff;\" href=\"https:\/\/reuniwatt.com\/fr\/actu\/\"><strong>Nuestras noticias<\/strong><\/a><\/span><\/h2>\n<h3 style=\"text-align: center;\"><span style=\"color: #ffffff;\"><a style=\"color: #ffffff;\" href=\"https:\/\/reuniwatt.com\/fr\/actu\/\">Lea las \u00faltimas noticias<br \/>\nde Reuniwatt (FR)<\/a><\/span><\/h3>\n<\/div><\/div><\/div><\/div><\/div><div class=\"fusion-fullwidth fullwidth-box fusion-builder-row-4 fusion-flex-container nonhundred-percent-fullwidth non-hundred-percent-height-scrolling\" style=\"--awb-background-position:left top;--awb-border-sizes-left:0px;--awb-border-sizes-right:0px;--awb-border-color:#5b5b5b;--awb-border-style:dashed;--awb-border-radius-top-left:0px;--awb-border-radius-top-right:0px;--awb-border-radius-bottom-right:0px;--awb-border-radius-bottom-left:0px;--awb-padding-top:0px;--awb-padding-bottom:0px;--awb-margin-top:30px;--awb-margin-bottom:30px;--awb-background-color:#ffffff;--awb-flex-wrap:wrap;\" ><div class=\"fusion-builder-row fusion-row fusion-flex-align-items-flex-start fusion-flex-justify-content-center fusion-flex-content-wrap\" style=\"max-width:1144px;margin-left: calc(-4% \/ 2 );margin-right: calc(-4% \/ 2 );\"><div class=\"fusion-layout-column fusion_builder_column fusion-builder-column-8 fusion_builder_column_1_2 1_2 fusion-flex-column fusion-flex-align-self-stretch\" style=\"--awb-padding-top:20px;--awb-padding-right:30px;--awb-padding-bottom:20px;--awb-padding-left:30px;--awb-bg-color:#c9c9c9;--awb-bg-color-hover:#c9c9c9;--awb-bg-image:linear-gradient(180deg, #bcbcbc 0%,rgba(214,214,214,0.54) 100%);--awb-bg-blend:overlay;--awb-bg-size:cover;--awb-filter:saturate(100%) brightness(100%) contrast(100%);--awb-filter-transition:filter 0.3s ease;--awb-filter-hover:saturate(120%) brightness(105%) contrast(105%);--awb-width-large:50%;--awb-margin-top-large:0px;--awb-spacing-right-large:3.84%;--awb-margin-bottom-large:20px;--awb-spacing-left-large:3.84%;--awb-width-medium:50%;--awb-order-medium:0;--awb-spacing-right-medium:3.84%;--awb-spacing-left-medium:3.84%;--awb-width-small:100%;--awb-order-small:0;--awb-spacing-right-small:1.92%;--awb-spacing-left-small:1.92%;\"><div class=\"fusion-column-wrapper fusion-column-has-shadow fusion-flex-justify-content-center fusion-content-layout-column\"><div class=\"fusion-separator fusion-full-width-sep\" style=\"align-self: center;margin-left: auto;margin-right: auto;width:100%;\"><div class=\"fusion-separator-border sep-double\" style=\"--awb-height:20px;--awb-amount:20px;border-color:#e0dede;border-top-width:1px;border-bottom-width:1px;\"><\/div><\/div><div class=\"fusion-separator fusion-full-width-sep\" style=\"align-self: center;margin-left: auto;margin-right: auto;width:100%;\"><div class=\"fusion-separator-border sep-double\" style=\"--awb-height:20px;--awb-amount:20px;border-color:#e0dede;border-top-width:1px;border-bottom-width:1px;\"><\/div><\/div><div class=\"fusion-text fusion-text-7\"><h2 style=\"text-align: center;\"><strong>Eventos<\/strong><\/h2>\n<\/div><div class=\"fusion-separator fusion-full-width-sep\" style=\"align-self: center;margin-left: auto;margin-right: auto;width:100%;\"><div class=\"fusion-separator-border sep-single sep-solid\" style=\"--awb-height:20px;--awb-amount:20px;border-color:#e0dede;border-top-width:1px;\"><\/div><\/div><div class=\"fusion-separator fusion-full-width-sep\" style=\"align-self: center;margin-left: auto;margin-right: auto;width:100%;\"><div class=\"fusion-separator-border sep-single sep-solid\" style=\"--awb-height:20px;--awb-amount:20px;border-color:#e0dede;border-top-width:1px;\"><\/div><\/div><div class=\"fusion-text fusion-text-8\" style=\"--awb-text-transform:none;\"><p><div class=\"fusion-fa-align-left\"><i class=\"fb-icon-element-1 fb-icon-element fontawesome-icon fa fa-calendar circle-no\" style=\"--awb-iconcolor:black;--awb-iconcolor-hover:black;--awb-font-size:18px;--awb-margin-right:9px;\"><\/i><\/div><div class=\"fusion-text fusion-text-8\"><\/div>\u00a0<strong>Actris Science Conference<br \/>\n<\/strong>20\u201323 de abril de 2026 \u2013 Oslo, Noruega<\/p>\n<\/div><div class=\"fusion-separator fusion-full-width-sep\" style=\"align-self: center;margin-left: auto;margin-right: auto;width:100%;\"><div class=\"fusion-separator-border sep-single sep-solid\" style=\"--awb-height:20px;--awb-amount:20px;border-color:#e0dede;border-top-width:1px;\"><\/div><\/div><div class=\"fusion-separator fusion-full-width-sep\" style=\"align-self: center;margin-left: auto;margin-right: auto;width:100%;\"><div class=\"fusion-separator-border sep-single sep-solid\" style=\"--awb-height:20px;--awb-amount:20px;border-color:#e0dede;border-top-width:1px;\"><\/div><\/div><div class=\"fusion-text fusion-text-10\" style=\"--awb-text-transform:none;\"><p><div class=\"fusion-fa-align-left\"><i class=\"fb-icon-element-2 fb-icon-element fontawesome-icon fa fa-calendar circle-no\" style=\"--awb-iconcolor:black;--awb-iconcolor-hover:black;--awb-font-size:18px;--awb-margin-right:9px;\"><\/i><\/div> <div class=\"fusion-text fusion-text-10\"><\/div>\u00a0<strong>The smarter E<br \/>\n<\/strong>Intersolar Europe 2026 &#8211; Stand A3.555<br \/>\n23\u201325 de junio de 2026 \u2013 M\u00fanich, Alemania<\/p>\n<\/div><div class=\"fusion-separator fusion-full-width-sep\" style=\"align-self: center;margin-left: auto;margin-right: auto;width:100%;\"><div class=\"fusion-separator-border sep-single sep-solid\" style=\"--awb-height:20px;--awb-amount:20px;border-color:#e0dede;border-top-width:1px;\"><\/div><\/div><div class=\"fusion-separator fusion-full-width-sep\" style=\"align-self: center;margin-left: auto;margin-right: auto;width:100%;\"><div class=\"fusion-separator-border sep-single sep-solid\" style=\"--awb-height:20px;--awb-amount:20px;border-color:#e0dede;border-top-width:1px;\"><\/div><\/div><div class=\"fusion-text fusion-text-12\"><p><div class=\"fusion-fa-align-left\"><i class=\"fb-icon-element-3 fb-icon-element fontawesome-icon fa fa-calendar circle-no\" style=\"--awb-iconcolor:black;--awb-iconcolor-hover:black;--awb-font-size:18px;--awb-margin-right:9px;\"><\/i><\/div><div class=\"fusion-text fusion-text-12\"><\/div><a href=\"https:\/\/fr.linkedin.com\/company\/reuniwatt\" target=\"_blank\" rel=\"noopener\"><strong>Follow us on LinkedIn to stay updated about our <\/strong><\/a><strong>activities<\/strong><br \/>\nOr check out our past webinars <a href=\"https:\/\/reuniwatt.com\/en\/resources\/#webinarsondemand\">here<\/a>.<\/p>\n<\/div><\/div><\/div><div class=\"fusion-layout-column fusion_builder_column fusion-builder-column-9 fusion_builder_column_1_2 1_2 fusion-flex-column fusion-flex-align-self-stretch\" style=\"--awb-padding-top:140px;--awb-padding-right:30px;--awb-padding-bottom:140px;--awb-padding-left:30px;--awb-bg-image:url(&#039;https:\/\/reuniwatt.com\/fr\/wp-content\/uploads\/sites\/2\/2020\/12\/sustainable-manufacturingr.jpg&#039;);--awb-bg-position:center center;--awb-bg-blend:darken;--awb-bg-size:cover;--awb-filter:saturate(100%) brightness(100%) contrast(100%);--awb-filter-transition:filter 0.3s ease;--awb-filter-hover:saturate(120%) brightness(120%) contrast(120%);--awb-width-large:50%;--awb-margin-top-large:0px;--awb-spacing-right-large:3.84%;--awb-margin-bottom-large:20px;--awb-spacing-left-large:3.84%;--awb-width-medium:50%;--awb-order-medium:0;--awb-spacing-right-medium:3.84%;--awb-spacing-left-medium:3.84%;--awb-width-small:100%;--awb-order-small:0;--awb-spacing-right-small:1.92%;--awb-spacing-left-small:1.92%;\"><div class=\"fusion-column-wrapper fusion-column-has-shadow fusion-flex-justify-content-center fusion-content-layout-column fusion-column-has-bg-image\" data-bg-url=\"https:\/\/reuniwatt.com\/fr\/wp-content\/uploads\/sites\/2\/2020\/12\/sustainable-manufacturingr.jpg\"><div class=\"fusion-text fusion-text-14\" style=\"--awb-text-color:#ffffff;\"><h2 style=\"text-align: center;\"><span style=\"color: #ffffff;\"><strong>Cont\u00e1ctenos<\/strong><\/span><\/h2>\n<\/div><div class=\"fusion-text fusion-text-15\" style=\"--awb-text-color:#ffffff;\"><h3 style=\"padding-left: 30px; padding-right: 30px; text-align: center;\"><span style=\"color: #ffffff;\">\u00bfTiene preguntas sobre nuestros productos y servicios, o sobre nuestra empresa? Cont\u00e1ctenos a trav\u00e9s de este formulario. Nuestros equipos le dar\u00e1n una respuesta lo m\u00e1s pronto posible.<\/span><\/h3>\n<\/div><div style=\"text-align:center;\"><a class=\"fusion-button button-flat button-large button-custom fusion-button-default button-1 fusion-button-default-span fusion-button-default-type\" style=\"--button_accent_color:#cc0000;--button_border_color:#cc0000;--button_accent_hover_color:#cc3939;--button_border_hover_color:#cc3939;--button_border_width-top:2px;--button_border_width-right:2px;--button_border_width-bottom:2px;--button_border_width-left:2px;--button_gradient_top_color:#ffffff;--button_gradient_bottom_color:#ffffff;--button_gradient_top_color_hover:#fafafa;--button_gradient_bottom_color_hover:#fafafa;\" target=\"_blank\" rel=\"noopener noreferrer\" href=\"https:\/\/reuniwatt.com\/es\/contactenos\/\"><span class=\"fusion-button-text awb-button__text awb-button__text--default\">Cont\u00e1ctenos<\/span><\/a><\/div><div style=\"text-align:center;\"><a class=\"fusion-button button-flat button-large button-custom fusion-button-default button-2 fusion-button-default-span fusion-button-default-type\" style=\"--button_accent_color:#cc0000;--button_border_color:#cc0000;--button_accent_hover_color:#cc3939;--button_border_hover_color:#cc3939;--button_border_width-top:2px;--button_border_width-right:2px;--button_border_width-bottom:2px;--button_border_width-left:2px;--button_gradient_top_color:#ffffff;--button_gradient_bottom_color:#ffffff;--button_gradient_top_color_hover:#fafafa;--button_gradient_bottom_color_hover:#fafafa;--button_margin-top:10px;\" target=\"_blank\" rel=\"noopener noreferrer\" href=\"mailto:info@reuniwatt.com\"><span class=\"fusion-button-text awb-button__text awb-button__text--default\">Programar una llamada<\/span><\/a><\/div><\/div><\/div><\/div><\/div><\/p>\n","protected":false},"excerpt":{"rendered":"","protected":false},"author":1,"featured_media":0,"parent":0,"menu_order":0,"comment_status":"open","ping_status":"closed","template":"","meta":{"content-type":"","footnotes":""},"class_list":["post-7","page","type-page","status-publish","hentry"],"_links":{"self":[{"href":"https:\/\/reuniwatt.com\/es\/wp-json\/wp\/v2\/pages\/7","targetHints":{"allow":["GET"]}}],"collection":[{"href":"https:\/\/reuniwatt.com\/es\/wp-json\/wp\/v2\/pages"}],"about":[{"href":"https:\/\/reuniwatt.com\/es\/wp-json\/wp\/v2\/types\/page"}],"author":[{"embeddable":true,"href":"https:\/\/reuniwatt.com\/es\/wp-json\/wp\/v2\/users\/1"}],"replies":[{"embeddable":true,"href":"https:\/\/reuniwatt.com\/es\/wp-json\/wp\/v2\/comments?post=7"}],"version-history":[{"count":13,"href":"https:\/\/reuniwatt.com\/es\/wp-json\/wp\/v2\/pages\/7\/revisions"}],"predecessor-version":[{"id":8164,"href":"https:\/\/reuniwatt.com\/es\/wp-json\/wp\/v2\/pages\/7\/revisions\/8164"}],"wp:attachment":[{"href":"https:\/\/reuniwatt.com\/es\/wp-json\/wp\/v2\/media?parent=7"}],"curies":[{"name":"wp","href":"https:\/\/api.w.org\/{rel}","templated":true}]}}