{"id":7862,"date":"2025-04-23T07:06:49","date_gmt":"2025-04-23T06:06:49","guid":{"rendered":"https:\/\/reuniwatt.com\/es\/?page_id=7862"},"modified":"2025-09-03T08:59:47","modified_gmt":"2025-09-03T07:59:47","slug":"mercados-de-energias-renovables","status":"publish","type":"page","link":"https:\/\/reuniwatt.com\/es\/recursos\/mercados-de-energias-renovables\/","title":{"rendered":"Mercados de energ\u00edas renovables"},"content":{"rendered":"<p><div class=\"fusion-fullwidth fullwidth-box fusion-builder-row-1 fusion-flex-container has-pattern-background has-mask-background nonhundred-percent-fullwidth non-hundred-percent-height-scrolling\" style=\"--awb-border-radius-top-left:0px;--awb-border-radius-top-right:0px;--awb-border-radius-bottom-right:0px;--awb-border-radius-bottom-left:0px;--awb-flex-wrap:wrap;\" ><div class=\"fusion-builder-row fusion-row fusion-flex-align-items-flex-start fusion-flex-content-wrap\" style=\"max-width:1144px;margin-left: calc(-4% \/ 2 );margin-right: calc(-4% \/ 2 );\"><div class=\"fusion-layout-column fusion_builder_column fusion-builder-column-0 fusion_builder_column_1_1 1_1 fusion-flex-column\" style=\"--awb-bg-size:cover;--awb-width-large:100%;--awb-margin-top-large:0px;--awb-spacing-right-large:1.92%;--awb-margin-bottom-large:20px;--awb-spacing-left-large:1.92%;--awb-width-medium:100%;--awb-order-medium:0;--awb-spacing-right-medium:1.92%;--awb-spacing-left-medium:1.92%;--awb-width-small:100%;--awb-order-small:0;--awb-spacing-right-small:1.92%;--awb-spacing-left-small:1.92%;\"><div class=\"fusion-column-wrapper fusion-column-has-shadow fusion-flex-justify-content-flex-start fusion-content-layout-column\"><div class=\"fusion-text fusion-text-1\"><p>Explore el din\u00e1mico panorama de la producci\u00f3n de energ\u00eda renovable en diversos pa\u00edses, centr\u00e1ndose en los avances y oportunidades en materia de energ\u00eda e\u00f3lica y solar. Nuestras p\u00e1ginas especializadas ofrecen informaci\u00f3n detallada sobre el mercado de la energ\u00eda renovable de cada pa\u00eds, mostrando sus estrategias, pol\u00edticas y logros \u00fanicos. \u00danase a nosotros para comprender c\u00f3mo estas naciones est\u00e1n aprovechando la energ\u00eda renovable para impulsar el crecimiento sostenible.<\/p>\n<\/div><\/div><\/div><\/div><\/div><div class=\"fusion-fullwidth fullwidth-box fusion-builder-row-2 fusion-flex-container has-pattern-background has-mask-background nonhundred-percent-fullwidth non-hundred-percent-height-scrolling\" style=\"--awb-border-radius-top-left:0px;--awb-border-radius-top-right:0px;--awb-border-radius-bottom-right:0px;--awb-border-radius-bottom-left:0px;--awb-flex-wrap:wrap;\" ><div class=\"fusion-builder-row fusion-row fusion-flex-align-items-flex-start fusion-flex-content-wrap\" style=\"max-width:1144px;margin-left: calc(-4% \/ 2 );margin-right: calc(-4% \/ 2 );\"><div class=\"fusion-layout-column fusion_builder_column fusion-builder-column-1 fusion_builder_column_1_3 1_3 fusion-flex-column\" style=\"--awb-bg-size:cover;--awb-width-large:33.333333333333%;--awb-margin-top-large:0px;--awb-spacing-right-large:5.76%;--awb-margin-bottom-large:20px;--awb-spacing-left-large:5.76%;--awb-width-medium:33.333333333333%;--awb-order-medium:0;--awb-spacing-right-medium:5.76%;--awb-spacing-left-medium:5.76%;--awb-width-small:100%;--awb-order-small:0;--awb-spacing-right-small:1.92%;--awb-spacing-left-small:1.92%;\"><div class=\"fusion-column-wrapper fusion-column-has-shadow fusion-flex-justify-content-flex-start fusion-content-layout-column\"><div class=\"fusion-text fusion-text-2\" style=\"--awb-content-alignment:center;\"><h2><strong><a href=\"https:\/\/reuniwatt.com\/es\/recursos\/mercados-de-energias-renovables\/desarrollo-renovables-australia\/\">Australia<\/a><\/strong><\/h2>\n<\/div><div class=\"fusion-image-element \" style=\"text-align:center;--awb-caption-title-font-family:var(--h2_typography-font-family);--awb-caption-title-font-weight:var(--h2_typography-font-weight);--awb-caption-title-font-style:var(--h2_typography-font-style);--awb-caption-title-size:var(--h2_typography-font-size);--awb-caption-title-transform:var(--h2_typography-text-transform);--awb-caption-title-line-height:var(--h2_typography-line-height);--awb-caption-title-letter-spacing:var(--h2_typography-letter-spacing);\"><span class=\" fusion-imageframe imageframe-none imageframe-1 hover-type-none\"><a class=\"fusion-no-lightbox\" href=\"https:\/\/reuniwatt.com\/es\/recursos\/mercados-de-energias-renovables\/desarrollo-renovables-australia\/\" target=\"_self\" aria-label=\"Energ\u00eda solar y e\u00f3lica en Australia\"><img decoding=\"async\" width=\"1000\" height=\"667\" alt=\"Energia solar y \u00e9olica en Australia\" src=\"https:\/\/reuniwatt.com\/es\/wp-content\/uploads\/sites\/6\/2025\/04\/Energia_solar_y_eolica_en_Australia-1.webp\" class=\"img-responsive wp-image-7870\" srcset=\"https:\/\/reuniwatt.com\/es\/wp-content\/uploads\/sites\/6\/2025\/04\/Energia_solar_y_eolica_en_Australia-1-200x133.webp 200w, https:\/\/reuniwatt.com\/es\/wp-content\/uploads\/sites\/6\/2025\/04\/Energia_solar_y_eolica_en_Australia-1-400x267.webp 400w, https:\/\/reuniwatt.com\/es\/wp-content\/uploads\/sites\/6\/2025\/04\/Energia_solar_y_eolica_en_Australia-1-600x400.webp 600w, https:\/\/reuniwatt.com\/es\/wp-content\/uploads\/sites\/6\/2025\/04\/Energia_solar_y_eolica_en_Australia-1-800x534.webp 800w, https:\/\/reuniwatt.com\/es\/wp-content\/uploads\/sites\/6\/2025\/04\/Energia_solar_y_eolica_en_Australia-1.webp 1000w\" sizes=\"(max-width: 640px) 100vw, 400px\" \/><\/a><\/span><\/div><div class=\"fusion-text fusion-text-3\" style=\"--awb-content-alignment:center;\"><p>El mercado de las energ\u00edas renovables en Australia est\u00e1 experimentando un crecimiento significativo, impulsado por proyectos solares y e\u00f3licos a gran escala, con el objetivo de que el pa\u00eds alcance un 82 % de energ\u00eda renovable para 2030. El mercado se ve respaldado por s\u00f3lidos marcos normativos y la disminuci\u00f3n de los costes tecnol\u00f3gicos, lo que hace que las energ\u00edas renovables sean cada vez m\u00e1s competitivas con respecto a las fuentes tradicionales.<\/p>\n<\/div><\/div><\/div><div class=\"fusion-layout-column fusion_builder_column fusion-builder-column-2 fusion_builder_column_1_3 1_3 fusion-flex-column\" style=\"--awb-bg-size:cover;--awb-width-large:33.333333333333%;--awb-margin-top-large:0px;--awb-spacing-right-large:5.76%;--awb-margin-bottom-large:20px;--awb-spacing-left-large:5.76%;--awb-width-medium:33.333333333333%;--awb-order-medium:0;--awb-spacing-right-medium:5.76%;--awb-spacing-left-medium:5.76%;--awb-width-small:100%;--awb-order-small:0;--awb-spacing-right-small:1.92%;--awb-spacing-left-small:1.92%;\"><div class=\"fusion-column-wrapper fusion-column-has-shadow fusion-flex-justify-content-flex-start fusion-content-layout-column\"><div class=\"fusion-text fusion-text-4\" style=\"--awb-content-alignment:center;\"><h2><strong><a href=\"https:\/\/reuniwatt.com\/es\/recursos\/mercados-de-energias-renovables\/desarrollo-de-la-energia-eolica-y-solar-en-alemania\/\">Alemania<\/a><\/strong><\/h2>\n<\/div><div class=\"fusion-image-element \" style=\"text-align:center;--awb-caption-title-font-family:var(--h2_typography-font-family);--awb-caption-title-font-weight:var(--h2_typography-font-weight);--awb-caption-title-font-style:var(--h2_typography-font-style);--awb-caption-title-size:var(--h2_typography-font-size);--awb-caption-title-transform:var(--h2_typography-text-transform);--awb-caption-title-line-height:var(--h2_typography-line-height);--awb-caption-title-letter-spacing:var(--h2_typography-letter-spacing);\"><span class=\" fusion-imageframe imageframe-none imageframe-2 hover-type-none\"><a class=\"fusion-no-lightbox\" href=\"https:\/\/reuniwatt.com\/es\/recursos\/mercados-de-energias-renovables\/desarrollo-de-la-energia-eolica-y-solar-en-alemania\/\" target=\"_self\" aria-label=\"Energia solar y \u00e9olica en Alemania\"><img decoding=\"async\" width=\"600\" height=\"400\" alt=\"Energia solar y \u00e9olica en Alemania\" src=\"https:\/\/reuniwatt.com\/es\/wp-content\/uploads\/sites\/6\/2025\/07\/Energia_solar_y_eolica_en_Alemania.webp\" class=\"img-responsive wp-image-7942\" srcset=\"https:\/\/reuniwatt.com\/es\/wp-content\/uploads\/sites\/6\/2025\/07\/Energia_solar_y_eolica_en_Alemania-200x133.webp 200w, https:\/\/reuniwatt.com\/es\/wp-content\/uploads\/sites\/6\/2025\/07\/Energia_solar_y_eolica_en_Alemania-400x267.webp 400w, https:\/\/reuniwatt.com\/es\/wp-content\/uploads\/sites\/6\/2025\/07\/Energia_solar_y_eolica_en_Alemania.webp 600w\" sizes=\"(max-width: 640px) 100vw, 400px\" \/><\/a><\/span><\/div><div class=\"fusion-text fusion-text-5\" style=\"--awb-content-alignment:center;\"><p>Los sectores de la energ\u00eda e\u00f3lica y solar de Alemania est\u00e1n experimentando una r\u00e1pida expansi\u00f3n, liderada por proyectos e\u00f3licos marinos y parques solares a gran escala. La pol\u00edtica Energiewende del pa\u00eds y el entorno regulatorio favorable est\u00e1n acelerando la transici\u00f3n hacia las energ\u00edas renovables, con el objetivo de alcanzar un 65 % de electricidad renovable para 2030.<\/p>\n<\/div><\/div><\/div><div class=\"fusion-layout-column fusion_builder_column fusion-builder-column-3 fusion_builder_column_1_3 1_3 fusion-flex-column\" style=\"--awb-bg-size:cover;--awb-width-large:33.333333333333%;--awb-margin-top-large:0px;--awb-spacing-right-large:5.76%;--awb-margin-bottom-large:20px;--awb-spacing-left-large:5.76%;--awb-width-medium:33.333333333333%;--awb-order-medium:0;--awb-spacing-right-medium:5.76%;--awb-spacing-left-medium:5.76%;--awb-width-small:100%;--awb-order-small:0;--awb-spacing-right-small:1.92%;--awb-spacing-left-small:1.92%;\"><div class=\"fusion-column-wrapper fusion-column-has-shadow fusion-flex-justify-content-flex-start fusion-content-layout-column\"><div class=\"fusion-text fusion-text-6\" style=\"--awb-content-alignment:center;\"><h2><strong><a href=\"https:\/\/reuniwatt.com\/es\/recursos\/mercados-de-energias-renovables\/desarrollo-de-la-energia-eolica-y-solar-en-india\/\">India<\/a><\/strong><\/h2>\n<\/div><div class=\"fusion-image-element \" style=\"text-align:center;--awb-caption-title-font-family:var(--h2_typography-font-family);--awb-caption-title-font-weight:var(--h2_typography-font-weight);--awb-caption-title-font-style:var(--h2_typography-font-style);--awb-caption-title-size:var(--h2_typography-font-size);--awb-caption-title-transform:var(--h2_typography-text-transform);--awb-caption-title-line-height:var(--h2_typography-line-height);--awb-caption-title-letter-spacing:var(--h2_typography-letter-spacing);\"><span class=\" fusion-imageframe imageframe-none imageframe-3 hover-type-none\"><a class=\"fusion-no-lightbox\" href=\"https:\/\/reuniwatt.com\/es\/recursos\/mercados-de-energias-renovables\/desarrollo-de-la-energia-eolica-y-solar-en-india\/\" target=\"_self\" aria-label=\"Energia solar y \u00e9olica en India\"><img decoding=\"async\" width=\"600\" height=\"400\" alt=\"Energia solar y \u00e9olica en India\" src=\"https:\/\/reuniwatt.com\/es\/wp-content\/uploads\/sites\/6\/2025\/08\/Energia_solar_y_eolica_en_India.webp\" class=\"img-responsive wp-image-7956\" srcset=\"https:\/\/reuniwatt.com\/es\/wp-content\/uploads\/sites\/6\/2025\/08\/Energia_solar_y_eolica_en_India-200x133.webp 200w, https:\/\/reuniwatt.com\/es\/wp-content\/uploads\/sites\/6\/2025\/08\/Energia_solar_y_eolica_en_India-400x267.webp 400w, https:\/\/reuniwatt.com\/es\/wp-content\/uploads\/sites\/6\/2025\/08\/Energia_solar_y_eolica_en_India.webp 600w\" sizes=\"(max-width: 640px) 100vw, 400px\" \/><\/a><\/span><\/div><div class=\"fusion-text fusion-text-7\" style=\"--awb-content-alignment:center;\"><p>Los sectores de la energ\u00eda e\u00f3lica y solar de la India est\u00e1n creciendo r\u00e1pidamente, impulsados por ambiciosos objetivos en materia de energ\u00edas renovables y pol\u00edticas gubernamentales favorables. El pa\u00eds est\u00e1 realizando importantes inversiones en parques solares y e\u00f3licos a gran escala, con el objetivo de alcanzar una capacidad renovable de 500 GW para 2030.<\/p>\n<\/div><\/div><\/div><div class=\"fusion-layout-column fusion_builder_column fusion-builder-column-4 fusion_builder_column_1_3 1_3 fusion-flex-column\" style=\"--awb-bg-size:cover;--awb-width-large:33.333333333333%;--awb-margin-top-large:0px;--awb-spacing-right-large:5.76%;--awb-margin-bottom-large:20px;--awb-spacing-left-large:5.76%;--awb-width-medium:33.333333333333%;--awb-order-medium:0;--awb-spacing-right-medium:5.76%;--awb-spacing-left-medium:5.76%;--awb-width-small:100%;--awb-order-small:0;--awb-spacing-right-small:1.92%;--awb-spacing-left-small:1.92%;\"><div class=\"fusion-column-wrapper fusion-column-has-shadow fusion-flex-justify-content-flex-start fusion-content-layout-column\"><div class=\"fusion-text fusion-text-8\" style=\"--awb-content-alignment:center;\"><h2><strong><a href=\"https:\/\/reuniwatt.com\/es\/recursos\/mercados-de-energias-renovables\/desarrollo-de-la-energia-eolica-y-solar-en-sudafrica\/\">Sud\u00e1frica<\/a><\/strong><\/h2>\n<\/div><div class=\"fusion-image-element \" style=\"text-align:center;--awb-caption-title-font-family:var(--h2_typography-font-family);--awb-caption-title-font-weight:var(--h2_typography-font-weight);--awb-caption-title-font-style:var(--h2_typography-font-style);--awb-caption-title-size:var(--h2_typography-font-size);--awb-caption-title-transform:var(--h2_typography-text-transform);--awb-caption-title-line-height:var(--h2_typography-line-height);--awb-caption-title-letter-spacing:var(--h2_typography-letter-spacing);\"><span class=\" fusion-imageframe imageframe-none imageframe-4 hover-type-none\"><a class=\"fusion-no-lightbox\" href=\"https:\/\/reuniwatt.com\/es\/recursos\/mercados-de-energias-renovables\/desarrollo-de-la-energia-eolica-y-solar-en-sudafrica\/\" target=\"_self\" aria-label=\"Energ\u00eda solar y e\u00f3lica en Sud\u00e1frica\"><img decoding=\"async\" width=\"600\" height=\"400\" alt=\"Energia solar y \u00e9olica en Sud\u00e1frica\" src=\"https:\/\/reuniwatt.com\/es\/wp-content\/uploads\/sites\/6\/2025\/08\/Energia_solar_y_eolica_en_Sudafrica.webp\" class=\"img-responsive wp-image-7966\" srcset=\"https:\/\/reuniwatt.com\/es\/wp-content\/uploads\/sites\/6\/2025\/08\/Energia_solar_y_eolica_en_Sudafrica-200x133.webp 200w, https:\/\/reuniwatt.com\/es\/wp-content\/uploads\/sites\/6\/2025\/08\/Energia_solar_y_eolica_en_Sudafrica-400x267.webp 400w, https:\/\/reuniwatt.com\/es\/wp-content\/uploads\/sites\/6\/2025\/08\/Energia_solar_y_eolica_en_Sudafrica.webp 600w\" sizes=\"(max-width: 640px) 100vw, 400px\" \/><\/a><\/span><\/div><div class=\"fusion-text fusion-text-9\" style=\"--awb-content-alignment:center;\"><p>Los sectores de la energ\u00eda e\u00f3lica y solar de Sud\u00e1frica est\u00e1n en expansi\u00f3n, y el Programa de Adquisici\u00f3n de Productores Independientes de Energ\u00eda Renovable (REIPPPP) desempe\u00f1a un papel crucial. El pa\u00eds se est\u00e1 centrando en proyectos a gran escala para alcanzar su objetivo de 14,4 GW de energ\u00eda renovable para 2030.<\/p>\n<\/div><\/div><\/div><div class=\"fusion-layout-column fusion_builder_column fusion-builder-column-5 fusion_builder_column_1_3 1_3 fusion-flex-column\" style=\"--awb-bg-size:cover;--awb-width-large:33.333333333333%;--awb-margin-top-large:0px;--awb-spacing-right-large:5.76%;--awb-margin-bottom-large:20px;--awb-spacing-left-large:5.76%;--awb-width-medium:33.333333333333%;--awb-order-medium:0;--awb-spacing-right-medium:5.76%;--awb-spacing-left-medium:5.76%;--awb-width-small:100%;--awb-order-small:0;--awb-spacing-right-small:1.92%;--awb-spacing-left-small:1.92%;\"><div class=\"fusion-column-wrapper fusion-column-has-shadow fusion-flex-justify-content-flex-start fusion-content-layout-column\"><div class=\"fusion-text fusion-text-10\" style=\"--awb-content-alignment:center;\"><h2><strong><a href=\"https:\/\/reuniwatt.com\/es\/recursos\/mercados-de-energias-renovables\/desarrollo-de-la-energia-eolica-y-solar-en-espana\/\">Espa\u00f1a<\/a><\/strong><\/h2>\n<h2><\/h2>\n<\/div><div class=\"fusion-image-element \" style=\"text-align:center;--awb-caption-title-font-family:var(--h2_typography-font-family);--awb-caption-title-font-weight:var(--h2_typography-font-weight);--awb-caption-title-font-style:var(--h2_typography-font-style);--awb-caption-title-size:var(--h2_typography-font-size);--awb-caption-title-transform:var(--h2_typography-text-transform);--awb-caption-title-line-height:var(--h2_typography-line-height);--awb-caption-title-letter-spacing:var(--h2_typography-letter-spacing);\"><span class=\" fusion-imageframe imageframe-none imageframe-5 hover-type-none\"><a class=\"fusion-no-lightbox\" href=\"https:\/\/reuniwatt.com\/es\/recursos\/mercados-de-energias-renovables\/desarrollo-de-la-energia-eolica-y-solar-en-espana\/\" target=\"_self\" aria-label=\"Energ\u00eda solar y e\u00f3lica en Espa\u00f1a\"><img decoding=\"async\" width=\"600\" height=\"400\" alt=\"Energ\u00eda solar y e\u00f3lica en Espa\u00f1a\" src=\"https:\/\/reuniwatt.com\/es\/wp-content\/uploads\/sites\/6\/2025\/08\/Energia_solar_y_eolica_en_Espana.webp\" class=\"img-responsive wp-image-7988\" srcset=\"https:\/\/reuniwatt.com\/es\/wp-content\/uploads\/sites\/6\/2025\/08\/Energia_solar_y_eolica_en_Espana-200x133.webp 200w, https:\/\/reuniwatt.com\/es\/wp-content\/uploads\/sites\/6\/2025\/08\/Energia_solar_y_eolica_en_Espana-400x267.webp 400w, https:\/\/reuniwatt.com\/es\/wp-content\/uploads\/sites\/6\/2025\/08\/Energia_solar_y_eolica_en_Espana.webp 600w\" sizes=\"(max-width: 640px) 100vw, 400px\" \/><\/a><\/span><\/div><div class=\"fusion-text fusion-text-11\" style=\"--awb-content-alignment:center;\"><p>Espa\u00f1a es un importante mercado europeo de energ\u00edas renovables con excelentes recursos e\u00f3licos y solares, un r\u00e1pido crecimiento de la energ\u00eda fotovoltaica y un inter\u00e9s creciente por los h\u00edbridos, el almacenamiento y la repotenciaci\u00f3n. Las principales oportunidades provienen de las subastas, los mercados comerciales y los acuerdos de compra de energ\u00eda (PPA) corporativos, mientras que los promotores se enfrentan a cuellos de botella en la conexi\u00f3n a la red, retrasos en la concesi\u00f3n de permisos y la necesidad de una mayor flexibilidad.<\/p>\n<\/div><\/div><\/div><div class=\"fusion-layout-column fusion_builder_column fusion-builder-column-6 fusion_builder_column_1_3 1_3 fusion-flex-column\" style=\"--awb-bg-size:cover;--awb-width-large:33.333333333333%;--awb-margin-top-large:0px;--awb-spacing-right-large:5.76%;--awb-margin-bottom-large:20px;--awb-spacing-left-large:5.76%;--awb-width-medium:33.333333333333%;--awb-order-medium:0;--awb-spacing-right-medium:5.76%;--awb-spacing-left-medium:5.76%;--awb-width-small:100%;--awb-order-small:0;--awb-spacing-right-small:1.92%;--awb-spacing-left-small:1.92%;\"><div class=\"fusion-column-wrapper fusion-column-has-shadow fusion-flex-justify-content-flex-start fusion-content-layout-column\"><div class=\"fusion-text fusion-text-12\" style=\"--awb-content-alignment:center;\"><h2><strong><a href=\"https:\/\/reuniwatt.com\/es\/recursos\/mercados-de-energias-renovables\/desarrollo-de-la-energia-eolica-y-solar-en-emiratos-arabes-unidos\/\">Emiratos \u00c1rabes Unidos<\/a><\/strong><\/h2>\n<h2><\/h2>\n<\/div><div class=\"fusion-image-element \" style=\"text-align:center;--awb-caption-title-font-family:var(--h2_typography-font-family);--awb-caption-title-font-weight:var(--h2_typography-font-weight);--awb-caption-title-font-style:var(--h2_typography-font-style);--awb-caption-title-size:var(--h2_typography-font-size);--awb-caption-title-transform:var(--h2_typography-text-transform);--awb-caption-title-line-height:var(--h2_typography-line-height);--awb-caption-title-letter-spacing:var(--h2_typography-letter-spacing);\"><span class=\" fusion-imageframe imageframe-none imageframe-6 hover-type-none\"><a class=\"fusion-no-lightbox\" href=\"https:\/\/reuniwatt.com\/es\/recursos\/mercados-de-energias-renovables\/desarrollo-de-la-energia-eolica-y-solar-en-emiratos-arabes-unidos\/\" target=\"_self\" aria-label=\"Energ\u00eda solar y e\u00f3lica en Emiratos \u00c1rabes Unidos\"><img decoding=\"async\" width=\"600\" height=\"400\" alt=\"Energ\u00eda solar y e\u00f3lica en Emiratos \u00c1rabes Unidos\" src=\"https:\/\/reuniwatt.com\/es\/wp-content\/uploads\/sites\/6\/2025\/09\/Energia_solar_y_eolica_en_Emiratos_Arabes_Unidos.webp\" class=\"img-responsive wp-image-8017\" srcset=\"https:\/\/reuniwatt.com\/es\/wp-content\/uploads\/sites\/6\/2025\/09\/Energia_solar_y_eolica_en_Emiratos_Arabes_Unidos-200x133.webp 200w, https:\/\/reuniwatt.com\/es\/wp-content\/uploads\/sites\/6\/2025\/09\/Energia_solar_y_eolica_en_Emiratos_Arabes_Unidos-400x267.webp 400w, https:\/\/reuniwatt.com\/es\/wp-content\/uploads\/sites\/6\/2025\/09\/Energia_solar_y_eolica_en_Emiratos_Arabes_Unidos.webp 600w\" sizes=\"(max-width: 640px) 100vw, 400px\" \/><\/a><\/span><\/div><div class=\"fusion-text fusion-text-13\" style=\"--awb-content-alignment:center;\"><p>Los Emiratos \u00c1rabes Unidos est\u00e1n expandiendo r\u00e1pidamente la energ\u00eda solar a escala industrial (especialmente la fotovoltaica) y muestran un inter\u00e9s creciente por la energ\u00eda solar t\u00e9rmica a gran escala, los proyectos piloto e\u00f3licos, el almacenamiento y el hidr\u00f3geno verde, en su b\u00fasqueda de la neutralidad en carbono y la diversificaci\u00f3n energ\u00e9tica. Las oportunidades se ven impulsadas por la alta irradiaci\u00f3n solar, los programas de licitaciones impulsados por el Gobierno y la abundancia de terreno, mientras que los retos incluyen la integraci\u00f3n en la red y la evoluci\u00f3n de las estructuras del mercado.<\/p>\n<\/div><\/div><\/div><\/div><\/div><\/p>\n","protected":false},"excerpt":{"rendered":"","protected":false},"author":1,"featured_media":7984,"parent":175,"menu_order":0,"comment_status":"closed","ping_status":"closed","template":"","meta":{"content-type":"","footnotes":""},"class_list":["post-7862","page","type-page","status-publish","has-post-thumbnail","hentry"],"_links":{"self":[{"href":"https:\/\/reuniwatt.com\/es\/wp-json\/wp\/v2\/pages\/7862","targetHints":{"allow":["GET"]}}],"collection":[{"href":"https:\/\/reuniwatt.com\/es\/wp-json\/wp\/v2\/pages"}],"about":[{"href":"https:\/\/reuniwatt.com\/es\/wp-json\/wp\/v2\/types\/page"}],"author":[{"embeddable":true,"href":"https:\/\/reuniwatt.com\/es\/wp-json\/wp\/v2\/users\/1"}],"replies":[{"embeddable":true,"href":"https:\/\/reuniwatt.com\/es\/wp-json\/wp\/v2\/comments?post=7862"}],"version-history":[{"count":11,"href":"https:\/\/reuniwatt.com\/es\/wp-json\/wp\/v2\/pages\/7862\/revisions"}],"predecessor-version":[{"id":8023,"href":"https:\/\/reuniwatt.com\/es\/wp-json\/wp\/v2\/pages\/7862\/revisions\/8023"}],"up":[{"embeddable":true,"href":"https:\/\/reuniwatt.com\/es\/wp-json\/wp\/v2\/pages\/175"}],"wp:featuredmedia":[{"embeddable":true,"href":"https:\/\/reuniwatt.com\/es\/wp-json\/wp\/v2\/media\/7984"}],"wp:attachment":[{"href":"https:\/\/reuniwatt.com\/es\/wp-json\/wp\/v2\/media?parent=7862"}],"curies":[{"name":"wp","href":"https:\/\/api.w.org\/{rel}","templated":true}]}}