{"id":11303,"date":"2018-10-18T17:07:07","date_gmt":"2018-10-18T16:07:07","guid":{"rendered":"https:\/\/reuniwatt.com\/fr\/?page_id=11303"},"modified":"2025-08-20T14:09:17","modified_gmt":"2025-08-20T13:09:17","slug":"sciences-de-latmosphere","status":"publish","type":"page","link":"https:\/\/reuniwatt.com\/fr\/applications\/sciences-de-latmosphere\/","title":{"rendered":"Sciences de l&rsquo;atmosph\u00e8re"},"content":{"rendered":"<p><div class=\"fusion-fullwidth fullwidth-box fusion-builder-row-1 fusion-flex-container fusion-parallax-fixed nonhundred-percent-fullwidth non-hundred-percent-height-scrolling\" style=\"--awb-background-position:left center;--awb-border-radius-top-left:0px;--awb-border-radius-top-right:0px;--awb-border-radius-bottom-right:0px;--awb-border-radius-bottom-left:0px;--awb-padding-top:20px;--awb-padding-bottom:50px;--awb-background-image:url(&quot;https:\/\/reuniwatt.com\/en\/wp-content\/uploads\/sites\/3\/2018\/08\/sky-clouds-cloudy-weather.jpg&quot;);--awb-background-size:cover;--awb-border-sizes-top:0px;--awb-border-sizes-bottom:0px;--awb-flex-wrap:wrap;background-attachment:fixed;\" ><div class=\"fusion-builder-row fusion-row fusion-flex-align-items-flex-start fusion-flex-content-wrap\" style=\"max-width:1144px;margin-left: calc(-4% \/ 2 );margin-right: calc(-4% \/ 2 );\"><div class=\"fusion-layout-column fusion_builder_column fusion-builder-column-0 fusion_builder_column_1_1 1_1 fusion-flex-column\" style=\"--awb-bg-size:cover;--awb-width-large:100%;--awb-margin-top-large:0px;--awb-spacing-right-large:1.92%;--awb-margin-bottom-large:0px;--awb-spacing-left-large:1.92%;--awb-width-medium:100%;--awb-spacing-right-medium:1.92%;--awb-spacing-left-medium:1.92%;--awb-width-small:100%;--awb-spacing-right-small:1.92%;--awb-spacing-left-small:1.92%;\"><div class=\"fusion-column-wrapper fusion-flex-justify-content-flex-start fusion-content-layout-column\"><div class=\"fusion-text fusion-text-1\"><div style=\"width: 45%; min-height: 100%; margin: 10%; background-color: rgba(255, 255, 255, 0.9);\">\n<div style=\"margin: 35px;\">\n<p class=\"intro\">L&rsquo;\u00e9tude des nuages fournit des informations pr\u00e9cieuses pour la pr\u00e9vision m\u00e9t\u00e9orologique et les \u00e9tudes climatiques, en particulier pour les pr\u00e9cipitations, la circulation atmosph\u00e9rique et le rayonnement en surface.<\/p>\n<p><span style=\"color: #000000;\">Pourtant, les nuages restent des objets compliqu\u00e9s, en raison de la complexit\u00e9 des m\u00e9canismes qui r\u00e9gissent leur formation, leur structure et leur dynamique. Pour mieux les comprendre, Reuniwatt a d\u00e9velopp\u00e9 des solutions innovantes pour observer les nuages par dessus et par dessous.<\/span><\/p>\n<div class=\"fusion-text fusion-text-1\"><\/div><\/div>\n<\/div>\n<\/div><\/div><\/div><\/div><\/div><div class=\"fusion-fullwidth fullwidth-box fusion-builder-row-2 fusion-flex-container nonhundred-percent-fullwidth non-hundred-percent-height-scrolling\" style=\"--awb-background-position:left top;--awb-border-color:#5b5b5b;--awb-border-style:dashed;--awb-border-radius-top-left:0px;--awb-border-radius-top-right:0px;--awb-border-radius-bottom-right:0px;--awb-border-radius-bottom-left:0px;--awb-padding-top:50px;--awb-padding-bottom:20px;--awb-background-color:#ffffff;--awb-border-sizes-top:0px;--awb-border-sizes-bottom:0px;--awb-flex-wrap:wrap;\" ><div class=\"fusion-builder-row fusion-row fusion-flex-align-items-flex-start fusion-flex-content-wrap\" style=\"max-width:1144px;margin-left: calc(-4% \/ 2 );margin-right: calc(-4% \/ 2 );\"><div class=\"fusion-layout-column fusion_builder_column fusion-builder-column-1 fusion_builder_column_1_1 1_1 fusion-flex-column\" style=\"--awb-bg-size:cover;--awb-width-large:100%;--awb-margin-top-large:0px;--awb-spacing-right-large:1.92%;--awb-margin-bottom-large:0px;--awb-spacing-left-large:1.92%;--awb-width-medium:100%;--awb-spacing-right-medium:1.92%;--awb-spacing-left-medium:1.92%;--awb-width-small:100%;--awb-spacing-right-small:1.92%;--awb-spacing-left-small:1.92%;\"><div class=\"fusion-column-wrapper fusion-flex-justify-content-flex-start fusion-content-layout-column\"><div class=\"fusion-text fusion-text-3\"><h2 id=\"sky_from_below\" style=\"text-align: center;\"><strong>Obs<span style=\"color: #000000;\">erv<\/span>ation du ciel depuis le sol<\/strong><\/h2>\n<div style=\"max-width: 60%; margin-left: 20%; margin-top: 50px; margin-bottom: 50px;\">\n<h4 style=\"text-align: center;\"><em>L&rsquo;observation des nuages de jour comme de nuit, et la compr\u00e9hension de leur dynamique au-dessus d&rsquo;un site est un d\u00e9fi, que ce soit pour des applications li\u00e9es au transport, \u00e0 l&rsquo;agriculture ou \u00e0 la m\u00e9t\u00e9orologie.<\/em><\/h4>\n<\/div>\n<\/div><\/div><\/div><div class=\"fusion-layout-column fusion_builder_column fusion-builder-column-2 fusion_builder_column_1_2 1_2 fusion-flex-column\" style=\"--awb-bg-size:cover;--awb-width-large:50%;--awb-margin-top-large:0px;--awb-spacing-right-large:3.84%;--awb-margin-bottom-large:20px;--awb-spacing-left-large:3.84%;--awb-width-medium:50%;--awb-spacing-right-medium:3.84%;--awb-spacing-left-medium:3.84%;--awb-width-small:100%;--awb-spacing-right-small:1.92%;--awb-spacing-left-small:1.92%;\"><div class=\"fusion-column-wrapper fusion-flex-justify-content-flex-start fusion-content-layout-column\"><div class=\"fusion-text fusion-text-4\"><p>Reuniwatt con\u00e7oit et fabrique le Sky InSight&trade;, un imageur du ciel infrarouge thermique unique par sa capacit\u00e9 d&rsquo;observation continue et \u00e0 haute r\u00e9solution de l&rsquo;atmosph\u00e8re au-dessus d&rsquo;un site. Ses principales fonctionnalit\u00e9s sont les suivantes :<\/p>\n<div style=\"margin: 35px;\"><\/div>\n<\/div><ul style=\"--awb-size:13px;--awb-iconcolor:#000000;--awb-line-height:22.1px;--awb-icon-width:22.1px;--awb-icon-height:22.1px;--awb-icon-margin:9.1px;--awb-content-margin:31.2px;\" class=\"fusion-checklist fusion-checklist-1 fusion-checklist-default type-icons\"><li class=\"fusion-li-item\" style=\"\"><span class=\"icon-wrapper circle-no\"><i class=\"fusion-li-icon fa-check fas\" aria-hidden=\"true\"><\/i><\/span><div class=\"fusion-li-item-content\">\n<p>Observation 24h\/24<\/p>\n<\/div><\/li><li class=\"fusion-li-item\" style=\"\"><span class=\"icon-wrapper circle-no\"><i class=\"fusion-li-icon fa-check fas\" aria-hidden=\"true\"><\/i><\/span><div class=\"fusion-li-item-content\">\n<p>Fraction nuageuse, hauteur des nuages et \u00e9paisseur optique des nuages<\/p>\n<\/div><\/li><li class=\"fusion-li-item\" style=\"\"><span class=\"icon-wrapper circle-no\"><i class=\"fusion-li-icon fa-check fas\" aria-hidden=\"true\"><\/i><\/span><div class=\"fusion-li-item-content\">\n<p>Classification des types de nuages<\/p>\n<\/div><\/li><li class=\"fusion-li-item\" style=\"\"><span class=\"icon-wrapper circle-no\"><i class=\"fusion-li-icon fa-check fas\" aria-hidden=\"true\"><\/i><\/span><div class=\"fusion-li-item-content\">\n<p>D\u00e9tection de pluie et brouillard<\/p>\n<\/div><\/li><li class=\"fusion-li-item\" style=\"\"><span class=\"icon-wrapper circle-no\"><i class=\"fusion-li-icon fa-check fas\" aria-hidden=\"true\"><\/i><\/span><div class=\"fusion-li-item-content\">\n<p>D\u00e9tection de la zone circumsolaire sans \u00e9blouissement<\/p>\n<\/div><\/li><li class=\"fusion-li-item\" style=\"\"><span class=\"icon-wrapper circle-no\"><i class=\"fusion-li-icon fa-check fas\" aria-hidden=\"true\"><\/i><\/span><div class=\"fusion-li-item-content\">\n<p>Cartographie locale de l&rsquo;ensoleillement<\/p>\n<\/div><\/li><\/ul><\/div><\/div><div class=\"fusion-layout-column fusion_builder_column fusion-builder-column-3 fusion_builder_column_1_2 1_2 fusion-flex-column\" style=\"--awb-bg-size:cover;--awb-width-large:50%;--awb-margin-top-large:0px;--awb-spacing-right-large:3.84%;--awb-margin-bottom-large:20px;--awb-spacing-left-large:3.84%;--awb-width-medium:50%;--awb-spacing-right-medium:3.84%;--awb-spacing-left-medium:3.84%;--awb-width-small:100%;--awb-spacing-right-small:1.92%;--awb-spacing-left-small:1.92%;\"><div class=\"fusion-column-wrapper fusion-flex-justify-content-flex-start fusion-content-layout-column\"><div class=\"fusion-text fusion-text-5\"><p><img decoding=\"async\" class=\"aligncenter size-full wp-image-2795\" src=\"https:\/\/reuniwatt.com\/en\/wp-content\/uploads\/sites\/3\/2018\/08\/SkyInsight-1.jpg\" alt=\"\" width=\"100%\" height=\"\" \/><\/p>\n<p><em>Sky InSight&trade; plac\u00e9 \u00e0 l&rsquo;installation Table Moutain du NOAA dans le Boulder, Colorado, dans le cadre de l&rsquo;exp\u00e9rience <a href=\"https:\/\/www.esrl.noaa.gov\/gmd\/grad\/cpex.html\" target=\"_blank\" rel=\"noopener noreferrer\">Cloud Properties Experiment (CPEX)<\/a> en 2018.<\/em><\/p>\n<\/div><\/div><\/div><div class=\"fusion-layout-column fusion_builder_column fusion-builder-column-4 fusion_builder_column_1_1 1_1 fusion-flex-column fusion-flex-align-self-flex-start fusion-column-no-min-height\" style=\"--awb-bg-size:cover;--awb-width-large:100%;--awb-margin-top-large:0px;--awb-spacing-right-large:1.92%;--awb-margin-bottom-large:0px;--awb-spacing-left-large:1.92%;--awb-width-medium:100%;--awb-spacing-right-medium:1.92%;--awb-spacing-left-medium:1.92%;--awb-width-small:100%;--awb-spacing-right-small:1.92%;--awb-spacing-left-small:1.92%;\"><div class=\"fusion-column-wrapper fusion-flex-justify-content-flex-start fusion-content-layout-column\"><div style=\"text-align:center;\"><a class=\"fusion-button button-flat button-large button-custom fusion-button-default button-1 fusion-button-default-span \" style=\"--button_accent_color:#ffffff;--button_accent_hover_color:#ffffff;--button_border_hover_color:#ffffff;--button_border_width-top:1px;--button_border_width-right:1px;--button_border_width-bottom:1px;--button_border_width-left:1px;--button_gradient_top_color:#cc0000;--button_gradient_bottom_color:#cc0000;--button_gradient_top_color_hover:#ff4444;--button_gradient_bottom_color_hover:#ff4444;\" target=\"_self\" href=\"https:\/\/reuniwatt.com\/en\/247-all-sky-observation-sky-insight\"><span class=\"fusion-button-text awb-button__text awb-button__text--default\">Plus d&rsquo;infos<\/span><\/a><\/div><\/div><\/div><\/div><\/div><div class=\"fusion-fullwidth fullwidth-box fusion-builder-row-3 fusion-flex-container nonhundred-percent-fullwidth non-hundred-percent-height-scrolling\" style=\"--awb-background-position:left top;--awb-border-color:#5b5b5b;--awb-border-style:dashed;--awb-border-radius-top-left:0px;--awb-border-radius-top-right:0px;--awb-border-radius-bottom-right:0px;--awb-border-radius-bottom-left:0px;--awb-padding-top:50px;--awb-padding-right:0px;--awb-padding-bottom:20px;--awb-padding-left:0px;--awb-background-color:#dddddd;--awb-border-sizes-top:0px;--awb-border-sizes-bottom:0px;--awb-flex-wrap:wrap;\" ><div class=\"fusion-builder-row fusion-row fusion-flex-align-items-flex-start fusion-flex-content-wrap\" style=\"max-width:1144px;margin-left: calc(-4% \/ 2 );margin-right: calc(-4% \/ 2 );\"><div class=\"fusion-layout-column fusion_builder_column fusion-builder-column-5 fusion_builder_column_1_1 1_1 fusion-flex-column\" style=\"--awb-bg-size:cover;--awb-width-large:100%;--awb-margin-top-large:0px;--awb-spacing-right-large:1.92%;--awb-margin-bottom-large:0px;--awb-spacing-left-large:1.92%;--awb-width-medium:100%;--awb-spacing-right-medium:1.92%;--awb-spacing-left-medium:1.92%;--awb-width-small:100%;--awb-spacing-right-small:1.92%;--awb-spacing-left-small:1.92%;\"><div class=\"fusion-column-wrapper fusion-flex-justify-content-flex-start fusion-content-layout-column\"><div class=\"fusion-text fusion-text-6\"><h2 id=\"sky_from_above\" style=\"text-align: center;\"><strong>Observation du ciel depuis l&rsquo;espace<\/strong><\/h2>\n<div style=\"max-width: 60%; margin-left: 20%; margin-top: 50px; margin-bottom: 50px;\">\n<h4 style=\"text-align: center;\"><em>Les donn\u00e9es satellite permettent des am\u00e9liorations significatives de la qualit\u00e9 d&rsquo;observation et de pr\u00e9vision du couvert nuageux par rapport aux mod\u00e8les de simulation num\u00e9rique du temps.<\/em><\/h4>\n<\/div>\n<\/div><\/div><\/div><div class=\"fusion-layout-column fusion_builder_column fusion-builder-column-6 fusion_builder_column_1_2 1_2 fusion-flex-column\" style=\"--awb-bg-size:cover;--awb-width-large:50%;--awb-margin-top-large:0px;--awb-spacing-right-large:3.84%;--awb-margin-bottom-large:20px;--awb-spacing-left-large:3.84%;--awb-width-medium:50%;--awb-spacing-right-medium:3.84%;--awb-spacing-left-medium:3.84%;--awb-width-small:100%;--awb-spacing-right-small:1.92%;--awb-spacing-left-small:1.92%;\"><div class=\"fusion-column-wrapper fusion-flex-justify-content-flex-start fusion-content-layout-column\"><div class=\"fusion-text fusion-text-7\"><p><img decoding=\"async\" class=\"aligncenter size-full wp-image-2795\" src=\"https:\/\/reuniwatt.com\/en\/wp-content\/uploads\/sites\/3\/2018\/08\/Himawari-8_4-3.png\" alt=\"\" width=\"100%\" height=\"\" \/><\/p>\n<\/div><\/div><\/div><div class=\"fusion-layout-column fusion_builder_column fusion-builder-column-7 fusion_builder_column_1_2 1_2 fusion-flex-column\" style=\"--awb-bg-size:cover;--awb-width-large:50%;--awb-margin-top-large:0px;--awb-spacing-right-large:3.84%;--awb-margin-bottom-large:20px;--awb-spacing-left-large:3.84%;--awb-width-medium:50%;--awb-spacing-right-medium:3.84%;--awb-spacing-left-medium:3.84%;--awb-width-small:100%;--awb-spacing-right-small:1.92%;--awb-spacing-left-small:1.92%;\"><div class=\"fusion-column-wrapper fusion-flex-justify-content-flex-start fusion-content-layout-column\"><div class=\"fusion-text fusion-text-8\"><p>Reuniwatt a d\u00e9velopp\u00e9 et op\u00e8re SunSat&trade;, sa m\u00e9thode propri\u00e9taire pour l&rsquo;observation de la couverture nuageuse \u00e0 partir d&rsquo;images satellites. Une telle solution permet des observations historiques\u00a0 et en temps r\u00e9el pour l&rsquo;ensemble de la plan\u00e8te en continu et \u00e0 haute r\u00e9solution spatiale et temporelle. Ces observations sont \u00e9galement une source d&rsquo;information tr\u00e8s pr\u00e9cieuse pour le calcul de pr\u00e9vision \u00e0 court terme. De nouvelles applications peuvent \u00eatre imagin\u00e9es gr\u00e2ce \u00e0 la fourniture op\u00e9rationnelle des caract\u00e9ristiques nuageuses suivantes :<\/p>\n<div style=\"margin: 35px;\"><\/div>\n<\/div><ul style=\"--awb-size:13px;--awb-line-height:22.1px;--awb-icon-width:22.1px;--awb-icon-height:22.1px;--awb-icon-margin:9.1px;--awb-content-margin:31.2px;\" class=\"fusion-checklist fusion-checklist-2 fusion-checklist-default type-icons\"><li class=\"fusion-li-item\" style=\"\"><span class=\"icon-wrapper circle-no\"><i class=\"fusion-li-icon fa-check fas\" aria-hidden=\"true\"><\/i><\/span><div class=\"fusion-li-item-content\">\n<p>Fraction nuageuse<\/p>\n<\/div><\/li><li class=\"fusion-li-item\" style=\"\"><span class=\"icon-wrapper circle-no\"><i class=\"fusion-li-icon fa-check fas\" aria-hidden=\"true\"><\/i><\/span><div class=\"fusion-li-item-content\">\n<p>Type de nuage<\/p>\n<\/div><\/li><li class=\"fusion-li-item\" style=\"\"><span class=\"icon-wrapper circle-no\"><i class=\"fusion-li-icon fa-check fas\" aria-hidden=\"true\"><\/i><\/span><div class=\"fusion-li-item-content\">\n<p>D\u00e9tection multicouche<\/p>\n<\/div><\/li><li class=\"fusion-li-item\" style=\"\"><span class=\"icon-wrapper circle-no\"><i class=\"fusion-li-icon fa-check fas\" aria-hidden=\"true\"><\/i><\/span><div class=\"fusion-li-item-content\">\n<p>Caract\u00e9ristiques du sommet du nuage (altitude, niveau de pression, temp\u00e9rature)<\/p>\n<\/div><\/li><li class=\"fusion-li-item\" style=\"\"><span class=\"icon-wrapper circle-no\"><i class=\"fusion-li-icon fa-check fas\" aria-hidden=\"true\"><\/i><\/span><div class=\"fusion-li-item-content\">\n<p>Nuages pr\u00e9cipitants<\/p>\n<\/div><\/li><li class=\"fusion-li-item\" style=\"\"><span class=\"icon-wrapper circle-no\"><i class=\"fusion-li-icon fa-check fas\" aria-hidden=\"true\"><\/i><\/span><div class=\"fusion-li-item-content\">\n<p>Epaisseur optique<\/p>\n<\/div><\/li><li class=\"fusion-li-item\" style=\"\"><span class=\"icon-wrapper circle-no\"><i class=\"fusion-li-icon fa-check fas\" aria-hidden=\"true\"><\/i><\/span><div class=\"fusion-li-item-content\">\n<p>Champ de d\u00e9placement nuageux<\/p>\n<\/div><\/li><li class=\"fusion-li-item\" style=\"\"><span class=\"icon-wrapper circle-no\"><i class=\"fusion-li-icon fa-check fas\" aria-hidden=\"true\"><\/i><\/span><div class=\"fusion-li-item-content\">\n<p>Pr\u00e9vision du couvert nuageux<\/p>\n<\/div><\/li><\/ul><\/div><\/div><div class=\"fusion-layout-column fusion_builder_column fusion-builder-column-8 fusion_builder_column_1_1 1_1 fusion-flex-column fusion-flex-align-self-flex-start fusion-column-no-min-height\" style=\"--awb-bg-size:cover;--awb-width-large:100%;--awb-margin-top-large:0px;--awb-spacing-right-large:1.92%;--awb-margin-bottom-large:0px;--awb-spacing-left-large:1.92%;--awb-width-medium:100%;--awb-spacing-right-medium:1.92%;--awb-spacing-left-medium:1.92%;--awb-width-small:100%;--awb-spacing-right-small:1.92%;--awb-spacing-left-small:1.92%;\"><div class=\"fusion-column-wrapper fusion-flex-justify-content-flex-start fusion-content-layout-column\"><div style=\"text-align:center;\"><a class=\"fusion-button button-flat button-large button-custom fusion-button-default button-2 fusion-button-default-span \" style=\"--button_accent_color:#ffffff;--button_accent_hover_color:#ffffff;--button_border_hover_color:#ffffff;--button_border_width-top:1px;--button_border_width-right:1px;--button_border_width-bottom:1px;--button_border_width-left:1px;--button_gradient_top_color:#cc0000;--button_gradient_bottom_color:#cc0000;--button_gradient_top_color_hover:#ff4444;--button_gradient_bottom_color_hover:#ff4444;\" target=\"_self\" href=\"https:\/\/reuniwatt.com\/en\/solar-irradiance-estimation-tool-sunsat\/\"><span class=\"fusion-button-text awb-button__text awb-button__text--default\">Plus d&rsquo;infos<\/span><\/a><\/div><div class=\"fusion-text fusion-text-9\"><\/div><\/div><\/div><\/div><\/div><div class=\"fusion-fullwidth fullwidth-box fusion-builder-row-4 fusion-flex-container fusion-parallax-fixed nonhundred-percent-fullwidth non-hundred-percent-height-scrolling\" style=\"--awb-border-radius-top-left:0px;--awb-border-radius-top-right:0px;--awb-border-radius-bottom-right:0px;--awb-border-radius-bottom-left:0px;--awb-padding-top:250px;--awb-padding-bottom:250px;--awb-background-image:url(&quot;https:\/\/reuniwatt.com\/en\/wp-content\/uploads\/sites\/3\/2018\/09\/landscape-water-nature-mountain-light-cloud-706135-pxhere.com_-e1537794289315.jpg&quot;);--awb-background-size:cover;--awb-border-sizes-top:0px;--awb-border-sizes-bottom:0px;--awb-flex-wrap:wrap;background-attachment:fixed;\" ><div class=\"fusion-builder-row fusion-row fusion-flex-align-items-stretch fusion-flex-content-wrap\" style=\"max-width:1144px;margin-left: calc(-4% \/ 2 );margin-right: calc(-4% \/ 2 );\"><div class=\"fusion-layout-column fusion_builder_column fusion-builder-column-9 fusion_builder_column_1_1 1_1 fusion-flex-column fusion-flex-align-self-flex-start fusion-column-no-min-height\" style=\"--awb-bg-size:cover;--awb-width-large:100%;--awb-margin-top-large:0px;--awb-spacing-right-large:1.92%;--awb-margin-bottom-large:0px;--awb-spacing-left-large:1.92%;--awb-width-medium:100%;--awb-spacing-right-medium:1.92%;--awb-spacing-left-medium:1.92%;--awb-width-small:100%;--awb-spacing-right-small:1.92%;--awb-spacing-left-small:1.92%;\"><div class=\"fusion-column-wrapper fusion-flex-justify-content-flex-start fusion-content-layout-column\"><div style=\"text-align:center;\"><a class=\"fusion-button button-flat button-large button-custom fusion-button-default button-3 fusion-button-default-span fusion-button-default-type\" style=\"--button_accent_color:#cc0000;--button_border_color:#cc0000;--button_accent_hover_color:#cc3939;--button_border_hover_color:#cc3939;--button_border_width-top:1px;--button_border_width-right:1px;--button_border_width-bottom:1px;--button_border_width-left:1px;--button_gradient_top_color:#e1e1e1;--button_gradient_bottom_color:#e1e1e1;--button_gradient_top_color_hover:#fafafa;--button_gradient_bottom_color_hover:#fafafa;\" target=\"_self\" href=\"mailto:teammarketing@reuniwatt.com\"><span class=\"fusion-button-text awb-button__text awb-button__text--default\">Prendre contact<\/span><\/a><\/div><\/div><\/div><\/div><\/div><\/p>\n","protected":false},"excerpt":{"rendered":"","protected":false},"author":1,"featured_media":0,"parent":11298,"menu_order":0,"comment_status":"closed","ping_status":"closed","template":"100-width.php","meta":{"content-type":"","footnotes":""},"class_list":["post-11303","page","type-page","status-publish","hentry"],"_links":{"self":[{"href":"https:\/\/reuniwatt.com\/fr\/wp-json\/wp\/v2\/pages\/11303","targetHints":{"allow":["GET"]}}],"collection":[{"href":"https:\/\/reuniwatt.com\/fr\/wp-json\/wp\/v2\/pages"}],"about":[{"href":"https:\/\/reuniwatt.com\/fr\/wp-json\/wp\/v2\/types\/page"}],"author":[{"embeddable":true,"href":"https:\/\/reuniwatt.com\/fr\/wp-json\/wp\/v2\/users\/1"}],"replies":[{"embeddable":true,"href":"https:\/\/reuniwatt.com\/fr\/wp-json\/wp\/v2\/comments?post=11303"}],"version-history":[{"count":10,"href":"https:\/\/reuniwatt.com\/fr\/wp-json\/wp\/v2\/pages\/11303\/revisions"}],"predecessor-version":[{"id":14564,"href":"https:\/\/reuniwatt.com\/fr\/wp-json\/wp\/v2\/pages\/11303\/revisions\/14564"}],"up":[{"embeddable":true,"href":"https:\/\/reuniwatt.com\/fr\/wp-json\/wp\/v2\/pages\/11298"}],"wp:attachment":[{"href":"https:\/\/reuniwatt.com\/fr\/wp-json\/wp\/v2\/media?parent=11303"}],"curies":[{"name":"wp","href":"https:\/\/api.w.org\/{rel}","templated":true}]}}