{"id":11312,"date":"2018-10-22T17:08:40","date_gmt":"2018-10-22T16:08:40","guid":{"rendered":"https:\/\/reuniwatt.com\/fr\/?page_id=11312"},"modified":"2025-02-17T11:34:05","modified_gmt":"2025-02-17T10:34:05","slug":"carrieres","status":"publish","type":"page","link":"https:\/\/reuniwatt.com\/fr\/qui-sommes-nous\/carrieres\/","title":{"rendered":"Carri\u00e8res"},"content":{"rendered":"<p><div class=\"fusion-fullwidth fullwidth-box fusion-builder-row-1 fusion-flex-container nonhundred-percent-fullwidth non-hundred-percent-height-scrolling\" style=\"--awb-border-radius-top-left:0px;--awb-border-radius-top-right:0px;--awb-border-radius-bottom-right:0px;--awb-border-radius-bottom-left:0px;--awb-padding-right:30px;--awb-padding-left:30px;--awb-flex-wrap:wrap;\" ><div class=\"fusion-builder-row fusion-row fusion-flex-align-items-stretch fusion-flex-content-wrap\" style=\"max-width:1144px;margin-left: calc(-4% \/ 2 );margin-right: calc(-4% \/ 2 );\"><div class=\"fusion-layout-column fusion_builder_column fusion-builder-column-0 fusion_builder_column_1_2 1_2 fusion-flex-column\" style=\"--awb-bg-color:#ffffff;--awb-bg-color-hover:#ffffff;--awb-bg-size:cover;--awb-width-large:50%;--awb-margin-top-large:0px;--awb-spacing-right-large:3.84%;--awb-margin-bottom-large:20px;--awb-spacing-left-large:3.84%;--awb-width-medium:50%;--awb-spacing-right-medium:3.84%;--awb-spacing-left-medium:3.84%;--awb-width-small:100%;--awb-spacing-right-small:1.92%;--awb-spacing-left-small:1.92%;\"><div class=\"fusion-column-wrapper fusion-flex-justify-content-flex-start fusion-content-layout-column\"><div class=\"fusion-text fusion-text-1\" style=\"--awb-text-transform:none;\"><p>Notre \u00e9quipe est compos\u00e9e de collaborateurs et collaboratrices passionn\u00e9s, d\u00e9sireux de combiner leurs expertises dans des domaines vari\u00e9s incluant la m\u00e9t\u00e9orologie, la t\u00e9l\u00e9d\u00e9tection, les statistiques, l&rsquo;apprentissage automatique, les syst\u00e8mes d&rsquo;information g\u00e9ographique, ou encore la conception des syst\u00e8mes informatiques.<br \/>\nNous sommes en recherche continue de nouveaux talents et de points de vue innovants, d\u00e9sireux de de contribuer au d\u00e9veloppement de nouvelles applications,<br \/>\nConsultez nos annonces ci-dessous et envoyez-nous votre candidature par mail \u00e0 <a href=\"mailto:jobs@reuniwatt.com\">jobs@reuniwatt.com<\/a><\/p>\n<p><a href=\"https:\/\/www.linkedin.com\/company\/reuniwatt\/\" target=\"_blank\" rel=\"noopener\">Suivez Reuniwatt sur LinkedIn<\/a> pour vous tenir au courant de nos derni\u00e8res actualit\u00e9s !<\/p>\n<\/div><div style=\"text-align:center;\"><a class=\"fusion-button button-flat fusion-button-default-size button-default fusion-button-default button-1 fusion-button-default-span fusion-button-default-type\" target=\"_self\" href=\"https:\/\/reuniwatt.com\/en\/master-student-internships-data-science-for-renewables\/\"><span class=\"fusion-button-text awb-button__text awb-button__text--default\">Stages pour \u00e9tudiants<\/span><\/a><\/div><\/div><\/div><div class=\"fusion-layout-column fusion_builder_column fusion-builder-column-1 fusion_builder_column_1_2 1_2 fusion-flex-column\" style=\"--awb-bg-position:center center;--awb-bg-size:cover;--awb-width-large:50%;--awb-margin-top-large:0px;--awb-spacing-right-large:3.84%;--awb-margin-bottom-large:20px;--awb-spacing-left-large:3.84%;--awb-width-medium:50%;--awb-order-medium:0;--awb-spacing-right-medium:3.84%;--awb-spacing-left-medium:3.84%;--awb-width-small:100%;--awb-order-small:0;--awb-spacing-right-small:1.92%;--awb-spacing-left-small:1.92%;\"><div class=\"fusion-column-wrapper fusion-column-has-shadow fusion-flex-justify-content-flex-start fusion-content-layout-column\"><div class=\"fusion-image-element \" style=\"--awb-caption-title-font-family:var(--h2_typography-font-family);--awb-caption-title-font-weight:var(--h2_typography-font-weight);--awb-caption-title-font-style:var(--h2_typography-font-style);--awb-caption-title-size:var(--h2_typography-font-size);--awb-caption-title-transform:var(--h2_typography-text-transform);--awb-caption-title-line-height:var(--h2_typography-line-height);--awb-caption-title-letter-spacing:var(--h2_typography-letter-spacing);\"><span class=\" fusion-imageframe imageframe-none imageframe-1 hover-type-none\"><img decoding=\"async\" width=\"700\" height=\"467\" alt=\"Careers at Reuniwatt\" title=\"Reuniwatt_Careers_700\" src=\"https:\/\/reuniwatt.com\/fr\/wp-content\/uploads\/sites\/2\/2022\/08\/Reuniwatt_Careers_700.jpg\" class=\"img-responsive wp-image-13153\" srcset=\"https:\/\/reuniwatt.com\/fr\/wp-content\/uploads\/sites\/2\/2022\/08\/Reuniwatt_Careers_700-200x133.jpg 200w, https:\/\/reuniwatt.com\/fr\/wp-content\/uploads\/sites\/2\/2022\/08\/Reuniwatt_Careers_700-400x267.jpg 400w, https:\/\/reuniwatt.com\/fr\/wp-content\/uploads\/sites\/2\/2022\/08\/Reuniwatt_Careers_700-600x400.jpg 600w, https:\/\/reuniwatt.com\/fr\/wp-content\/uploads\/sites\/2\/2022\/08\/Reuniwatt_Careers_700.jpg 700w\" sizes=\"(max-width: 640px) 100vw, 600px\" \/><\/span><\/div><\/div><\/div><\/div><\/div><div class=\"fusion-fullwidth fullwidth-box fusion-builder-row-2 fusion-flex-container has-pattern-background has-mask-background hundred-percent-fullwidth non-hundred-percent-height-scrolling\" style=\"--awb-border-radius-top-left:0px;--awb-border-radius-top-right:0px;--awb-border-radius-bottom-right:0px;--awb-border-radius-bottom-left:0px;--awb-flex-wrap:wrap;\" ><div class=\"fusion-builder-row fusion-row fusion-flex-align-items-center fusion-flex-justify-content-center fusion-flex-content-wrap\" style=\"width:104% !important;max-width:104% !important;margin-left: calc(-4% \/ 2 );margin-right: calc(-4% \/ 2 );\"><div class=\"fusion-layout-column fusion_builder_column fusion-builder-column-2 fusion_builder_column_1_1 1_1 fusion-flex-column\" style=\"--awb-bg-size:cover;--awb-width-large:100%;--awb-margin-top-large:0px;--awb-spacing-right-large:1.92%;--awb-margin-bottom-large:20px;--awb-spacing-left-large:1.92%;--awb-width-medium:100%;--awb-order-medium:0;--awb-spacing-right-medium:1.92%;--awb-spacing-left-medium:1.92%;--awb-width-small:100%;--awb-order-small:0;--awb-spacing-right-small:1.92%;--awb-spacing-left-small:1.92%;\"><div class=\"fusion-column-wrapper fusion-column-has-shadow fusion-flex-justify-content-flex-start fusion-content-layout-column\"><div class=\"fusion-testimonials clean awb-speech-bubble-show fusion-testimonials-1\" style=\"--awb-textcolor:#747474;--awb-backgroundcolor:#f6f6f6;--awb-testimonial-border-style:solid;--awb-testimonial-border-color:var(--awb-color3);--awb-navigation-size:12px;--awb-border-top-left-radius:0px;--awb-border-top-right-radius:0px;--awb-border-bottom-left-radius:0px;--awb-border-bottom-right-radius:0px;--testimonial-border-width-top:0px;--testimonial-border-width-right:0px;--testimonial-border-width-bottom:0px;--testimonial-border-width-left:0px;\" data-random=\"0\" data-speed=\"10000\"><div class=\"reviews\"><div class=\"review active-testimonial avatar-above no-avatar\"><blockquote class=\"testimonials-shortcode-blockquote\"><div class=\"awb-quote\"><div class=\"awb-quote-content\">\n<p>Je garde un excellent souvenir de mon passage \u00e0 Reuniwatt.<br \/>\nEn effet, on se rend compte dans le monde du travail qu&rsquo;un tel esprit d\u2019\u00e9quipe \/ convivialit\u00e9 est une vraie denr\u00e9e rare !<\/p>\n<\/div><\/div><\/blockquote><div class=\"author\"><span class=\"company-name\"><strong>Martin Accou<\/strong><\/span><\/div><\/div><div class=\"review avatar-above no-avatar\"><blockquote class=\"testimonials-shortcode-blockquote\"><div class=\"awb-quote\"><div class=\"awb-quote-content\">\n<p>Mon exp\u00e9rience \u00e0 vos c\u00f4t\u00e9s a \u00e9t\u00e9 tr\u00e8s enrichissante, car elle m\u2019a permis de consolider mon d\u00e9sir de faire de la recherche que je concr\u00e9tise aujourd\u2019hui avec la poursuite de ma derni\u00e8re ann\u00e9e de doctorat. Je pense r\u00e9trospectivement que cette exp\u00e9rience de stage fut la meilleure que j\u2019ai pu vivre en tant qu\u2019\u00e9tudiant, que ce soit a travers le suivis, les r\u00e9unions de hebdomadaires, les d\u00e9licieux repas partag\u00e9, et biensur l\u2019int\u00e9gration au sein de l\u2019\u00e9quipe. Tout cela a \u00e9t\u00e9 et est encore aujourd\u2019hui tres inspirant pour moi.<\/p>\n<\/div><\/div><\/blockquote><div class=\"author\"><span class=\"company-name\"><strong>C\u00e9lian Ringwald<\/strong><\/span><\/div><\/div><\/div><\/div><\/div><\/div><\/div><\/div><div class=\"fusion-fullwidth fullwidth-box fusion-builder-row-3 fusion-flex-container nonhundred-percent-fullwidth non-hundred-percent-height-scrolling\" style=\"--awb-background-position:left top;--awb-border-color:#5b5b5b;--awb-border-style:dashed;--awb-border-radius-top-left:0px;--awb-border-radius-top-right:0px;--awb-border-radius-bottom-right:0px;--awb-border-radius-bottom-left:0px;--awb-padding-top:20px;--awb-padding-bottom:20px;--awb-background-color:#f6f6f6;--awb-border-sizes-top:0px;--awb-border-sizes-bottom:0px;--awb-flex-wrap:wrap;\" ><div class=\"fusion-builder-row fusion-row fusion-flex-align-items-flex-start fusion-flex-content-wrap\" style=\"max-width:1144px;margin-left: calc(-4% \/ 2 );margin-right: calc(-4% \/ 2 );\"><div class=\"fusion-layout-column fusion_builder_column fusion-builder-column-3 fusion_builder_column_1_1 1_1 fusion-flex-column\" style=\"--awb-bg-size:cover;--awb-width-large:100%;--awb-margin-top-large:0px;--awb-spacing-right-large:1.92%;--awb-margin-bottom-large:0px;--awb-spacing-left-large:1.92%;--awb-width-medium:100%;--awb-spacing-right-medium:1.92%;--awb-spacing-left-medium:1.92%;--awb-width-small:100%;--awb-spacing-right-small:1.92%;--awb-spacing-left-small:1.92%;\"><div class=\"fusion-column-wrapper fusion-flex-justify-content-flex-start fusion-content-layout-column\"><div class=\"fusion-separator fusion-full-width-sep\" style=\"align-self: center;margin-left: auto;margin-right: auto;width:100%;\"><div class=\"fusion-separator-border sep-single sep-solid\" style=\"--awb-height:20px;--awb-amount:20px;border-color:#e0dede;border-top-width:1px;\"><\/div><\/div><div class=\"fusion-text fusion-text-2\"><h4 style=\"padding-left: 90px;\">Candidature spontan\u00e9e : Envoyez votre candidature \u00e0 <a href=\"mailto:jobs@reuniwatt.com\">jobs@reuniwatt.com<\/a><\/h4>\n<\/div><\/div><\/div><\/div><\/div><div class=\"fusion-fullwidth fullwidth-box fusion-builder-row-4 fusion-flex-container nonhundred-percent-fullwidth non-hundred-percent-height-scrolling\" style=\"--awb-border-radius-top-left:0px;--awb-border-radius-top-right:0px;--awb-border-radius-bottom-right:0px;--awb-border-radius-bottom-left:0px;--awb-flex-wrap:wrap;\" ><div class=\"fusion-builder-row fusion-row fusion-flex-align-items-flex-start fusion-flex-content-wrap\" style=\"max-width:1144px;margin-left: calc(-4% \/ 2 );margin-right: calc(-4% \/ 2 );\"><div class=\"fusion-layout-column fusion_builder_column fusion-builder-column-4 fusion_builder_column_1_1 1_1 fusion-flex-column\" style=\"--awb-bg-size:cover;--awb-width-large:100%;--awb-margin-top-large:0px;--awb-spacing-right-large:1.92%;--awb-margin-bottom-large:0px;--awb-spacing-left-large:1.92%;--awb-width-medium:100%;--awb-spacing-right-medium:1.92%;--awb-spacing-left-medium:1.92%;--awb-width-small:100%;--awb-spacing-right-small:1.92%;--awb-spacing-left-small:1.92%;\"><div class=\"fusion-column-wrapper fusion-flex-justify-content-flex-start fusion-content-layout-column\"><div class=\"fusion-text fusion-text-3\"><\/div><\/div><\/div><\/div><\/div><\/p>\n","protected":false},"excerpt":{"rendered":"","protected":false},"author":1,"featured_media":0,"parent":11370,"menu_order":0,"comment_status":"closed","ping_status":"closed","template":"100-width.php","meta":{"content-type":"","footnotes":""},"class_list":["post-11312","page","type-page","status-publish","hentry"],"_links":{"self":[{"href":"https:\/\/reuniwatt.com\/fr\/wp-json\/wp\/v2\/pages\/11312","targetHints":{"allow":["GET"]}}],"collection":[{"href":"https:\/\/reuniwatt.com\/fr\/wp-json\/wp\/v2\/pages"}],"about":[{"href":"https:\/\/reuniwatt.com\/fr\/wp-json\/wp\/v2\/types\/page"}],"author":[{"embeddable":true,"href":"https:\/\/reuniwatt.com\/fr\/wp-json\/wp\/v2\/users\/1"}],"replies":[{"embeddable":true,"href":"https:\/\/reuniwatt.com\/fr\/wp-json\/wp\/v2\/comments?post=11312"}],"version-history":[{"count":10,"href":"https:\/\/reuniwatt.com\/fr\/wp-json\/wp\/v2\/pages\/11312\/revisions"}],"predecessor-version":[{"id":14223,"href":"https:\/\/reuniwatt.com\/fr\/wp-json\/wp\/v2\/pages\/11312\/revisions\/14223"}],"up":[{"embeddable":true,"href":"https:\/\/reuniwatt.com\/fr\/wp-json\/wp\/v2\/pages\/11370"}],"wp:attachment":[{"href":"https:\/\/reuniwatt.com\/fr\/wp-json\/wp\/v2\/media?parent=11312"}],"curies":[{"name":"wp","href":"https:\/\/api.w.org\/{rel}","templated":true}]}}