{"id":12107,"date":"2020-07-01T21:59:09","date_gmt":"2020-07-01T20:59:09","guid":{"rendered":"https:\/\/reuniwatt.com\/fr\/?page_id=12107"},"modified":"2024-08-16T08:54:44","modified_gmt":"2024-08-16T07:54:44","slug":"inscription-au-webinaire-optimiser-la-performance-des-centrales","status":"publish","type":"page","link":"https:\/\/reuniwatt.com\/fr\/inscription-au-webinaire-optimiser-la-performance-des-centrales\/","title":{"rendered":"Inscription au webinaire \u00ab\u00a0Optimiser la performance des centrales\u00a0\u00bb"},"content":{"rendered":"\r\n<p>R\u00e9pondez au questionnaire ci-dessous pour acc\u00e9der \u00e0 notre webinaire \u00e0 la demande \u00ab\u00a0Comment optimiser la performance des centrales solaires ?\u00a0\u00bb<\/p>\r\n\r\n\r\n\r\n<p class=\"has-text-align-center\"><img decoding=\"async\" width=\"400\" height=\"225\" class=\"wp-image-12048\" style=\"width: 400px;\" src=\"https:\/\/reuniwatt.com\/fr\/wp-content\/uploads\/sites\/2\/2020\/07\/maxresdefault.jpg\" alt=\"\" srcset=\"https:\/\/reuniwatt.com\/fr\/wp-content\/uploads\/sites\/2\/2020\/07\/maxresdefault-300x169.jpg 300w, https:\/\/reuniwatt.com\/fr\/wp-content\/uploads\/sites\/2\/2020\/07\/maxresdefault-768x432.jpg 768w, https:\/\/reuniwatt.com\/fr\/wp-content\/uploads\/sites\/2\/2020\/07\/maxresdefault-1024x576.jpg 1024w, https:\/\/reuniwatt.com\/fr\/wp-content\/uploads\/sites\/2\/2020\/07\/maxresdefault.jpg 1280w\" sizes=\"(max-width: 400px) 100vw, 400px\" \/><\/p>\r\n\r\n\r\n<div class=\"fusion-fullwidth fullwidth-box fusion-builder-row-1 fusion-flex-container hundred-percent-fullwidth non-hundred-percent-height-scrolling\" style=\"--awb-border-radius-top-left:0px;--awb-border-radius-top-right:0px;--awb-border-radius-bottom-right:0px;--awb-border-radius-bottom-left:0px;--awb-overflow:visible;--awb-flex-wrap:wrap;\" ><div class=\"fusion-builder-row fusion-row fusion-flex-align-items-flex-start fusion-flex-content-wrap\" style=\"width:calc( 100% + 0px ) !important;max-width:calc( 100% + 0px ) !important;margin-left: calc(-0px \/ 2 );margin-right: calc(-0px \/ 2 );\"><div class=\"fusion-layout-column fusion_builder_column fusion-builder-column-0 fusion_builder_column_1_1 1_1 fusion-flex-column fusion-flex-align-self-flex-start fusion-column-no-min-height\" style=\"--awb-bg-size:cover;--awb-width-large:100%;--awb-margin-top-large:0px;--awb-spacing-right-large:0px;--awb-margin-bottom-large:0px;--awb-spacing-left-large:0px;--awb-width-medium:100%;--awb-spacing-right-medium:0px;--awb-spacing-left-medium:0px;--awb-width-small:100%;--awb-spacing-right-small:0px;--awb-spacing-left-small:0px;\"><div class=\"fusion-column-wrapper fusion-flex-justify-content-flex-start fusion-content-layout-column\">\n<div class=\"wpcf7 no-js\" id=\"wpcf7-f12102-o1\" lang=\"en-GB\" dir=\"ltr\" data-wpcf7-id=\"12102\">\n<div class=\"screen-reader-response\"><p role=\"status\" aria-live=\"polite\" aria-atomic=\"true\"><\/p> <ul><\/ul><\/div>\n<form action=\"\/fr\/wp-json\/wp\/v2\/pages\/12107#wpcf7-f12102-o1\" method=\"post\" class=\"wpcf7-form init ce77f3ee744a cmatic-conn cmatic-aud-3 cmatic-mapd0-0 cmatic-v097802 cmatic-sent-0 cmatic-total-21\" aria-label=\"Contact form\" novalidate=\"novalidate\" data-status=\"init\">\n<fieldset class=\"hidden-fields-container\"><input type=\"hidden\" name=\"_wpcf7\" value=\"12102\" \/><input type=\"hidden\" name=\"_wpcf7_version\" value=\"6.1.5\" \/><input type=\"hidden\" name=\"_wpcf7_locale\" value=\"en_GB\" \/><input type=\"hidden\" name=\"_wpcf7_unit_tag\" value=\"wpcf7-f12102-o1\" \/><input type=\"hidden\" name=\"_wpcf7_container_post\" value=\"0\" \/><input type=\"hidden\" name=\"_wpcf7_posted_data_hash\" value=\"\" \/>\n<\/fieldset>\n<style>\nspan.wpcf7-list-item {\nmargin-left: 0.5em;\ndisplay: block;\n}\n.wpcf7 .submitbutton {\n font-family: Arial;\n font-weight:bold;\n font-size: 14px;\n width: 110px;\n height: 40px;\n padding-top: 2px; \/*permet le centrage vertical*\/\n text-align: center;\n-webkit-appearance: none;\nbackground-color:rgb(208,0,16);\nborder-width:0px;\nborder-radius:4px;\ncolor:white;\n}\n\n.wpcf7 .submitbutton:hover {\nbackground-color:rgb(204,0,00);\n}\n<\/style>\n<div style=\"\">\n\t<div style=\"width:220px;float:left;\">\n\t\t<p>Pr\u00e9nom*\n\t\t<\/p>\n\t<\/div>\n\t<div style=\"width:350px;float:left;\">\n\t<\/div>\n<\/div>\n<p><span class=\"wpcf7-form-control-wrap\" data-name=\"prenom\"><input size=\"160\" maxlength=\"400\" class=\"wpcf7-form-control wpcf7-text wpcf7-validates-as-required\" aria-required=\"true\" aria-invalid=\"false\" value=\"\" type=\"text\" name=\"prenom\" \/><\/span>\n<\/p>\n<div style=\"\">\n\t<div style=\"width:220px;float:left;\">\n\t\t<p>Nom*\n\t\t<\/p>\n\t<\/div>\n\t<div style=\"width:350px;float:left;\">\n\t<\/div>\n<\/div>\n<p><span class=\"wpcf7-form-control-wrap\" data-name=\"nom\"><input size=\"160\" maxlength=\"400\" class=\"wpcf7-form-control wpcf7-text wpcf7-validates-as-required\" aria-required=\"true\" aria-invalid=\"false\" value=\"\" type=\"text\" name=\"nom\" \/><\/span>\n<\/p>\n<div style=\"\">\n\t<div style=\"width:220px;float:left;\">\n\t\t<p>Soci\u00e9t\u00e9\/Organisation*\n\t\t<\/p>\n\t<\/div>\n\t<div style=\"width:350px;float:left;\">\n\t<\/div>\n<\/div>\n<p><span class=\"wpcf7-form-control-wrap\" data-name=\"societe\"><input size=\"160\" maxlength=\"400\" class=\"wpcf7-form-control wpcf7-text wpcf7-validates-as-required\" aria-required=\"true\" aria-invalid=\"false\" value=\"\" type=\"text\" name=\"societe\" \/><\/span>\n<\/p>\n<div style=\"\">\n\t<div style=\"width:220px;float:left;\">\n\t\t<p>Poste*\n\t\t<\/p>\n\t<\/div>\n\t<div style=\"width:350px;float:left;\">\n\t<\/div>\n<\/div>\n<p><span class=\"wpcf7-form-control-wrap\" data-name=\"jobtitle\"><input size=\"160\" maxlength=\"400\" class=\"wpcf7-form-control wpcf7-text wpcf7-validates-as-required\" aria-required=\"true\" aria-invalid=\"false\" value=\"\" type=\"text\" name=\"jobtitle\" \/><\/span>\n<\/p>\n<p>Email*\n<\/p>\n<p><span class=\"wpcf7-form-control-wrap\" data-name=\"email\"><input size=\"40\" maxlength=\"400\" class=\"wpcf7-form-control wpcf7-email wpcf7-validates-as-required wpcf7-text wpcf7-validates-as-email\" aria-required=\"true\" aria-invalid=\"false\" value=\"\" type=\"email\" name=\"email\" \/><\/span>\n<\/p>\n<div style=\"\">\n\t<div style=\"width:220px;float:left;\">\n\t\t<p>Telephone\n\t\t<\/p>\n\t<\/div>\n\t<div style=\"width:350px;float:left;\">\n\t<\/div>\n<\/div>\n<p><span class=\"wpcf7-form-control-wrap\" data-name=\"phone\"><input size=\"160\" maxlength=\"400\" class=\"wpcf7-form-control wpcf7-text\" aria-invalid=\"false\" value=\"\" type=\"text\" name=\"phone\" \/><\/span>\n<\/p>\n<p><br \/>\nVous \u00eates int\u00e9ress\u00e9 par : <br \/>\n<span class=\"wpcf7-form-control-wrap\" data-name=\"checkbox-939\"><span class=\"wpcf7-form-control wpcf7-checkbox\"><span class=\"wpcf7-list-item first\"><input type=\"checkbox\" name=\"checkbox-939[]\" value=\"Energies renouvelables\" \/><span class=\"wpcf7-list-item-label\">Energies renouvelables<\/span><\/span><span class=\"wpcf7-list-item\"><input type=\"checkbox\" name=\"checkbox-939[]\" value=\"Off-grid projects\" \/><span class=\"wpcf7-list-item-label\">Off-grid projects<\/span><\/span><span class=\"wpcf7-list-item\"><input type=\"checkbox\" name=\"checkbox-939[]\" value=\"Wind energy\" \/><span class=\"wpcf7-list-item-label\">Wind energy<\/span><\/span><span class=\"wpcf7-list-item\"><input type=\"checkbox\" name=\"checkbox-939[]\" value=\"Atmospheric Sciences\" \/><span class=\"wpcf7-list-item-label\">Atmospheric Sciences<\/span><\/span><span class=\"wpcf7-list-item\"><input type=\"checkbox\" name=\"checkbox-939[]\" value=\"Defence &amp; Space\" \/><span class=\"wpcf7-list-item-label\">Defence &amp; Space<\/span><\/span><span class=\"wpcf7-list-item last\"><input type=\"checkbox\" name=\"checkbox-939[]\" value=\"Autre\" \/><span class=\"wpcf7-list-item-label\">Autre<\/span><\/span><\/span><\/span>\n<\/p>\n<p><br \/>\n<span class=\"wpcf7-form-control-wrap\" data-name=\"checkbox-254\"><span class=\"wpcf7-form-control wpcf7-checkbox\"><span class=\"wpcf7-list-item first last\"><input type=\"checkbox\" name=\"checkbox-254[]\" value=\"S&#039;inscrire \u00e0 la newsletter\" \/><span class=\"wpcf7-list-item-label\">S&#039;inscrire \u00e0 la newsletter<\/span><\/span><\/span><\/span>\n<\/p>\n<p><span class=\"wpcf7-form-control-wrap kc_captcha\" data-name=\"kc_captcha\"><span class=\"wpcf7-form-control wpcf7-radio\"><span class=\"captcha-image\" ><span class=\"cf7ic_instructions\">Please prove you are human by selecting the<span> star<\/span>.<\/span><label><input aria-label=\"1\" type=\"radio\" name=\"kc_captcha\" value=\"bot\" \/><svg aria-hidden=\"true\" role=\"img\" xmlns=\"http:\/\/www.w3.org\/2000\/svg\" viewBox=\"0 0 576 512\"><path fill=\"currentColor\" d=\"M488 313v143c0 13-11 24-24 24H348c-7 0-12-5-12-12V356c0-7-5-12-12-12h-72c-7 0-12 5-12 12v112c0 7-5 12-12 12H112c-13 0-24-11-24-24V313c0-4 2-7 4-10l188-154c5-4 11-4 16 0l188 154c2 3 4 6 4 10zm84-61l-84-69V44c0-6-5-12-12-12h-56c-7 0-12 6-12 12v73l-89-74a48 48 0 00-61 0L4 252c-5 4-5 12-1 17l25 31c5 5 12 5 17 1l235-193c5-4 11-4 16 0l235 193c5 5 13 4 17-1l25-31c4-6 4-13-1-17z\"\/><\/svg><\/label><label><input aria-label=\"2\" type=\"radio\" name=\"kc_captcha\" value=\"kc_human\" \/><svg aria-hidden=\"true\" role=\"img\" xmlns=\"http:\/\/www.w3.org\/2000\/svg\" viewBox=\"0 0 576 512\"><path fill=\"currentColor\" d=\"M259 18l-65 132-146 22c-26 3-37 36-18 54l106 103-25 146c-5 26 23 46 46 33l131-68 131 68c23 13 51-7 46-33l-25-146 106-103c19-18 8-51-18-54l-146-22-65-132a32 32 0 00-58 0z\"\/><\/svg><\/label><label><input aria-label=\"3\" type=\"radio\" name=\"kc_captcha\" value=\"bot\" \/><svg aria-hidden=\"true\" role=\"img\" xmlns=\"http:\/\/www.w3.org\/2000\/svg\" viewBox=\"0 0 512 512\"><path fill=\"currentColor\" d=\"M350 99c-54 0-98-35-166-35-25 0-47 4-68 12a56 56 0 004-24C118 24 95 1 66 0a56 56 0 00-34 102v386c0 13 11 24 24 24h16c13 0 24-11 24-24v-94c28-12 64-23 114-23 54 0 98 35 166 35 48 0 86-16 122-41 9-6 14-15 14-26V96c0-23-24-39-45-29-35 16-77 32-117 32z\"\/><\/svg><\/label>\r\n    <\/span>\r\n    <span style=\"display:none\">\r\n        <input type=\"text\" name=\"kc_honeypot\">\r\n    <\/span><\/span><\/span>\n<\/p>\n<p><input class=\"wpcf7-form-control wpcf7-submit has-spinner submitbutton\" type=\"submit\" value=\"Envoyer\" \/>\n<\/p><div class=\"fusion-alert alert custom alert-custom fusion-alert-center wpcf7-response-output awb-alert-native-link-color alert-dismissable awb-alert-close-boxed\" style=\"--awb-border-size:1px;--awb-border-top-left-radius:0px;--awb-border-top-right-radius:0px;--awb-border-bottom-left-radius:0px;--awb-border-bottom-right-radius:0px;\" role=\"alert\"><div class=\"fusion-alert-content-wrapper\"><span class=\"fusion-alert-content\"><\/span><\/div><button type=\"button\" class=\"close toggle-alert\" data-dismiss=\"alert\" aria-label=\"Close\">&times;<\/button><\/div>\n<\/form>\n<\/div>\n\n\r\n<\/div><\/div><\/div><\/div>","protected":false},"excerpt":{"rendered":"<p>R\u00e9pondez au questionnaire ci-dessous pour acc\u00e9der \u00e0 notre webinaire \u00e0 la demande \u00ab\u00a0Comment optimiser la performance des centrales solaires ?\u00a0\u00bb<\/p>\n","protected":false},"author":1,"featured_media":0,"parent":0,"menu_order":0,"comment_status":"closed","ping_status":"closed","template":"","meta":{"content-type":"","footnotes":""},"class_list":["post-12107","page","type-page","status-publish","hentry"],"_links":{"self":[{"href":"https:\/\/reuniwatt.com\/fr\/wp-json\/wp\/v2\/pages\/12107","targetHints":{"allow":["GET"]}}],"collection":[{"href":"https:\/\/reuniwatt.com\/fr\/wp-json\/wp\/v2\/pages"}],"about":[{"href":"https:\/\/reuniwatt.com\/fr\/wp-json\/wp\/v2\/types\/page"}],"author":[{"embeddable":true,"href":"https:\/\/reuniwatt.com\/fr\/wp-json\/wp\/v2\/users\/1"}],"replies":[{"embeddable":true,"href":"https:\/\/reuniwatt.com\/fr\/wp-json\/wp\/v2\/comments?post=12107"}],"version-history":[{"count":6,"href":"https:\/\/reuniwatt.com\/fr\/wp-json\/wp\/v2\/pages\/12107\/revisions"}],"predecessor-version":[{"id":13890,"href":"https:\/\/reuniwatt.com\/fr\/wp-json\/wp\/v2\/pages\/12107\/revisions\/13890"}],"wp:attachment":[{"href":"https:\/\/reuniwatt.com\/fr\/wp-json\/wp\/v2\/media?parent=12107"}],"curies":[{"name":"wp","href":"https:\/\/api.w.org\/{rel}","templated":true}]}}