{"id":12593,"date":"2020-12-02T15:59:52","date_gmt":"2020-12-02T14:59:52","guid":{"rendered":"https:\/\/reuniwatt.com\/fr\/?page_id=12593"},"modified":"2023-11-15T09:55:08","modified_gmt":"2023-11-15T08:55:08","slug":"webinaire-a-la-demande-centrales-pvstockage-avec-prevision-dans-les-zni","status":"publish","type":"page","link":"https:\/\/reuniwatt.com\/fr\/webinaires\/webinaire-a-la-demande-centrales-pvstockage-avec-prevision-dans-les-zni\/","title":{"rendered":"Webinaire \u00e0 la demande \u00ab\u00a0Centrales PV+stockage avec pr\u00e9vision dans les ZNI\u00a0\u00bb"},"content":{"rendered":"<div class=\"fusion-fullwidth fullwidth-box fusion-builder-row-1 fusion-flex-container nonhundred-percent-fullwidth non-hundred-percent-height-scrolling\" style=\"--awb-border-radius-top-left:0px;--awb-border-radius-top-right:0px;--awb-border-radius-bottom-right:0px;--awb-border-radius-bottom-left:0px;--awb-flex-wrap:wrap;\" ><div class=\"fusion-builder-row fusion-row fusion-flex-align-items-flex-start fusion-flex-content-wrap\" style=\"max-width:1144px;margin-left: calc(-4% \/ 2 );margin-right: calc(-4% \/ 2 );\"><div class=\"fusion-layout-column fusion_builder_column fusion-builder-column-0 fusion_builder_column_1_1 1_1 fusion-flex-column\" style=\"--awb-bg-size:cover;--awb-width-large:100%;--awb-margin-top-large:0px;--awb-spacing-right-large:1.92%;--awb-margin-bottom-large:0px;--awb-spacing-left-large:1.92%;--awb-width-medium:100%;--awb-spacing-right-medium:1.92%;--awb-spacing-left-medium:1.92%;--awb-width-small:100%;--awb-spacing-right-small:1.92%;--awb-spacing-left-small:1.92%;\"><div class=\"fusion-column-wrapper fusion-flex-justify-content-flex-start fusion-content-layout-column\"><div class=\"fusion-text fusion-text-1\"><h3>Reuniwatt, Naldeo Technologies &amp; Industries et le P\u00f4le d\u2019innovation de la Guadeloupe Synerg\u00eele sont heureux de vous convier \u00e0 leur webinaire en commun. Celui-ci traite des centrales photovolta\u00efque avec stockage et pr\u00e9vision pour \u00e9voquer des solutions vectrices de transition \u00e9nerg\u00e9tique dans les zones non interconnect\u00e9es (ZNI).<\/h3>\n<p>Les th\u00e8mes suivants sont notamment abord\u00e9s : \u2013 Rappel des obligations de la Commission de R\u00e9gulation de l\u2019\u00c9nergie (CRE) dans ces zones bien sp\u00e9cifiques, \u2013 \u00c9tapes n\u00e9cessaires pour la mise en place de pr\u00e9visions au sein d\u2019un syst\u00e8me de pilotage intelligent, \u2013 Retours d\u2019exp\u00e9rience entre Naldeo Technologies &amp; Industries et Reuniwatt dans 4 ZNI (Guadeloupe, Martinique, Guyane et R\u00e9union), \u2013 Comment de telles solutions peuvent aider \u00e0 atteindre 100% d\u2019\u00e9nergies renouvelables dans ces zones insulaires.<\/p>\n<p>Mod\u00e9ratrice : Am\u00e9lie BELFORT, Adjointe de direction-Responsable de l\u2019OREC @Synerg\u00eele Intervenants : Nicolas S\u00c9BASTIEN, Directeur Technique @Reuniwatt et Bruno DAUGROIS, Responable \u00e9tudes et innovation Smart Energy @Naldeo Technologies &amp; Industries.<\/p>\n<p>R\u00e9pondez au questionnaire ci-dessous pour acc\u00e9der \u00e0 notre webinaire \u00e0 la demande \u00ab Centrales PV+stockage avec pr\u00e9vision : solutions vectrices de transition \u00e9nerg\u00e9tique dans les Zones Non Interconnect\u00e9es \u00bb<\/p>\n<p><img decoding=\"async\" class=\"aligncenter size-fusion-600 wp-image-12598\" src=\"https:\/\/reuniwatt.com\/fr\/wp-content\/uploads\/sites\/2\/2020\/12\/Capture9-600x309.jpg\" alt=\"\" width=\"600\" height=\"309\" srcset=\"https:\/\/reuniwatt.com\/fr\/wp-content\/uploads\/sites\/2\/2020\/12\/Capture9-200x103.jpg 200w, https:\/\/reuniwatt.com\/fr\/wp-content\/uploads\/sites\/2\/2020\/12\/Capture9-300x154.jpg 300w, https:\/\/reuniwatt.com\/fr\/wp-content\/uploads\/sites\/2\/2020\/12\/Capture9-400x206.jpg 400w, https:\/\/reuniwatt.com\/fr\/wp-content\/uploads\/sites\/2\/2020\/12\/Capture9-600x309.jpg 600w, https:\/\/reuniwatt.com\/fr\/wp-content\/uploads\/sites\/2\/2020\/12\/Capture9-768x395.jpg 768w, https:\/\/reuniwatt.com\/fr\/wp-content\/uploads\/sites\/2\/2020\/12\/Capture9-800x412.jpg 800w, https:\/\/reuniwatt.com\/fr\/wp-content\/uploads\/sites\/2\/2020\/12\/Capture9-1024x527.jpg 1024w, https:\/\/reuniwatt.com\/fr\/wp-content\/uploads\/sites\/2\/2020\/12\/Capture9-1200x618.jpg 1200w, https:\/\/reuniwatt.com\/fr\/wp-content\/uploads\/sites\/2\/2020\/12\/Capture9-1536x791.jpg 1536w, https:\/\/reuniwatt.com\/fr\/wp-content\/uploads\/sites\/2\/2020\/12\/Capture9.jpg 1643w\" sizes=\"(max-width: 600px) 100vw, 600px\" \/><\/p>\n<\/div>\n<div class=\"wpcf7 no-js\" id=\"wpcf7-f12596-o1\" lang=\"en-GB\" dir=\"ltr\" data-wpcf7-id=\"12596\">\n<div class=\"screen-reader-response\"><p role=\"status\" aria-live=\"polite\" aria-atomic=\"true\"><\/p> <ul><\/ul><\/div>\n<form action=\"\/fr\/wp-json\/wp\/v2\/pages\/12593#wpcf7-f12596-o1\" method=\"post\" class=\"wpcf7-form init ce77f3ee744a cmatic-conn cmatic-aud-3 cmatic-mapd0-0 cmatic-v097802 cmatic-sent-0 cmatic-total-21\" aria-label=\"Contact form\" novalidate=\"novalidate\" data-status=\"init\">\n<fieldset class=\"hidden-fields-container\"><input type=\"hidden\" name=\"_wpcf7\" value=\"12596\" \/><input type=\"hidden\" name=\"_wpcf7_version\" value=\"6.1.5\" \/><input type=\"hidden\" name=\"_wpcf7_locale\" value=\"en_GB\" \/><input type=\"hidden\" name=\"_wpcf7_unit_tag\" value=\"wpcf7-f12596-o1\" \/><input type=\"hidden\" name=\"_wpcf7_container_post\" value=\"0\" \/><input type=\"hidden\" name=\"_wpcf7_posted_data_hash\" value=\"\" \/>\n<\/fieldset>\n<style>\nspan.wpcf7-list-item {\nmargin-left: 0.5em;\ndisplay: block;\n}\n.wpcf7 .submitbutton {\n font-family: Arial;\n font-weight:bold;\n font-size: 14px;\n width: 110px;\n height: 40px;\n padding-top: 2px; \/*permet le centrage vertical*\/\n text-align: center;\n-webkit-appearance: none;\nbackground-color:rgb(208,0,16);\nborder-width:0px;\nborder-radius:4px;\ncolor:white;\n}\n\n.wpcf7 .submitbutton:hover {\nbackground-color:rgb(204,0,00);\n}\n<\/style>\n<div style=\"\">\n\t<div style=\"width:220px;float:left;\">\n\t\t<p>Pr\u00e9nom*\n\t\t<\/p>\n\t<\/div>\n\t<div style=\"width:350px;float:left;\">\n\t<\/div>\n<\/div>\n<p><span class=\"wpcf7-form-control-wrap\" data-name=\"prenom\"><input size=\"160\" maxlength=\"400\" class=\"wpcf7-form-control wpcf7-text wpcf7-validates-as-required\" aria-required=\"true\" aria-invalid=\"false\" value=\"\" type=\"text\" name=\"prenom\" \/><\/span>\n<\/p>\n<div style=\"\">\n\t<div style=\"width:220px;float:left;\">\n\t\t<p>Nom*\n\t\t<\/p>\n\t<\/div>\n\t<div style=\"width:350px;float:left;\">\n\t<\/div>\n<\/div>\n<p><span class=\"wpcf7-form-control-wrap\" data-name=\"nom\"><input size=\"160\" maxlength=\"400\" class=\"wpcf7-form-control wpcf7-text wpcf7-validates-as-required\" aria-required=\"true\" aria-invalid=\"false\" value=\"\" type=\"text\" name=\"nom\" \/><\/span>\n<\/p>\n<div style=\"\">\n\t<div style=\"width:220px;float:left;\">\n\t\t<p>Soci\u00e9t\u00e9\/Organisation*\n\t\t<\/p>\n\t<\/div>\n\t<div style=\"width:350px;float:left;\">\n\t<\/div>\n<\/div>\n<p><span class=\"wpcf7-form-control-wrap\" data-name=\"societe\"><input size=\"160\" maxlength=\"400\" class=\"wpcf7-form-control wpcf7-text wpcf7-validates-as-required\" aria-required=\"true\" aria-invalid=\"false\" value=\"\" type=\"text\" name=\"societe\" \/><\/span>\n<\/p>\n<div style=\"\">\n\t<div style=\"width:220px;float:left;\">\n\t\t<p>Poste*\n\t\t<\/p>\n\t<\/div>\n\t<div style=\"width:350px;float:left;\">\n\t<\/div>\n<\/div>\n<p><span class=\"wpcf7-form-control-wrap\" data-name=\"jobtitle\"><input size=\"160\" maxlength=\"400\" class=\"wpcf7-form-control wpcf7-text wpcf7-validates-as-required\" aria-required=\"true\" aria-invalid=\"false\" value=\"\" type=\"text\" name=\"jobtitle\" \/><\/span>\n<\/p>\n<p>Email*\n<\/p>\n<p><span class=\"wpcf7-form-control-wrap\" data-name=\"email\"><input size=\"40\" maxlength=\"400\" class=\"wpcf7-form-control wpcf7-email wpcf7-validates-as-required wpcf7-text wpcf7-validates-as-email\" aria-required=\"true\" aria-invalid=\"false\" value=\"\" type=\"email\" name=\"email\" \/><\/span>\n<\/p>\n<div style=\"\">\n\t<div style=\"width:220px;float:left;\">\n\t\t<p>Telephone\n\t\t<\/p>\n\t<\/div>\n\t<div style=\"width:350px;float:left;\">\n\t<\/div>\n<\/div>\n<p><span class=\"wpcf7-form-control-wrap\" data-name=\"phone\"><input size=\"160\" maxlength=\"400\" class=\"wpcf7-form-control wpcf7-text\" aria-invalid=\"false\" value=\"\" type=\"text\" name=\"phone\" \/><\/span>\n<\/p>\n<p><br \/>\nVous \u00eates int\u00e9ress\u00e9 par : <br \/>\n<span class=\"wpcf7-form-control-wrap\" data-name=\"checkbox-939\"><span class=\"wpcf7-form-control wpcf7-checkbox\"><span class=\"wpcf7-list-item first\"><input type=\"checkbox\" name=\"checkbox-939[]\" value=\"Energies renouvelables\" \/><span class=\"wpcf7-list-item-label\">Energies renouvelables<\/span><\/span><span class=\"wpcf7-list-item\"><input type=\"checkbox\" name=\"checkbox-939[]\" value=\"Off-grid projects\" \/><span class=\"wpcf7-list-item-label\">Off-grid projects<\/span><\/span><span class=\"wpcf7-list-item\"><input type=\"checkbox\" name=\"checkbox-939[]\" value=\"Wind energy\" \/><span class=\"wpcf7-list-item-label\">Wind energy<\/span><\/span><span class=\"wpcf7-list-item\"><input type=\"checkbox\" name=\"checkbox-939[]\" value=\"Atmospheric Sciences\" \/><span class=\"wpcf7-list-item-label\">Atmospheric Sciences<\/span><\/span><span class=\"wpcf7-list-item\"><input type=\"checkbox\" name=\"checkbox-939[]\" value=\"Defence &amp; Space\" \/><span class=\"wpcf7-list-item-label\">Defence &amp; Space<\/span><\/span><span class=\"wpcf7-list-item last\"><input type=\"checkbox\" name=\"checkbox-939[]\" value=\"Autre\" \/><span class=\"wpcf7-list-item-label\">Autre<\/span><\/span><\/span><\/span>\n<\/p>\n<p><br \/>\n<span class=\"wpcf7-form-control-wrap\" data-name=\"checkbox-254\"><span class=\"wpcf7-form-control wpcf7-checkbox\"><span class=\"wpcf7-list-item first last\"><input type=\"checkbox\" name=\"checkbox-254[]\" value=\"S&#039;inscrire \u00e0 la newsletter\" \/><span class=\"wpcf7-list-item-label\">S&#039;inscrire \u00e0 la newsletter<\/span><\/span><\/span><\/span>\n<\/p>\n<p style=\"font-size:12px ;\"> En remplissant ce formulaire, vous acceptez de recevoir des communications de Reuniwatt avec des articles inspirants, des nouvelles et des informations sur des produits pertinents. Pas de spam. Vous pouvez vous d\u00e9sabonner \u00e0 tout moment.\n<\/p>\n<p><span class=\"wpcf7-form-control-wrap kc_captcha\" data-name=\"kc_captcha\"><span class=\"wpcf7-form-control wpcf7-radio\"><span class=\"captcha-image\" ><span class=\"cf7ic_instructions\">Please prove you are human by selecting the<span> car<\/span>.<\/span><label><input aria-label=\"1\" type=\"radio\" name=\"kc_captcha\" value=\"kc_human\" \/><svg aria-hidden=\"true\" role=\"img\" xmlns=\"http:\/\/www.w3.org\/2000\/svg\" viewBox=\"0 0 512 512\"><path fill=\"currentColor\" d=\"M500 168h-55l-8-21a127 127 0 00-120-83H195a127 127 0 00-120 83l-8 21H12c-8 0-14 8-11 16l8 24a12 12 0 0011 8h29a64 64 0 00-33 56v48c0 16 6 31 16 42v62c0 13 11 24 24 24h48c13 0 24-11 24-24v-40h256v40c0 13 11 24 24 24h48c13 0 24-11 24-24v-62c10-11 16-26 16-42v-48c0-24-13-45-33-56h29a12 12 0 0011-8l8-24c3-8-3-16-11-16zm-365 2c9-25 33-42 60-42h122c27 0 51 17 60 42l15 38H120l15-38zM88 328a32 32 0 010-64c18 0 48 30 48 48s-30 16-48 16zm336 0c-18 0-48 2-48-16s30-48 48-48 32 14 32 32-14 32-32 32z\"\/><\/svg><\/label><label><input aria-label=\"2\" type=\"radio\" name=\"kc_captcha\" value=\"bot\" \/><svg aria-hidden=\"true\" role=\"img\" xmlns=\"http:\/\/www.w3.org\/2000\/svg\" viewBox=\"0 0 640 512\"><path fill=\"currentColor\" d=\"M192 384h192c53 0 96-43 96-96h32a128 128 0 000-256H120c-13 0-24 11-24 24v232c0 53 43 96 96 96zM512 96a64 64 0 010 128h-32V96h32zm48 384H48c-47 0-61-64-36-64h584c25 0 11 64-36 64z\"\/><\/svg><\/label><label><input aria-label=\"3\" type=\"radio\" name=\"kc_captcha\" value=\"bot\" \/><svg aria-hidden=\"true\" role=\"img\" xmlns=\"http:\/\/www.w3.org\/2000\/svg\" viewBox=\"0 0 512 512\"><path fill=\"currentColor\" d=\"M512 176a176 176 0 01-209 173l-24 27a24 24 0 01-18 8h-37v40c0 13-11 24-24 24h-40v40c0 13-11 24-24 24H24c-13 0-24-11-24-24v-78c0-6 3-13 7-17l162-162a176 176 0 11343-55zm-176-48a48 48 0 1096 0 48 48 0 00-96 0z\"\/><\/svg><\/label>\r\n    <\/span>\r\n    <span style=\"display:none\">\r\n        <input type=\"text\" name=\"kc_honeypot\">\r\n    <\/span><\/span><\/span>\n<\/p>\n<p><input class=\"wpcf7-form-control wpcf7-submit has-spinner submitbutton\" type=\"submit\" value=\"Envoyer\" \/>\n<\/p><div class=\"fusion-alert alert custom alert-custom fusion-alert-center wpcf7-response-output awb-alert-native-link-color alert-dismissable awb-alert-close-boxed\" style=\"--awb-border-size:1px;--awb-border-top-left-radius:0px;--awb-border-top-right-radius:0px;--awb-border-bottom-left-radius:0px;--awb-border-bottom-right-radius:0px;\" role=\"alert\"><div class=\"fusion-alert-content-wrapper\"><span class=\"fusion-alert-content\"><\/span><\/div><button type=\"button\" class=\"close toggle-alert\" data-dismiss=\"alert\" aria-label=\"Close\">&times;<\/button><\/div>\n<\/form>\n<\/div>\n<\/div><\/div><\/div><\/div>\n","protected":false},"excerpt":{"rendered":"","protected":false},"author":1,"featured_media":0,"parent":13634,"menu_order":0,"comment_status":"closed","ping_status":"closed","template":"","meta":{"content-type":"","footnotes":""},"class_list":["post-12593","page","type-page","status-publish","hentry"],"_links":{"self":[{"href":"https:\/\/reuniwatt.com\/fr\/wp-json\/wp\/v2\/pages\/12593","targetHints":{"allow":["GET"]}}],"collection":[{"href":"https:\/\/reuniwatt.com\/fr\/wp-json\/wp\/v2\/pages"}],"about":[{"href":"https:\/\/reuniwatt.com\/fr\/wp-json\/wp\/v2\/types\/page"}],"author":[{"embeddable":true,"href":"https:\/\/reuniwatt.com\/fr\/wp-json\/wp\/v2\/users\/1"}],"replies":[{"embeddable":true,"href":"https:\/\/reuniwatt.com\/fr\/wp-json\/wp\/v2\/comments?post=12593"}],"version-history":[{"count":6,"href":"https:\/\/reuniwatt.com\/fr\/wp-json\/wp\/v2\/pages\/12593\/revisions"}],"predecessor-version":[{"id":13639,"href":"https:\/\/reuniwatt.com\/fr\/wp-json\/wp\/v2\/pages\/12593\/revisions\/13639"}],"up":[{"embeddable":true,"href":"https:\/\/reuniwatt.com\/fr\/wp-json\/wp\/v2\/pages\/13634"}],"wp:attachment":[{"href":"https:\/\/reuniwatt.com\/fr\/wp-json\/wp\/v2\/media?parent=12593"}],"curies":[{"name":"wp","href":"https:\/\/api.w.org\/{rel}","templated":true}]}}