{"id":12597,"date":"2020-12-02T15:54:45","date_gmt":"2020-12-02T14:54:45","guid":{"rendered":"https:\/\/reuniwatt.com\/fr\/?page_id=12597"},"modified":"2024-08-14T12:36:39","modified_gmt":"2024-08-14T11:36:39","slug":"webinaire-centrales-pvstockage-avec-prevision-dans-les-zni","status":"publish","type":"page","link":"https:\/\/reuniwatt.com\/fr\/webinaire-centrales-pvstockage-avec-prevision-dans-les-zni\/","title":{"rendered":"[Webinaire] Centrales PV+stockage avec pr\u00e9vision dans les ZNI"},"content":{"rendered":"<div class=\"fusion-fullwidth fullwidth-box fusion-builder-row-1 fusion-flex-container nonhundred-percent-fullwidth non-hundred-percent-height-scrolling\" style=\"--awb-border-radius-top-left:0px;--awb-border-radius-top-right:0px;--awb-border-radius-bottom-right:0px;--awb-border-radius-bottom-left:0px;--awb-flex-wrap:wrap;\" ><div class=\"fusion-builder-row fusion-row fusion-flex-align-items-flex-start fusion-flex-content-wrap\" style=\"max-width:1144px;margin-left: calc(-4% \/ 2 );margin-right: calc(-4% \/ 2 );\"><div class=\"fusion-layout-column fusion_builder_column fusion-builder-column-0 fusion_builder_column_1_1 1_1 fusion-flex-column\" style=\"--awb-bg-size:cover;--awb-width-large:100%;--awb-margin-top-large:0px;--awb-spacing-right-large:1.92%;--awb-margin-bottom-large:0px;--awb-spacing-left-large:1.92%;--awb-width-medium:100%;--awb-spacing-right-medium:1.92%;--awb-spacing-left-medium:1.92%;--awb-width-small:100%;--awb-spacing-right-small:1.92%;--awb-spacing-left-small:1.92%;\"><div class=\"fusion-column-wrapper fusion-flex-justify-content-flex-start fusion-content-layout-column\"><div class=\"fusion-text fusion-text-1\"><h3 class=\"wp-block-heading\">Reuniwatt, Naldeo Technologies &amp; Industries et le P\u00f4le d\u2019innovation de la Guadeloupe Synerg\u00eele sont heureux de vous convier \u00e0 leur webinaire en commun. Celui-ci traite des centrales photovolta\u00efque avec stockage et pr\u00e9vision pour \u00e9voquer des solutions vectrices de transition \u00e9nerg\u00e9tique dans les zones non interconnect\u00e9es (ZNI).<\/h3>\n<p>Les th\u00e8mes suivants sont notamment abord\u00e9s :<\/p>\n<ul>\n<li>Rappel des obligations de la Commission de R\u00e9gulation de l&rsquo;\u00c9nergie (CRE) dans ces zones bien sp\u00e9cifiques,<\/li>\n<li>\u00c9tapes n\u00e9cessaires pour la mise en place de pr\u00e9visions au sein d&rsquo;un syst\u00e8me de pilotage intelligent,<\/li>\n<li>Retours d&rsquo;exp\u00e9rience entre Naldeo Technologies &amp; Industries et Reuniwatt dans 4 ZNI (Guadeloupe, Martinique, Guyane et R\u00e9union),<\/li>\n<li>Comment de telles solutions peuvent aider \u00e0 atteindre 100% d\u2019\u00e9nergies renouvelables dans ces zones insulaires.<\/li>\n<\/ul>\n<p>Mod\u00e9ratrice : Am\u00e9lie BELFORT, Adjointe de direction-Responsable de l&rsquo;OREC @Synerg\u00eele Intervenants : Nicolas S\u00c9BASTIEN, Directeur Technique @Reuniwatt et Bruno DAUGROIS, Responable \u00e9tudes et innovation Smart Energy @Naldeo Technologies &amp; Industries.<\/p>\n<p class=\"has-text-color\" style=\"text-align: center;\"><a href=\"https:\/\/reuniwatt.com\/fr\/wp-content\/uploads\/sites\/2\/2020\/12\/Reuniwatt__20201201_FAQ_webinar5.1.pdf\" target=\"_blank\" rel=\"noopener noreferrer\"><strong><span style=\"color: #c00000;\">T\u00e9l\u00e9chargez les questions &amp; r\u00e9ponses du webinaire.<\/span><\/strong><\/a><\/p>\n<p>&nbsp;<\/p>\n<\/div><div class=\"fusion-video fusion-youtube\" style=\"--awb-max-width:1000px;--awb-max-height:563px;--awb-align-self:center;--awb-width:100%;\" data-autoplay=\"1\"><div class=\"video-shortcode\"><div class=\"fluid-width-video-wrapper\" style=\"padding-top:56.3%;\" ><iframe title=\"YouTube video player 1\" src=\"https:\/\/www.youtube.com\/embed\/YextEdf8WHs?wmode=transparent&autoplay=0\" width=\"1000\" height=\"563\" allowfullscreen allow=\"autoplay; clipboard-write; encrypted-media; gyroscope; picture-in-picture;\"><\/iframe><\/div><\/div><\/div><\/div><\/div><\/div><\/div>","protected":false},"excerpt":{"rendered":"","protected":false},"author":1,"featured_media":0,"parent":0,"menu_order":0,"comment_status":"closed","ping_status":"closed","template":"","meta":{"content-type":"","footnotes":""},"class_list":["post-12597","page","type-page","status-publish","hentry"],"_links":{"self":[{"href":"https:\/\/reuniwatt.com\/fr\/wp-json\/wp\/v2\/pages\/12597","targetHints":{"allow":["GET"]}}],"collection":[{"href":"https:\/\/reuniwatt.com\/fr\/wp-json\/wp\/v2\/pages"}],"about":[{"href":"https:\/\/reuniwatt.com\/fr\/wp-json\/wp\/v2\/types\/page"}],"author":[{"embeddable":true,"href":"https:\/\/reuniwatt.com\/fr\/wp-json\/wp\/v2\/users\/1"}],"replies":[{"embeddable":true,"href":"https:\/\/reuniwatt.com\/fr\/wp-json\/wp\/v2\/comments?post=12597"}],"version-history":[{"count":9,"href":"https:\/\/reuniwatt.com\/fr\/wp-json\/wp\/v2\/pages\/12597\/revisions"}],"predecessor-version":[{"id":13316,"href":"https:\/\/reuniwatt.com\/fr\/wp-json\/wp\/v2\/pages\/12597\/revisions\/13316"}],"wp:attachment":[{"href":"https:\/\/reuniwatt.com\/fr\/wp-json\/wp\/v2\/media?parent=12597"}],"curies":[{"name":"wp","href":"https:\/\/api.w.org\/{rel}","templated":true}]}}