{"id":6275,"date":"2016-08-10T16:14:57","date_gmt":"2016-08-10T15:14:57","guid":{"rendered":"https:\/\/reuniwatt.com\/fr\/?page_id=6275"},"modified":"2024-12-03T12:12:47","modified_gmt":"2024-12-03T11:12:47","slug":"telechargement-de-letude-de-cas-sur-la-prevision-pour-laugmentation-de-la-flexibilite","status":"publish","type":"page","link":"https:\/\/reuniwatt.com\/fr\/telechargement-de-letude-de-cas-sur-la-prevision-pour-laugmentation-de-la-flexibilite\/","title":{"rendered":"T\u00e9l\u00e9chargement de l&rsquo;\u00e9tude de cas sur la flexibilit\u00e9 des r\u00e9seaux"},"content":{"rendered":"<p>Le march\u00e9 allemand a \u00e9t\u00e9 touch\u00e9 le <a href=\"http:\/\/www.epexspot.com\/en\/market-data\/intradaycontinuous\/intraday-table\/2016-05-08\/DE\" target=\"_blank\" rel=\"noopener\">8 Mai 2016<\/a> par une p\u00e9n\u00e9tration exceptionnelle d\u2019\u00e9nergies renouvelables variables (solaire et \u00e9olienne) \u00e0 hauteur de 87% de la production \u00e9lectrique du pays, ce qui a provoqu\u00e9 l\u2019occurrence de prix n\u00e9gatifs d\u2019environ -144.78 \u20ac en moyenne sur le march\u00e9 spot tout au long de la journ\u00e9e. Cet \u00e9v\u00e9nement a \u00e9t\u00e9 engendr\u00e9 en grande partie par la qualit\u00e9 variable des \u00e9nergies renouvelables qui pousse les gestionnaires \u00e0 subir l\u2019oscillation de ces ressources. Gr\u00e2ce \u00e0 la pr\u00e9vision de production d\u2019\u00e9nergie photovolta\u00efque, une innovation compl\u00e8tement ma\u00eetris\u00e9e par Reuniwatt, le solaire devient une \u00e9nergie garantie. Cette technologie permet ainsi une gestion r\u00e9elle de l\u2019\u00e9nergie, avec la disparition progressive des ph\u00e9nom\u00e8nes de prix n\u00e9gatifs.<\/p>\n<p>Remplissez le formulaire de contact ci-dessous pour t\u00e9l\u00e9charger notre \u00e9tude de cas sur<br \/>\n\u00ab Le manque de flexibilit\u00e9 dans les syst\u00e8mes \u00e9lectriques europ\u00e9ens entra\u00eene une gestion d\u00e9grad\u00e9e du r\u00e9seau \u00bb.<\/p>\n<p><a><img decoding=\"async\" class=\" aligncenter wp-image-581\" src=\"https:\/\/reuniwatt.com\/fr\/wp-content\/uploads\/sites\/2\/2016\/08\/pic_case-study2_icon_en.png\" alt=\"solar grid management\" width=\"250\" height=\"329\" \/><\/a><\/p>\n<div class=\"fusion-fullwidth fullwidth-box fusion-builder-row-1 fusion-flex-container hundred-percent-fullwidth non-hundred-percent-height-scrolling\" style=\"--awb-border-radius-top-left:0px;--awb-border-radius-top-right:0px;--awb-border-radius-bottom-right:0px;--awb-border-radius-bottom-left:0px;--awb-overflow:visible;--awb-flex-wrap:wrap;\" ><div class=\"fusion-builder-row fusion-row fusion-flex-align-items-flex-start fusion-flex-content-wrap\" style=\"width:calc( 100% + 0px ) !important;max-width:calc( 100% + 0px ) !important;margin-left: calc(-0px \/ 2 );margin-right: calc(-0px \/ 2 );\"><div class=\"fusion-layout-column fusion_builder_column fusion-builder-column-0 fusion_builder_column_1_1 1_1 fusion-flex-column fusion-flex-align-self-flex-start fusion-column-no-min-height\" style=\"--awb-bg-size:cover;--awb-width-large:100%;--awb-margin-top-large:0px;--awb-spacing-right-large:0px;--awb-margin-bottom-large:0px;--awb-spacing-left-large:0px;--awb-width-medium:100%;--awb-spacing-right-medium:0px;--awb-spacing-left-medium:0px;--awb-width-small:100%;--awb-spacing-right-small:0px;--awb-spacing-left-small:0px;\"><div class=\"fusion-column-wrapper fusion-flex-justify-content-flex-start fusion-content-layout-column\">\n<div class=\"wpcf7 no-js\" id=\"wpcf7-f6279-o1\" lang=\"fr-FR\" dir=\"ltr\" data-wpcf7-id=\"6279\">\n<div class=\"screen-reader-response\"><p role=\"status\" aria-live=\"polite\" aria-atomic=\"true\"><\/p> <ul><\/ul><\/div>\n<form action=\"\/fr\/wp-json\/wp\/v2\/pages\/6275#wpcf7-f6279-o1\" method=\"post\" class=\"wpcf7-form init ce77f3ee744a cmatic-conn cmatic-aud-3 cmatic-mapd0-0 cmatic-v097802 cmatic-sent-0 cmatic-total-21\" aria-label=\"Formulaire de contact\" novalidate=\"novalidate\" data-status=\"init\">\n<fieldset class=\"hidden-fields-container\"><input type=\"hidden\" name=\"_wpcf7\" value=\"6279\" \/><input type=\"hidden\" name=\"_wpcf7_version\" value=\"6.1.5\" \/><input type=\"hidden\" name=\"_wpcf7_locale\" value=\"fr_FR\" \/><input type=\"hidden\" name=\"_wpcf7_unit_tag\" value=\"wpcf7-f6279-o1\" \/><input type=\"hidden\" name=\"_wpcf7_container_post\" value=\"0\" \/><input type=\"hidden\" name=\"_wpcf7_posted_data_hash\" value=\"\" \/>\n<\/fieldset>\n<style>\nspan.wpcf7-list-item {\nmargin-left: 0.5em;\ndisplay: block;\n}\n.wpcf7 .submitbutton {\n font-family: Arial;\n font-weight:bold;\n font-size: 14px;\n width: 110px;\n height: 40px;\n padding-top: 2px; \/*permet le centrage vertical*\/\n text-align: center;\n-webkit-appearance: none;\nbackground-color:rgb(208,0,16);\nborder-width:0px;\nborder-radius:4px;\ncolor:white;\n}\n\n.wpcf7 .submitbutton:hover {\nbackground-color:rgb(208,60,60);\n}\n<\/style>\n<div style=\"\">\n\t<div style=\"width:220px;float:left;\">\n\t\t<p>Pr\u00e9nom\n\t\t<\/p>\n\t<\/div>\n\t<div style=\"width:350px;float:left;\">\n\t<\/div>\n<\/div>\n<p><span class=\"wpcf7-form-control-wrap\" data-name=\"prenom\"><input size=\"160\" maxlength=\"400\" class=\"wpcf7-form-control wpcf7-text wpcf7-validates-as-required\" aria-required=\"true\" aria-invalid=\"false\" value=\"\" type=\"text\" name=\"prenom\" \/><\/span>\n<\/p>\n<div style=\"\">\n\t<div style=\"width:220px;float:left;\">\n\t\t<p>Nom\n\t\t<\/p>\n\t<\/div>\n\t<div style=\"width:350px;float:left;\">\n\t<\/div>\n<\/div>\n<p><span class=\"wpcf7-form-control-wrap\" data-name=\"nom\"><input size=\"160\" maxlength=\"400\" class=\"wpcf7-form-control wpcf7-text wpcf7-validates-as-required\" aria-required=\"true\" aria-invalid=\"false\" value=\"\" type=\"text\" name=\"nom\" \/><\/span>\n<\/p>\n<div style=\"\">\n\t<div style=\"width:220px;float:left;\">\n\t\t<p>Nom de votre soci\u00e9t\u00e9\n\t\t<\/p>\n\t<\/div>\n\t<div style=\"width:350px;float:left;\">\n\t<\/div>\n<\/div>\n<p><span class=\"wpcf7-form-control-wrap\" data-name=\"societe\"><input size=\"160\" maxlength=\"400\" class=\"wpcf7-form-control wpcf7-text wpcf7-validates-as-required\" aria-required=\"true\" aria-invalid=\"false\" value=\"\" type=\"text\" name=\"societe\" \/><\/span>\n<\/p>\n<div style=\"\">\n\t<div style=\"width:220px;float:left;\">\n\t\t<p>Poste\n\t\t<\/p>\n\t<\/div>\n\t<div style=\"width:350px;float:left;\">\n\t<\/div>\n<\/div>\n<p><span class=\"wpcf7-form-control-wrap\" data-name=\"jobtitle\"><input size=\"160\" maxlength=\"400\" class=\"wpcf7-form-control wpcf7-text wpcf7-validates-as-required\" aria-required=\"true\" aria-invalid=\"false\" value=\"\" type=\"text\" name=\"jobtitle\" \/><\/span>\n<\/p>\n<p>Email\n<\/p>\n<p><span class=\"wpcf7-form-control-wrap\" data-name=\"Email\"><input size=\"40\" maxlength=\"400\" class=\"wpcf7-form-control wpcf7-email wpcf7-validates-as-required wpcf7-text wpcf7-validates-as-email\" aria-required=\"true\" aria-invalid=\"false\" value=\"\" type=\"email\" name=\"Email\" \/><\/span>\n<\/p>\n<div style=\"\">\n\t<div style=\"width:220px;float:left;\">\n\t\t<p>Telephone\n\t\t<\/p>\n\t<\/div>\n\t<div style=\"width:350px;float:left;\">\n\t<\/div>\n<\/div>\n<p><span class=\"wpcf7-form-control-wrap\" data-name=\"phone\"><input size=\"160\" maxlength=\"400\" class=\"wpcf7-form-control wpcf7-text\" aria-invalid=\"false\" value=\"\" type=\"text\" name=\"phone\" \/><\/span>\n<\/p>\n<p><br \/>\nVous \u00eates int\u00e9ress\u00e9 par : <br \/>\n<span class=\"wpcf7-form-control-wrap\" data-name=\"checkbox-939\"><span class=\"wpcf7-form-control wpcf7-checkbox\"><span class=\"wpcf7-list-item first\"><input type=\"checkbox\" name=\"checkbox-939[]\" value=\"Energies renouvelables\" \/><span class=\"wpcf7-list-item-label\">Energies renouvelables<\/span><\/span><span class=\"wpcf7-list-item\"><input type=\"checkbox\" name=\"checkbox-939[]\" value=\"Off-grid projects\" \/><span class=\"wpcf7-list-item-label\">Off-grid projects<\/span><\/span><span class=\"wpcf7-list-item\"><input type=\"checkbox\" name=\"checkbox-939[]\" value=\"Wind energy\" \/><span class=\"wpcf7-list-item-label\">Wind energy<\/span><\/span><span class=\"wpcf7-list-item\"><input type=\"checkbox\" name=\"checkbox-939[]\" value=\"Atmospheric Sciences\" \/><span class=\"wpcf7-list-item-label\">Atmospheric Sciences<\/span><\/span><span class=\"wpcf7-list-item\"><input type=\"checkbox\" name=\"checkbox-939[]\" value=\"Defence &amp; Space\" \/><span class=\"wpcf7-list-item-label\">Defence &amp; Space<\/span><\/span><span class=\"wpcf7-list-item last\"><input type=\"checkbox\" name=\"checkbox-939[]\" value=\"Autre\" \/><span class=\"wpcf7-list-item-label\">Autre<\/span><\/span><\/span><\/span>\n<\/p>\n<p><br \/>\n<span class=\"wpcf7-form-control-wrap\" data-name=\"checkbox-254\"><span class=\"wpcf7-form-control wpcf7-checkbox\"><span class=\"wpcf7-list-item first last\"><input type=\"checkbox\" name=\"checkbox-254[]\" value=\"S&#039;inscrire \u00e0 la newsletter\" \/><span class=\"wpcf7-list-item-label\">S&#039;inscrire \u00e0 la newsletter<\/span><\/span><\/span><\/span>\n<\/p>\n<p><span class=\"wpcf7-form-control-wrap kc_captcha\" data-name=\"kc_captcha\"><span class=\"wpcf7-form-control wpcf7-radio\"><span class=\"captcha-image\" ><span class=\"cf7ic_instructions\">Veuillez prouver que vous \u00eates humain en s\u00e9lectionnant<span> la cl\u00e9<\/span>.<\/span><label><input aria-label=\"1\" type=\"radio\" name=\"kc_captcha\" value=\"bot\" \/><svg aria-hidden=\"true\" role=\"img\" xmlns=\"http:\/\/www.w3.org\/2000\/svg\" viewBox=\"0 0 576 512\"><path fill=\"currentColor\" d=\"M488 313v143c0 13-11 24-24 24H348c-7 0-12-5-12-12V356c0-7-5-12-12-12h-72c-7 0-12 5-12 12v112c0 7-5 12-12 12H112c-13 0-24-11-24-24V313c0-4 2-7 4-10l188-154c5-4 11-4 16 0l188 154c2 3 4 6 4 10zm84-61l-84-69V44c0-6-5-12-12-12h-56c-7 0-12 6-12 12v73l-89-74a48 48 0 00-61 0L4 252c-5 4-5 12-1 17l25 31c5 5 12 5 17 1l235-193c5-4 11-4 16 0l235 193c5 5 13 4 17-1l25-31c4-6 4-13-1-17z\"\/><\/svg><\/label><label><input aria-label=\"2\" type=\"radio\" name=\"kc_captcha\" value=\"bot\" \/><svg aria-hidden=\"true\" role=\"img\" xmlns=\"http:\/\/www.w3.org\/2000\/svg\" viewBox=\"0 0 576 512\"><path fill=\"currentColor\" d=\"M259 18l-65 132-146 22c-26 3-37 36-18 54l106 103-25 146c-5 26 23 46 46 33l131-68 131 68c23 13 51-7 46-33l-25-146 106-103c19-18 8-51-18-54l-146-22-65-132a32 32 0 00-58 0z\"\/><\/svg><\/label><label><input aria-label=\"3\" type=\"radio\" name=\"kc_captcha\" value=\"kc_human\" \/><svg aria-hidden=\"true\" role=\"img\" xmlns=\"http:\/\/www.w3.org\/2000\/svg\" viewBox=\"0 0 512 512\"><path fill=\"currentColor\" d=\"M512 176a176 176 0 01-209 173l-24 27a24 24 0 01-18 8h-37v40c0 13-11 24-24 24h-40v40c0 13-11 24-24 24H24c-13 0-24-11-24-24v-78c0-6 3-13 7-17l162-162a176 176 0 11343-55zm-176-48a48 48 0 1096 0 48 48 0 00-96 0z\"\/><\/svg><\/label>\r\n    <\/span>\r\n    <span style=\"display:none\">\r\n        <input type=\"text\" name=\"kc_honeypot\">\r\n    <\/span><\/span><\/span>\n<\/p>\n<p><input class=\"wpcf7-form-control wpcf7-submit has-spinner submitbutton\" type=\"submit\" value=\"Envoyer\" \/>\n<\/p><div class=\"fusion-alert alert custom alert-custom fusion-alert-center wpcf7-response-output awb-alert-native-link-color alert-dismissable awb-alert-close-boxed\" style=\"--awb-border-size:1px;--awb-border-top-left-radius:0px;--awb-border-top-right-radius:0px;--awb-border-bottom-left-radius:0px;--awb-border-bottom-right-radius:0px;\" role=\"alert\"><div class=\"fusion-alert-content-wrapper\"><span class=\"fusion-alert-content\"><\/span><\/div><button type=\"button\" class=\"close toggle-alert\" data-dismiss=\"alert\" aria-label=\"Close\">&times;<\/button><\/div>\n<\/form>\n<\/div>\n<\/div><\/div><\/div><\/div>\n","protected":false},"excerpt":{"rendered":"<p>Le march\u00e9 allemand a \u00e9t\u00e9 touch\u00e9 le 8 Mai 2016 par une p\u00e9n\u00e9tration exceptionnelle d\u2019\u00e9nergies renouvelables variables (solaire et \u00e9olienne) \u00e0 hauteur de 87% de la production \u00e9lectrique du pays, ce qui a provoqu\u00e9 l\u2019occurrence de prix n\u00e9gatifs d\u2019environ -144.78 \u20ac en moyenne sur le march\u00e9 spot tout au long de la journ\u00e9e. Cet \u00e9v\u00e9nement a \u00e9t\u00e9 engendr\u00e9 en grande partie par la qualit\u00e9 variable<\/p>\n","protected":false},"author":1,"featured_media":0,"parent":0,"menu_order":0,"comment_status":"open","ping_status":"closed","template":"","meta":{"content-type":"","footnotes":""},"class_list":["post-6275","page","type-page","status-publish","hentry"],"_links":{"self":[{"href":"https:\/\/reuniwatt.com\/fr\/wp-json\/wp\/v2\/pages\/6275","targetHints":{"allow":["GET"]}}],"collection":[{"href":"https:\/\/reuniwatt.com\/fr\/wp-json\/wp\/v2\/pages"}],"about":[{"href":"https:\/\/reuniwatt.com\/fr\/wp-json\/wp\/v2\/types\/page"}],"author":[{"embeddable":true,"href":"https:\/\/reuniwatt.com\/fr\/wp-json\/wp\/v2\/users\/1"}],"replies":[{"embeddable":true,"href":"https:\/\/reuniwatt.com\/fr\/wp-json\/wp\/v2\/comments?post=6275"}],"version-history":[{"count":10,"href":"https:\/\/reuniwatt.com\/fr\/wp-json\/wp\/v2\/pages\/6275\/revisions"}],"predecessor-version":[{"id":14135,"href":"https:\/\/reuniwatt.com\/fr\/wp-json\/wp\/v2\/pages\/6275\/revisions\/14135"}],"wp:attachment":[{"href":"https:\/\/reuniwatt.com\/fr\/wp-json\/wp\/v2\/media?parent=6275"}],"curies":[{"name":"wp","href":"https:\/\/api.w.org\/{rel}","templated":true}]}}