{"id":7009,"date":"2017-01-12T15:25:15","date_gmt":"2017-01-12T14:25:15","guid":{"rendered":"https:\/\/reuniwatt.com\/fr\/?page_id=7009"},"modified":"2022-05-31T14:38:16","modified_gmt":"2022-05-31T13:38:16","slug":"prevision-solaire-trading-energie","status":"publish","type":"page","link":"https:\/\/reuniwatt.com\/fr\/applications\/prevision-solaire-trading-energie\/","title":{"rendered":"Pr\u00e9vision solaire pour le trading d&rsquo;\u00e9nergie"},"content":{"rendered":"<p><!-- Hotjar Tracking Code for https:\/\/reuniwatt.com\/ --><br \/>\n<script>\n    (function(h,o,t,j,a,r){\n        h.hj=h.hj||function(){(h.hj.q=h.hj.q||<div class=\"fusion-fullwidth fullwidth-box fusion-builder-row-1 fusion-flex-container hundred-percent-fullwidth non-hundred-percent-height-scrolling\" style=\"--awb-border-radius-top-left:0px;--awb-border-radius-top-right:0px;--awb-border-radius-bottom-right:0px;--awb-border-radius-bottom-left:0px;--awb-overflow:visible;--awb-padding-right:30px;--awb-padding-left:30px;--awb-flex-wrap:wrap;\" ><div class=\"fusion-builder-row fusion-row fusion-flex-align-items-flex-start fusion-flex-content-wrap\" style=\"width:calc( 100% + 0px ) !important;max-width:calc( 100% + 0px ) !important;margin-left: calc(-0px \/ 2 );margin-right: calc(-0px \/ 2 );\"><div class=\"fusion-layout-column fusion_builder_column fusion-builder-column-0 fusion_builder_column_1_1 1_1 fusion-flex-column fusion-flex-align-self-flex-start fusion-column-no-min-height\" style=\"--awb-bg-size:cover;--awb-width-large:100%;--awb-margin-top-large:0px;--awb-spacing-right-large:0px;--awb-margin-bottom-large:0px;--awb-spacing-left-large:0px;--awb-width-medium:100%;--awb-spacing-right-medium:0px;--awb-spacing-left-medium:0px;--awb-width-small:100%;--awb-spacing-right-small:0px;--awb-spacing-left-small:0px;\"><div class=\"fusion-column-wrapper fusion-flex-justify-content-flex-start fusion-content-layout-column\">[]).push(arguments)};\n        h._hjSettings={hjid:1076904,hjsv:6};\n        a=o.getElementsByTagName('head')[0];\n        r=o.createElement('script');r.async=1;\n        r.src=t+h._hjSettings.hjid+j+h._hjSettings.hjsv;\n        a.appendChild(r);\n    })(window,document,'https:\/\/static.hotjar.com\/c\/hotjar-','.js?sv=');\n<\/script><\/p>\n<\/div><\/div><\/div><\/div><div class=\"fusion-fullwidth fullwidth-box fusion-builder-row-2 fusion-flex-container fusion-parallax-fixed nonhundred-percent-fullwidth non-hundred-percent-height-scrolling\" style=\"--awb-background-position:left center;--awb-border-radius-top-left:0px;--awb-border-radius-top-right:0px;--awb-border-radius-bottom-right:0px;--awb-border-radius-bottom-left:0px;--awb-padding-top:20px;--awb-padding-bottom:20px;--awb-background-image:url(&quot;https:\/\/reuniwatt.com\/fr\/wp-content\/uploads\/sites\/2\/2017\/01\/AdobeStock_15934345-e1483365503365.jpeg&quot;);--awb-background-size:cover;--awb-border-sizes-top:0px;--awb-border-sizes-bottom:0px;--awb-flex-wrap:wrap;background-attachment:fixed;\" ><div class=\"fusion-builder-row fusion-row fusion-flex-align-items-flex-start fusion-flex-content-wrap\" style=\"max-width:calc( 1100px + 0px );margin-left: calc(-0px \/ 2 );margin-right: calc(-0px \/ 2 );\">\n<div style=\"width: 45%; min-height: 100%; margin: 10%; background-color: rgba(255, 255, 255, 0.8);\">\n<div style=\"margin: 35px;\">\n<p>&nbsp;<\/p>\n<h2>La pr\u00e9vision solaire pour le trading d&rsquo;\u00e9nergie est un outil indispensable sur les march\u00e9s spot.<\/h2>\n<p style=\"color: black;\">L&rsquo;\u00e9quilibrage d&rsquo;un portefeuille d&rsquo;\u00e9nergie renouvelable et l&rsquo;optimisation de ses profits passe par la collecte et l&rsquo;analyse d&rsquo;un grand nombre de donn\u00e9es m\u00e9t\u00e9orologiques et march\u00e9, afin de pr\u00e9voir au plus juste la production du parc. Des tranches de puissance sont alors achet\u00e9es ou vendues pour coller au plus pr\u00e8s \u00e0 cette pr\u00e9vision.<br \/>\nLes pr\u00e9visions solaires infra-journali\u00e8res et au lendemain, sur un portefeuille ou pour un pays entier, sont ainsi un atout majeur pour le trading d&rsquo;\u00e9nergie.<\/p>\n<\/div>\n<p>&nbsp;<\/p>\n<\/div>\n<\/div><\/div><br \/>\n<div class=\"fusion-fullwidth fullwidth-box fusion-builder-row-3 fusion-flex-container nonhundred-percent-fullwidth non-hundred-percent-height-scrolling\" style=\"--awb-background-position:left top;--awb-border-color:#5b5b5b;--awb-border-style:dashed;--awb-border-radius-top-left:0px;--awb-border-radius-top-right:0px;--awb-border-radius-bottom-right:0px;--awb-border-radius-bottom-left:0px;--awb-padding-top:20px;--awb-padding-bottom:20px;--awb-background-color:#ffffff;--awb-border-sizes-top:0px;--awb-border-sizes-bottom:0px;--awb-flex-wrap:wrap;\" ><div class=\"fusion-builder-row fusion-row fusion-flex-align-items-flex-start fusion-flex-content-wrap\" style=\"max-width:calc( 1100px + 0px );margin-left: calc(-0px \/ 2 );margin-right: calc(-0px \/ 2 );\">\n<div class=\"fusion-layout-column fusion_builder_column fusion-builder-column-1 fusion_builder_column_1_1 1_1 fusion-flex-column fusion-flex-align-self-flex-start fusion-column-no-min-height\" style=\"--awb-bg-size:cover;--awb-width-large:100%;--awb-margin-top-large:0px;--awb-spacing-right-large:0px;--awb-margin-bottom-large:0px;--awb-spacing-left-large:0px;--awb-width-medium:100%;--awb-spacing-right-medium:0px;--awb-spacing-left-medium:0px;--awb-width-small:100%;--awb-spacing-right-small:0px;--awb-spacing-left-small:0px;\"><div class=\"fusion-column-wrapper fusion-flex-justify-content-flex-start fusion-content-layout-column\"><div class=\"fusion-flip-boxes flip-boxes row fusion-columns-3 flip-effect-classic\">\n<div class=\"fusion-flip-box-wrapper fusion-column col-lg-4 col-md-4 col-sm-4\"><div class=\"fusion-flip-box flip-right\" tabindex=\"0\"><div class=\"flip-box-inner-wrapper\"><div class=\"flip-box-front\" style=\"--awb-border-size:1px;--awb-border-radius:4px;\"><div class=\"flip-box-front-inner\"><div class=\"flip-box-grafix flip-box-circle\"><i aria-hidden=\"true\" class=\" fa fa-gavel\"><\/i><\/div><h2 class=\"flip-box-heading without-text\">Optimiser les ench\u00e8res sur les diff\u00e9rents march\u00e9s<\/h2><\/div><\/div><div class=\"flip-box-back\" style=\"--awb-border-size:1px;--awb-border-radius:4px;--awb-background-color-back:#d10010;\"><div class=\"flip-box-back-inner\"><h3 class=\"flip-box-heading-back\">Optimiser les ench\u00e8res sur les diff\u00e9rents march\u00e9s<\/h3>Reuniwatt a d\u00e9velopp\u00e9 en collaboration avec ses clients des solutions robustes et adapt\u00e9es aux march\u00e9s de l&rsquo;\u00e9lectricit\u00e9 afin de\u00a0fournir de la pr\u00e9vision solaire pour le trading d&rsquo;\u00e9nergie, sur les march\u00e9s infrajournalier et au lendemain.<\/div><\/div><\/div><\/div><\/div>\n<div class=\"fusion-flip-box-wrapper fusion-column col-lg-4 col-md-4 col-sm-4\"><div class=\"fusion-flip-box flip-right\" tabindex=\"0\"><div class=\"flip-box-inner-wrapper\"><div class=\"flip-box-front\" style=\"--awb-border-size:1px;--awb-border-radius:4px;\"><div class=\"flip-box-front-inner\"><div class=\"flip-box-grafix flip-box-circle\"><i aria-hidden=\"true\" class=\" fa fa-sort-amount-desc\"><\/i><\/div><h2 class=\"flip-box-heading without-text\">R\u00e9duire les co\u00fbts d'\u00e9quilibrage d'un portefeuille<\/h2><\/div><\/div><div class=\"flip-box-back\" style=\"--awb-border-size:1px;--awb-border-radius:4px;--awb-background-color-back:#d10010;\"><div class=\"flip-box-back-inner\"><h3 class=\"flip-box-heading-back\">R\u00e9duire les co\u00fbts d'\u00e9quilibrage d'un portefeuille<\/h3>L&rsquo;utilisation de la pr\u00e9vision solaire pour le trading d&rsquo;\u00e9nergie\u00a0permet d&rsquo;affiner la prise d&rsquo;ench\u00e8res pour la gestion d&rsquo;un portefeuille. Ainsi, le besoin en puissance d&rsquo;\u00e9quilibrage, tr\u00e8s co\u00fbteuse, fournie par le gestionnaire de r\u00e9seau, est r\u00e9duit.<\/div><\/div><\/div><\/div><\/div>\n<div class=\"fusion-flip-box-wrapper fusion-column col-lg-4 col-md-4 col-sm-4\"><div class=\"fusion-flip-box flip-right\" tabindex=\"0\"><div class=\"flip-box-inner-wrapper\"><div class=\"flip-box-front\" style=\"--awb-border-size:1px;--awb-border-radius:4px;\"><div class=\"flip-box-front-inner\"><div class=\"flip-box-grafix flip-box-circle\"><i aria-hidden=\"true\" class=\" fa fa-flash\"><\/i><\/div><h2 class=\"flip-box-heading without-text\">Anticiper les prix spot de l'\u00e9lectricit\u00e9<\/h2><\/div><\/div><div class=\"flip-box-back\" style=\"--awb-border-size:1px;--awb-border-radius:4px;--awb-background-color-back:#d10010;\"><div class=\"flip-box-back-inner\"><h3 class=\"flip-box-heading-back\">Anticiper les prix spot de l'\u00e9lectricit\u00e9<\/h3>Les pr\u00e9visions de la production solaire sur des pays entiers ou des zones permettent d&rsquo;anticiper l&rsquo;impact des renouvelables soumis \u00e0 l&rsquo;al\u00e9a m\u00e9t\u00e9orologique sur le prix spot de l&rsquo;\u00e9lectricit\u00e9. Pour en savoir plus, <a style=\"color: white; text-decoration: underline;\" href=\"https:\/\/reuniwatt.com\/fr\/2016\/08\/10\/etude-de-cas-la-prevision-pour-laugmentation-de-la-flexibilite-du-reseau\/\"><br \/>\nt\u00e9l\u00e9chargez notre \u00e9tude de cas<\/a>.<\/div><\/div><\/div><\/div><\/div>\n<\/div>\n<h2><strong>Technologies<\/strong><\/h2>\n<h3>Gr\u00e2ce \u00e0 Reuniwatt, profitez en toute simplicit\u00e9 des technologies les plus performantes pour pr\u00e9voir la production solaire. Am\u00e9liorez la rentabilit\u00e9 de votre activit\u00e9 de trading :<\/h3>\n<div style=\"width: 80%; margin-left: 10%;\"><\/div><\/div><div class=\"fusion-layout-column fusion_builder_column fusion-builder-column-2 fusion_builder_column_1_1 1_1 fusion-flex-column fusion-flex-align-self-flex-start fusion-column-no-min-height\" style=\"--awb-bg-size:cover;--awb-width-large:100%;--awb-margin-top-large:0px;--awb-spacing-right-large:0px;--awb-margin-bottom-large:0px;--awb-spacing-left-large:0px;--awb-width-medium:100%;--awb-spacing-right-medium:0px;--awb-spacing-left-medium:0px;--awb-width-small:100%;--awb-spacing-right-small:0px;--awb-spacing-left-small:0px;\"><div class=\"fusion-column-wrapper fusion-flex-justify-content-flex-start fusion-content-layout-column\"><ul style=\"--awb-size:13px;--awb-iconcolor:#ffffff;--awb-line-height:22.1px;--awb-icon-width:22.1px;--awb-icon-height:22.1px;--awb-icon-margin:9.1px;--awb-content-margin:31.2px;--awb-circlecolor:#cc0000;--awb-circle-yes-font-size:11.44px;\" class=\"fusion-checklist fusion-checklist-1 fusion-checklist-default type-icons\"><div class=\"fusion-separator fusion-full-width-sep\" style=\"align-self: center;margin-left: auto;margin-right: auto;margin-top:5px;margin-bottom:20px;width:100%;\"><div class=\"fusion-separator-border sep-single sep-solid\" style=\"--awb-height:20px;--awb-amount:20px;border-color:#e0dede;border-top-width:1px;\"><\/div><\/div>\n<li class=\"fusion-li-item\" style=\"\"><span class=\"icon-wrapper circle-yes\"><i class=\"fusion-li-icon fa fa-check\" aria-hidden=\"true\"><\/i><\/span><div class=\"fusion-li-item-content\"><b>HourCast&trade;\u00a0<\/b>: En acc\u00e9dant en temps r\u00e9el aux images des satellites m\u00e9t\u00e9orologiques, Reuniwatt est capable de pr\u00e9voir la production solaire pour le restant de la journ\u00e9e, avec des mises \u00e0 jour fr\u00e9quentes. Cette technologie bas\u00e9e sur le traitement d&rsquo;images est propos\u00e9e pour la pr\u00e9vision par pays et par portefeuille. Elle\u00a0permet ainsi d&rsquo;apporter une pr\u00e9cision suppl\u00e9mentaire par rapport aux pr\u00e9visions au lendemain.\u00a0<a href=\"https:\/\/reuniwatt.com\/fr\/previsions-infra-journalieres-satellite\/\" target=\"_blank\" rel=\"noopener noreferrer\"><strong>Plus d&rsquo;info<\/strong><\/a><\/div><\/li><div class=\"fusion-separator fusion-full-width-sep\" style=\"align-self: center;margin-left: auto;margin-right: auto;margin-top:5px;margin-bottom:20px;width:100%;\"><div class=\"fusion-separator-border sep-single sep-solid\" style=\"--awb-height:20px;--awb-amount:20px;border-color:#e0dede;border-top-width:1px;\"><\/div><\/div><li class=\"fusion-li-item\" style=\"\"><span class=\"icon-wrapper circle-yes\"><i class=\"fusion-li-icon fa fa-check\" aria-hidden=\"true\"><\/i><\/span><div class=\"fusion-li-item-content\"><b>DayCast&trade;\u00a0<\/b>: Bas\u00e9e sur la combinaison d&rsquo;un grand nombre de donn\u00e9es m\u00e9t\u00e9o, DayCast&trade; est la m\u00e9thode de pr\u00e9vision la plus performante pour les pr\u00e9visions au lendemain et jusqu&rsquo;\u00e0 sept jours \u00e0 l&rsquo;avance. <strong><a href=\"https:\/\/reuniwatt.com\/fr\/previsions-solaires-au-lendemain-daycast\/\" target=\"_blank\" rel=\"noopener noreferrer\">Plus d&rsquo;info<\/a><\/strong><\/div><\/li><div class=\"fusion-separator fusion-full-width-sep\" style=\"align-self: center;margin-left: auto;margin-right: auto;margin-top:5px;margin-bottom:20px;width:100%;\"><div class=\"fusion-separator-border sep-single sep-solid\" style=\"--awb-height:20px;--awb-amount:20px;border-color:#e0dede;border-top-width:1px;\"><\/div><\/div><\/div>\n<\/ul><\/div><\/div><\/div><\/div><br \/>\n<div class=\"fusion-fullwidth fullwidth-box fusion-builder-row-4 fusion-flex-container fusion-parallax-fixed nonhundred-percent-fullwidth non-hundred-percent-height-scrolling\" style=\"--awb-background-position:left center;--awb-background-blend-mode:overlay;--awb-border-radius-top-left:0px;--awb-border-radius-top-right:0px;--awb-border-radius-bottom-right:0px;--awb-border-radius-bottom-left:0px;--awb-background-color:rgba(255,255,255,0.9);--awb-background-image:url(&quot;https:\/\/reuniwatt.com\/fr\/wp-content\/uploads\/sites\/2\/2017\/01\/pexels-photo-198030.jpeg&quot;);--awb-background-size:cover;--awb-border-sizes-top:0px;--awb-border-sizes-bottom:0px;--awb-flex-wrap:wrap;background-attachment:fixed;\" ><div class=\"fusion-builder-row fusion-row fusion-flex-align-items-flex-start fusion-flex-content-wrap\" style=\"max-width:1144px;margin-left: calc(-4% \/ 2 );margin-right: calc(-4% \/ 2 );\">\n&nbsp;<\/p>\n<h2 id=\"produits\"><strong>Produits<\/strong><\/h2>\n<div class=\"fusion-layout-column fusion_builder_column fusion-builder-column-3 fusion_builder_column_1_2 1_2 fusion-flex-column fusion-column-inner-bg-wrapper\" style=\"--awb-padding-top:20px;--awb-padding-right:20px;--awb-padding-bottom:20px;--awb-padding-left:20px;--awb-inner-bg-color:rgba(255, 255, 255, 0.8);--awb-inner-bg-color-hover:rgba(255, 255, 255, 0.8);--awb-inner-bg-position:center center;--awb-inner-bg-size:cover;--awb-width-large:50%;--awb-margin-top-large:0px;--awb-spacing-right-large:3.84%;--awb-margin-bottom-large:20px;--awb-spacing-left-large:3.84%;--awb-width-medium:50%;--awb-spacing-right-medium:3.84%;--awb-spacing-left-medium:3.84%;--awb-width-small:100%;--awb-spacing-right-small:1.92%;--awb-spacing-left-small:1.92%;\"><span class=\"fusion-column-inner-bg hover-type-zoomin\"><span class=\"fusion-column-anchor\"><span class=\"fusion-column-inner-bg-image\"><\/span><\/span><\/span><div class=\"fusion-column-wrapper fusion-flex-justify-content-flex-start fusion-content-layout-column\">\n<h2 style=\"text-align: center;\">Country Forecasts<\/h2>\n<p>Le produit Country Forecasts offre une\u00a0pr\u00e9vision de l&rsquo;ensemble\u00a0de la production photovolta\u00efque d&rsquo;un pays ou de la zone de contr\u00f4le d&rsquo;un GRT\u00a0(gestionnaire de r\u00e9seau de transport), et int\u00e8gre les technologies HourCast&trade; et\/ou DayCast&trade;. Country Forecasts est particuli\u00e8rement utile pour l&rsquo;anticipation des prix spots de l&rsquo;\u00e9lectricit\u00e9.<\/p>\n<p><img decoding=\"async\" src=\"https:\/\/reuniwatt.com\/fr\/wp-content\/uploads\/sites\/2\/2017\/01\/country-1024x506.png\" alt=\"country solar forecasting\" width=\"\" height=\"\" class=\"aligncenter size-large wp-image-7303\" srcset=\"https:\/\/reuniwatt.com\/fr\/wp-content\/uploads\/sites\/2\/2017\/01\/country-300x148.png 300w, https:\/\/reuniwatt.com\/fr\/wp-content\/uploads\/sites\/2\/2017\/01\/country-768x379.png 768w, https:\/\/reuniwatt.com\/fr\/wp-content\/uploads\/sites\/2\/2017\/01\/country-1024x506.png 1024w, https:\/\/reuniwatt.com\/fr\/wp-content\/uploads\/sites\/2\/2017\/01\/country.png 1482w\" sizes=\"(max-width: 1024px) 100vw, 1024px\" \/><\/div><\/div>\n<div class=\"fusion-layout-column fusion_builder_column fusion-builder-column-4 fusion_builder_column_1_2 1_2 fusion-flex-column fusion-column-inner-bg-wrapper\" style=\"--awb-padding-top:20px;--awb-padding-right:20px;--awb-padding-bottom:20px;--awb-padding-left:20px;--awb-inner-bg-color:rgba(255, 255, 255, 0.8);--awb-inner-bg-color-hover:rgba(255, 255, 255, 0.8);--awb-inner-bg-position:center center;--awb-inner-bg-size:cover;--awb-width-large:50%;--awb-margin-top-large:0px;--awb-spacing-right-large:3.84%;--awb-margin-bottom-large:20px;--awb-spacing-left-large:3.84%;--awb-width-medium:50%;--awb-spacing-right-medium:3.84%;--awb-spacing-left-medium:3.84%;--awb-width-small:100%;--awb-spacing-right-small:1.92%;--awb-spacing-left-small:1.92%;\"><span class=\"fusion-column-inner-bg hover-type-zoomin\"><span class=\"fusion-column-anchor\"><span class=\"fusion-column-inner-bg-image\"><\/span><\/span><\/span><div class=\"fusion-column-wrapper fusion-flex-justify-content-flex-start fusion-content-layout-column\">\n<h2 style=\"text-align: center;\">Portfolio Forecasts<\/h2>\n<p>Le produit Portfolio Forecasts, enti\u00e8rement personnalis\u00e9, comprend la pr\u00e9vision de la production d&rsquo;un portefeuille de centrales, dans les prochaines heures et les prochains jours, gr\u00e2ce \u00e0 l&rsquo;utilisation des technologies HourCast&trade; et\/ou DayCast&trade;. Ce produit est indispensable \u00e0 la gestion de la vente directe de la production d&rsquo;un portefeuille renouvelable.<\/p>\n<p><img decoding=\"async\" src=\"https:\/\/reuniwatt.com\/fr\/wp-content\/uploads\/sites\/2\/2017\/01\/portfolio.png\" alt=\"country solar forecasting\" width=\"\" height=\"\" class=\"aligncenter size-large wp-image-7303\"\/><\/div><\/div>\n<h2 style=\"text-align: center;\"><div class=\"fusion-layout-column fusion_builder_column fusion-builder-column-5 fusion_builder_column_1_1 1_1 fusion-flex-column fusion-flex-align-self-flex-start fusion-column-no-min-height\" style=\"--awb-bg-size:cover;--awb-width-large:100%;--awb-margin-top-large:0px;--awb-spacing-right-large:1.92%;--awb-margin-bottom-large:0px;--awb-spacing-left-large:1.92%;--awb-width-medium:100%;--awb-spacing-right-medium:1.92%;--awb-spacing-left-medium:1.92%;--awb-width-small:100%;--awb-spacing-right-small:1.92%;--awb-spacing-left-small:1.92%;\"><div class=\"fusion-column-wrapper fusion-flex-justify-content-flex-start fusion-content-layout-column\"><div style=\"text-align:center;\"><a class=\"fusion-button button-flat button-large button-custom fusion-button-default button-1 fusion-button-default-span fusion-button-default-type\" style=\"--button_accent_color:#cc0000;--button_accent_hover_color:#cc3939;--button_border_hover_color:#cc3939;--button_border_width-top:2px;--button_border_width-right:2px;--button_border_width-bottom:2px;--button_border_width-left:2px;--button_gradient_top_color:#ffffff;--button_gradient_bottom_color:#ffffff;--button_gradient_top_color_hover:#fafafa;--button_gradient_bottom_color_hover:#fafafa;\" target=\"_self\" href=\"https:\/\/reuniwatt.com\/fr\/formulaire-de-contact\/\"><span class=\"fusion-button-text awb-button__text awb-button__text--default\">Plus d&rsquo;infos<\/span><\/a><\/div>\n<\/div><\/div><\/div><\/div><br \/>\n&nbsp;<br \/>\n<div class=\"fusion-fullwidth fullwidth-box fusion-builder-row-5 fusion-flex-container nonhundred-percent-fullwidth non-hundred-percent-height-scrolling\" style=\"--awb-background-position:left top;--awb-border-color:#5b5b5b;--awb-border-style:dashed;--awb-border-radius-top-left:0px;--awb-border-radius-top-right:0px;--awb-border-radius-bottom-right:0px;--awb-border-radius-bottom-left:0px;--awb-padding-top:20px;--awb-padding-bottom:20px;--awb-background-color:#ffffff;--awb-border-sizes-top:0px;--awb-border-sizes-bottom:0px;--awb-flex-wrap:wrap;\" ><div class=\"fusion-builder-row fusion-row fusion-flex-align-items-flex-start fusion-flex-content-wrap\" style=\"max-width:1144px;margin-left: calc(-4% \/ 2 );margin-right: calc(-4% \/ 2 );\">\n<h2><strong>A d\u00e9couvrir \u00e9galement<\/strong><\/h2>\n<div class=\"fusion-layout-column fusion_builder_column fusion-builder-column-6 fusion_builder_column_1_3 1_3 fusion-flex-column\" style=\"--awb-bg-size:cover;--awb-width-large:33.333333333333%;--awb-margin-top-large:0px;--awb-spacing-right-large:3.8399999999999%;--awb-margin-bottom-large:20px;--awb-spacing-left-large:5.76%;--awb-width-medium:33.333333333333%;--awb-spacing-right-medium:3.8399999999999%;--awb-spacing-left-medium:5.76%;--awb-width-small:100%;--awb-spacing-right-small:1.92%;--awb-spacing-left-small:1.92%;\"><div class=\"fusion-column-wrapper fusion-flex-justify-content-flex-start fusion-content-layout-column\"><div class=\"fusion-image-element \" style=\"text-align:center;--awb-caption-title-font-family:var(--h2_typography-font-family);--awb-caption-title-font-weight:var(--h2_typography-font-weight);--awb-caption-title-font-style:var(--h2_typography-font-style);--awb-caption-title-size:var(--h2_typography-font-size);--awb-caption-title-transform:var(--h2_typography-text-transform);--awb-caption-title-line-height:var(--h2_typography-line-height);--awb-caption-title-letter-spacing:var(--h2_typography-letter-spacing);\"><span class=\" fusion-imageframe imageframe-none imageframe-1 hover-type-none fusion-animated\" data-animationType=\"FadeInUp\" data-animationDuration=\"1\" data-animationOffset=\"top-into-view\"><a class=\"fusion-no-lightbox\" href=\"https:\/\/reuniwatt.com\/fr\/outils-meteo-portefeuilles-centrales-solaires\" target=\"_self\" aria-label=\"Aerial view of solar power plant\"><img decoding=\"async\" width=\"1200\" height=\"800\" src=\"https:\/\/reuniwatt.com\/fr\/wp-content\/uploads\/sites\/2\/2016\/12\/AdobeStock_88719235-e1483090252448.jpeg\" alt class=\"img-responsive wp-image-6936\"\/><\/a><\/span><\/div>\n<h4 style=\"text-align: center;\">Outils m\u00e9t\u00e9o pour la gestion de portefeuilles de centrales solaires<\/h4>\n<\/div><\/div>\n<div class=\"fusion-layout-column fusion_builder_column fusion-builder-column-7 fusion_builder_column_1_3 1_3 fusion-flex-column\" style=\"--awb-bg-size:cover;--awb-width-large:33.333333333333%;--awb-margin-top-large:0px;--awb-spacing-right-large:5.76%;--awb-margin-bottom-large:20px;--awb-spacing-left-large:3.8399999999999%;--awb-width-medium:33.333333333333%;--awb-spacing-right-medium:5.76%;--awb-spacing-left-medium:3.8399999999999%;--awb-width-small:100%;--awb-spacing-right-small:1.92%;--awb-spacing-left-small:1.92%;\"><div class=\"fusion-column-wrapper fusion-flex-justify-content-flex-start fusion-content-layout-column\"><div class=\"fusion-image-element \" style=\"text-align:center;--awb-caption-title-font-family:var(--h2_typography-font-family);--awb-caption-title-font-weight:var(--h2_typography-font-weight);--awb-caption-title-font-style:var(--h2_typography-font-style);--awb-caption-title-size:var(--h2_typography-font-size);--awb-caption-title-transform:var(--h2_typography-text-transform);--awb-caption-title-line-height:var(--h2_typography-line-height);--awb-caption-title-letter-spacing:var(--h2_typography-letter-spacing);\"><span class=\" fusion-imageframe imageframe-none imageframe-2 hover-type-none fusion-animated\" data-animationType=\"FadeInUp\" data-animationDuration=\"1\" data-animationOffset=\"top-into-view\"><a class=\"fusion-no-lightbox\" href=\"https:\/\/reuniwatt.com\/fr\/prevision-solaire-gestion-reseau-electrique\" target=\"_self\" aria-label=\"energy and high voltage powerline\"><img decoding=\"async\" width=\"1200\" height=\"798\" src=\"https:\/\/reuniwatt.com\/fr\/wp-content\/uploads\/sites\/2\/2016\/12\/AdobeStock_41114921-e1483090191664.jpeg\" alt class=\"img-responsive wp-image-6934\"\/><\/a><\/span><\/div>\n<h4 style=\"text-align: center;\">Pr\u00e9vision solaire pour la gestion du r\u00e9seau \u00e9lectrique<\/h4>\n<\/div><\/div>\n<p>&nbsp;<\/div><\/div><\/p>\n","protected":false},"excerpt":{"rendered":"<p>(function(h,o,t,j,a,r){ h.hj=h.hj||function(){(h.hj.q=h.hj.q|| &nbsp;<\/p>\n","protected":false},"author":1,"featured_media":0,"parent":11298,"menu_order":0,"comment_status":"closed","ping_status":"closed","template":"100-width.php","meta":{"content-type":"","footnotes":""},"class_list":["post-7009","page","type-page","status-publish","hentry"],"_links":{"self":[{"href":"https:\/\/reuniwatt.com\/fr\/wp-json\/wp\/v2\/pages\/7009","targetHints":{"allow":["GET"]}}],"collection":[{"href":"https:\/\/reuniwatt.com\/fr\/wp-json\/wp\/v2\/pages"}],"about":[{"href":"https:\/\/reuniwatt.com\/fr\/wp-json\/wp\/v2\/types\/page"}],"author":[{"embeddable":true,"href":"https:\/\/reuniwatt.com\/fr\/wp-json\/wp\/v2\/users\/1"}],"replies":[{"embeddable":true,"href":"https:\/\/reuniwatt.com\/fr\/wp-json\/wp\/v2\/comments?post=7009"}],"version-history":[{"count":11,"href":"https:\/\/reuniwatt.com\/fr\/wp-json\/wp\/v2\/pages\/7009\/revisions"}],"predecessor-version":[{"id":13098,"href":"https:\/\/reuniwatt.com\/fr\/wp-json\/wp\/v2\/pages\/7009\/revisions\/13098"}],"up":[{"embeddable":true,"href":"https:\/\/reuniwatt.com\/fr\/wp-json\/wp\/v2\/pages\/11298"}],"wp:attachment":[{"href":"https:\/\/reuniwatt.com\/fr\/wp-json\/wp\/v2\/media?parent=7009"}],"curies":[{"name":"wp","href":"https:\/\/api.w.org\/{rel}","templated":true}]}}